{"id":7786,"date":"2023-06-07T07:47:48","date_gmt":"2023-06-07T07:47:48","guid":{"rendered":"https:\/\/biankatour.com\/?post_type=product&#038;p=7786"},"modified":"2025-09-03T19:11:46","modified_gmt":"2025-09-03T19:11:46","slug":"orange-bay-island","status":"publish","type":"product","link":"https:\/\/biankatour.com\/ro\/produs\/orange-bay-island\/","title":{"rendered":"Insula Orange Bay"},"content":{"rendered":"<div class=\"elementor-element elementor-element-874f5e4 elementor-widget elementor-widget-heading\" data-id=\"874f5e4\" data-element_type=\"widget\" data-widget_type=\"heading.default\">\n<div class=\"elementor-widget-container\">\n<h3 class=\"elementor-heading-title elementor-size-default\">Descrierea turului<\/h3>\n<\/div>\n<\/div>\n<div class=\"elementor-element elementor-element-6aaa7b1 elementor-widget elementor-widget-babe-item-content\" data-id=\"6aaa7b1\" data-element_type=\"widget\" data-widget_type=\"babe-item-content.default\">\n<div class=\"elementor-widget-container\">\n<div class=\"elementor-widget-inner\">\n<div class=\"triply-single-content\">\n<div class=\"\">\n<div><strong>Pleac\u0103 \u00een apele M\u0103rii Ro\u0219ii \u00eentr-un tur de snorkeling de o zi \u00eentreag\u0103 de la hotelul t\u0103u din Hurghada. Vei c\u0103l\u0103tori cu barca spre Insula Orange Bay, bucur\u00e2ndu-te de dou\u0103 opriri separate pentru a face snorkeling cu via\u021ba marin\u0103 (ghid \u0219i echipament incluse), plus plimb\u0103ri cu o barc\u0103 banan\u0103 \u0219i un tub de remorcare. Pr\u00e2nzul este asigurat la bord, dar taxele de intrare la parcul na\u021bional sunt pe cheltuiala ta.<\/strong><\/div>\n<\/div>\n<ul class=\"featureList__DsWN\">\n<li class=\"feature__W54X\">\n<div><\/div>\n<div>\n<div class=\"\"><strong>Petrece\u021bi o zi relaxant\u0103 la Marea Ro\u0219ie, cu pr\u00e2nzul pe barc\u0103<\/strong><\/div>\n<\/div>\n<\/li>\n<li class=\"feature__W54X\">\n<div><\/div>\n<div>\n<div class=\"\"><strong>Experimenta\u021bi \u0219i Insula Orange Bay cu dou\u0103 aventuri palpitante legate de sporturile nautice<\/strong><\/div>\n<\/div>\n<\/li>\n<li class=\"feature__W54X\">\n<div><\/div>\n<div>\n<div class=\"\"><strong>Transferuri dus-\u00eentors f\u0103r\u0103 probleme oferite de la hotelurile din Hurghada<\/strong><\/div>\n<\/div>\n<\/li>\n<li class=\"feature__W54X\">\n<div><\/div>\n<div>\n<div class=\"\"><strong>Face\u021bi snorkeling \u00een dou\u0103 loca\u021bii diferite, cu un ghid care v\u0103 va ajuta s\u0103 observa\u021bi animalele s\u0103lbatice \u0219i s\u0103 le oferi\u021bi asisten\u021b\u0103.<\/strong><\/div>\n<\/div>\n<\/li>\n<\/ul>\n<\/div>\n<\/div>\n<\/div>\n<\/div>","protected":false},"excerpt":{"rendered":"<p>Tour Description Head out to the waters of the Red Sea on a full-day snorkeling tour from your Hurghada hotel. You\u2019ll travel by boat to Orange Bay Island, enjoying two separate stops to snorkel with marine life (guide and equipment included) plus rides on a banana boat and a tow tube. Lunch is provided on board, but national park admission fees are at your own expense. Spend a relaxing day on the Red Sea, with lunch on your boat Experience Orange Bay Island with two thrilling water sport adventures too Hassle-free 2-way transfers provided from Hurghada hotels Snorkel two different locations, with a guide to spot wildlife and assist<\/p>","protected":false},"featured_media":9954,"comment_status":"open","ping_status":"closed","template":"","meta":[],"product_brand":[],"product_cat":[43,28],"product_tag":[41,45],"class_list":{"0":"post-7786","1":"product","2":"type-product","3":"status-publish","4":"has-post-thumbnail","6":"product_cat-hurghada","7":"product_cat-sea-excursion","8":"product_tag-shoe","9":"product_tag-sports","11":"first","12":"instock","13":"shipping-taxable","14":"purchasable","15":"product-type-ovabrw_car_rental"},"acf":[],"_links":{"self":[{"href":"https:\/\/biankatour.com\/ro\/wp-json\/wp\/v2\/product\/7786","targetHints":{"allow":["GET"]}}],"collection":[{"href":"https:\/\/biankatour.com\/ro\/wp-json\/wp\/v2\/product"}],"about":[{"href":"https:\/\/biankatour.com\/ro\/wp-json\/wp\/v2\/types\/product"}],"replies":[{"embeddable":true,"href":"https:\/\/biankatour.com\/ro\/wp-json\/wp\/v2\/comments?post=7786"}],"wp:featuredmedia":[{"embeddable":true,"href":"https:\/\/biankatour.com\/ro\/wp-json\/wp\/v2\/media\/9954"}],"wp:attachment":[{"href":"https:\/\/biankatour.com\/ro\/wp-json\/wp\/v2\/media?parent=7786"}],"wp:term":[{"taxonomy":"product_brand","embeddable":true,"href":"https:\/\/biankatour.com\/ro\/wp-json\/wp\/v2\/product_brand?post=7786"},{"taxonomy":"product_cat","embeddable":true,"href":"https:\/\/biankatour.com\/ro\/wp-json\/wp\/v2\/product_cat?post=7786"},{"taxonomy":"product_tag","embeddable":true,"href":"https:\/\/biankatour.com\/ro\/wp-json\/wp\/v2\/product_tag?post=7786"}],"curies":[{"name":"wp","href":"https:\/\/api.w.org\/{rel}","templated":true}]}}