{"id":7783,"date":"2023-06-07T07:40:10","date_gmt":"2023-06-07T07:40:10","guid":{"rendered":"https:\/\/biankatour.com\/?post_type=product&#038;p=7783"},"modified":"2025-09-03T19:11:05","modified_gmt":"2025-09-03T19:11:05","slug":"3-hours-panorama-semi-submarine-snorkeling-sea-trip-hurghada","status":"publish","type":"product","link":"https:\/\/biankatour.com\/ro\/produs\/3-hours-panorama-semi-submarine-snorkeling-sea-trip-hurghada\/","title":{"rendered":"Excursie panoramic\u0103 de 3 ore cu snorkeling pe semi-submarin \u00een Hurghada"},"content":{"rendered":"<div class=\"elementor-element elementor-element-874f5e4 elementor-widget elementor-widget-heading\" data-id=\"874f5e4\" data-element_type=\"widget\" data-widget_type=\"heading.default\">\n<div class=\"elementor-widget-container\">\n<h3 class=\"elementor-heading-title elementor-size-default\">Descrierea turului<\/h3>\n<\/div>\n<\/div>\n<div class=\"elementor-element elementor-element-6aaa7b1 elementor-widget elementor-widget-babe-item-content\" data-id=\"6aaa7b1\" data-element_type=\"widget\" data-widget_type=\"babe-item-content.default\">\n<div class=\"elementor-widget-container\">\n<div class=\"elementor-widget-inner\">\n<div class=\"triply-single-content\">\n<div class=\"overviewWrapper__KS_5\" data-automation=\"product_overview\">\n<div class=\"\">\n<div><strong>Cufund\u0103-te \u00een lumea subacvatic\u0103 fascinant\u0103 a M\u0103rii Ro\u0219ii \u00eentr-o excursie de 2 ore din Hurghada cu un semi-submarin. Urc\u0103-te la bordul ambarca\u021biunii, cu vederi panoramice fantastice asupra pe\u0219tilor colora\u021bi, recifelor \u0219i coralilor.<\/strong><\/div>\n<\/div>\n<\/div>\n<\/div>\n<\/div>\n<\/div>\n<\/div>","protected":false},"excerpt":{"rendered":"<p>Tour Description Immerse yourself in the fascinating underwater world of the Red Sea on a 2 hours trip from Hurghada by semi-submarine. Climb aboard the boat with fantastic panoramic views of the colorful fish, reefs and corals.<\/p>","protected":false},"featured_media":9463,"comment_status":"open","ping_status":"closed","template":"","meta":[],"product_brand":[],"product_cat":[43,28],"product_tag":[41,45],"class_list":{"0":"post-7783","1":"product","2":"type-product","3":"status-publish","4":"has-post-thumbnail","6":"product_cat-hurghada","7":"product_cat-sea-excursion","8":"product_tag-shoe","9":"product_tag-sports","11":"first","12":"instock","13":"shipping-taxable","14":"purchasable","15":"product-type-ovabrw_car_rental"},"acf":[],"_links":{"self":[{"href":"https:\/\/biankatour.com\/ro\/wp-json\/wp\/v2\/product\/7783","targetHints":{"allow":["GET"]}}],"collection":[{"href":"https:\/\/biankatour.com\/ro\/wp-json\/wp\/v2\/product"}],"about":[{"href":"https:\/\/biankatour.com\/ro\/wp-json\/wp\/v2\/types\/product"}],"replies":[{"embeddable":true,"href":"https:\/\/biankatour.com\/ro\/wp-json\/wp\/v2\/comments?post=7783"}],"wp:featuredmedia":[{"embeddable":true,"href":"https:\/\/biankatour.com\/ro\/wp-json\/wp\/v2\/media\/9463"}],"wp:attachment":[{"href":"https:\/\/biankatour.com\/ro\/wp-json\/wp\/v2\/media?parent=7783"}],"wp:term":[{"taxonomy":"product_brand","embeddable":true,"href":"https:\/\/biankatour.com\/ro\/wp-json\/wp\/v2\/product_brand?post=7783"},{"taxonomy":"product_cat","embeddable":true,"href":"https:\/\/biankatour.com\/ro\/wp-json\/wp\/v2\/product_cat?post=7783"},{"taxonomy":"product_tag","embeddable":true,"href":"https:\/\/biankatour.com\/ro\/wp-json\/wp\/v2\/product_tag?post=7783"}],"curies":[{"name":"wp","href":"https:\/\/api.w.org\/{rel}","templated":true}]}}