{"id":7764,"date":"2023-06-07T03:06:59","date_gmt":"2023-06-07T03:06:59","guid":{"rendered":"https:\/\/biankatour.com\/?post_type=product&#038;p=7764"},"modified":"2025-09-03T19:10:15","modified_gmt":"2025-09-03T19:10:15","slug":"scuba-diving-full-day-boat-trip-with-lunch","status":"publish","type":"product","link":"https:\/\/biankatour.com\/ro\/produs\/scuba-diving-full-day-boat-trip-with-lunch\/","title":{"rendered":"Excursie cu barca de o zi \u00eentreag\u0103 pentru scufund\u0103ri cu pr\u00e2nz"},"content":{"rendered":"<div class=\"elementor-element elementor-element-874f5e4 elementor-widget elementor-widget-heading\" data-id=\"874f5e4\" data-element_type=\"widget\" data-widget_type=\"heading.default\">\n<div class=\"elementor-widget-container\">\n<h3 class=\"elementor-heading-title elementor-size-default\">Descrierea turului<\/h3>\n<\/div>\n<\/div>\n<div class=\"elementor-element elementor-element-6aaa7b1 elementor-widget elementor-widget-babe-item-content\" data-id=\"6aaa7b1\" data-element_type=\"widget\" data-widget_type=\"babe-item-content.default\">\n<div class=\"elementor-widget-container\">\n<div class=\"elementor-widget-inner\">\n<div class=\"triply-single-content\">\n<div class=\"\">\n<div><strong>Aceast\u0103 excursie de scufund\u0103ri de o zi din Hurghada este ideal\u0103 at\u00e2t pentru \u00eencep\u0103tori, c\u00e2t \u0219i pentru exper\u021bi care c\u0103l\u0103toresc \u00eempreun\u0103. Ve\u021bi ie\u0219i la Marea Ro\u0219ie \u0219i ve\u021bi explora locuri de scufund\u0103ri pu\u021bin ad\u00e2nci, potrivite pentru \u00eencep\u0103tori, precum \u0219i zone \u0219i pere\u021bi de ap\u0103 mai ad\u00e2nci pentru cei cu mai mult\u0103 experien\u021b\u0103. Include pr\u00e2nzul \u0219i transferurile de la hotel.<\/strong><\/div>\n<\/div>\n<ul class=\"featureList__DsWN\">\n<li class=\"feature__W54X\">\n<div><\/div>\n<div>\n<div class=\"\"><strong>Ideal pentru scafandri cu diferite niveluri de experien\u021b\u0103 care c\u0103l\u0103toresc \u00eempreun\u0103<\/strong><\/div>\n<\/div>\n<\/li>\n<li class=\"feature__W54X\">\n<div><\/div>\n<div>\n<div class=\"\"><strong>Face\u021bi dou\u0103 opriri pentru scufund\u0103ri: una potrivit\u0103 pentru \u00eencep\u0103tori, cealalt\u0103 pentru scafandrii experimenta\u021bi<\/strong><\/div>\n<\/div>\n<\/li>\n<li class=\"feature__W54X\">\n<div><\/div>\n<div>\n<div class=\"\"><strong>Preluare \u0219i returnare f\u0103r\u0103 probleme de la hotelul dvs. din Hurghada<\/strong><\/div>\n<\/div>\n<\/li>\n<li class=\"feature__W54X\">\n<div><\/div>\n<div>\n<div class=\"\"><strong>Include pr\u00e2nzul servit la bord, precum \u0219i b\u0103uturi r\u0103coritoare, ap\u0103 \u0219i cafea\/ceai<\/strong><\/div>\n<\/div>\n<\/li>\n<\/ul>\n<\/div>\n<\/div>\n<\/div>\n<\/div>","protected":false},"excerpt":{"rendered":"<p>Tour Description This full-day diving trip from Hurghada is ideal for novices and experts traveling together. You\u2019ll head out onto the Red Sea and explore shallow dive sites suitable for beginners, as well as deeper areas and walls for those with more experience. Includes lunch and hotel transfers. Ideal for divers of different levels of experience who are traveling together Make two diving stops: One best-suited to beginners, the other to experienced divers Hassle-free pickup and drop-off from your Hurghada hotel Includes lunch served on board, as well as soft drinks, water, and coffee\/tea<\/p>","protected":false},"featured_media":9938,"comment_status":"open","ping_status":"closed","template":"","meta":[],"product_brand":[],"product_cat":[43,28],"product_tag":[41,45],"class_list":{"0":"post-7764","1":"product","2":"type-product","3":"status-publish","4":"has-post-thumbnail","6":"product_cat-hurghada","7":"product_cat-sea-excursion","8":"product_tag-shoe","9":"product_tag-sports","11":"first","12":"instock","13":"shipping-taxable","14":"purchasable","15":"product-type-ovabrw_car_rental"},"acf":[],"_links":{"self":[{"href":"https:\/\/biankatour.com\/ro\/wp-json\/wp\/v2\/product\/7764","targetHints":{"allow":["GET"]}}],"collection":[{"href":"https:\/\/biankatour.com\/ro\/wp-json\/wp\/v2\/product"}],"about":[{"href":"https:\/\/biankatour.com\/ro\/wp-json\/wp\/v2\/types\/product"}],"replies":[{"embeddable":true,"href":"https:\/\/biankatour.com\/ro\/wp-json\/wp\/v2\/comments?post=7764"}],"wp:featuredmedia":[{"embeddable":true,"href":"https:\/\/biankatour.com\/ro\/wp-json\/wp\/v2\/media\/9938"}],"wp:attachment":[{"href":"https:\/\/biankatour.com\/ro\/wp-json\/wp\/v2\/media?parent=7764"}],"wp:term":[{"taxonomy":"product_brand","embeddable":true,"href":"https:\/\/biankatour.com\/ro\/wp-json\/wp\/v2\/product_brand?post=7764"},{"taxonomy":"product_cat","embeddable":true,"href":"https:\/\/biankatour.com\/ro\/wp-json\/wp\/v2\/product_cat?post=7764"},{"taxonomy":"product_tag","embeddable":true,"href":"https:\/\/biankatour.com\/ro\/wp-json\/wp\/v2\/product_tag?post=7764"}],"curies":[{"name":"wp","href":"https:\/\/api.w.org\/{rel}","templated":true}]}}