{"id":4388,"date":"2022-08-09T03:56:32","date_gmt":"2022-08-09T03:56:32","guid":{"rendered":"https:\/\/biankatour.com\/?post_type=product&#038;p=4388"},"modified":"2025-11-26T23:22:03","modified_gmt":"2025-11-26T23:22:03","slug":"royal-sea-scope","status":"publish","type":"product","link":"https:\/\/biankatour.com\/ro\/produs\/royal-sea-scope\/","title":{"rendered":"Royal Sea Scope"},"content":{"rendered":"<div class=\"elementor-element elementor-element-874f5e4 elementor-widget elementor-widget-heading\" data-id=\"874f5e4\" data-element_type=\"widget\" data-widget_type=\"heading.default\">\n<div class=\"elementor-widget-container\">\n<h3 class=\"elementor-heading-title elementor-size-default\">Descrierea turului<\/h3>\n<\/div>\n<\/div>\n<div class=\"elementor-element elementor-element-6aaa7b1 elementor-widget elementor-widget-babe-item-content\" data-id=\"6aaa7b1\" data-element_type=\"widget\" data-widget_type=\"babe-item-content.default\">\n<div class=\"elementor-widget-container\">\n<div class=\"elementor-widget-inner\">\n<div class=\"triply-single-content\">\n<h5><strong>Ghidul dumneavoastr\u0103 turistic v\u0103 va lua de la hotelul din Hurghada pentru o fantastic\u0103 excursie subacvatic\u0103 de dou\u0103 ore prin Royal Sea Scope, pentru a descoperi minunata via\u021b\u0103 marin\u0103 a M\u0103rii Ro\u0219ii. Experimenta\u021bi lumea subacvatic\u0103 a M\u0103rii Ro\u0219ii f\u0103r\u0103 s\u0103 v\u0103 uda\u021bi. Bucura\u021bi-v\u0103 de Royal Sea Scope \u0219i descoperi\u021bi recifele minunate cu pe\u0219ti colora\u021bi \u0219i creaturi marine uimitoare. Luare la ora 10:00 \u0219i returnare la ora 13:00.<\/strong><\/h5>\n<\/div>\n<\/div>\n<\/div>\n<\/div>","protected":false},"excerpt":{"rendered":"<p>Tour Description YourTourGuide will pick you up from your hotel in Hurghada for a fantastic underwater trip for two hours through Royal Sea Scope to discover the wonderful marine life of the Red Sea. Experience the underwater world of the Red Sea without getting wet. Enjoy Royal Sea Scope and experience the wonderful reefs with colorful fishes and amazing sea creatures. Pick up at 10:00 &amp; return at 13:00.<\/p>","protected":false},"featured_media":9491,"comment_status":"open","ping_status":"closed","template":"","meta":[],"product_brand":[],"product_cat":[43,28],"product_tag":[],"class_list":{"0":"post-4388","1":"product","2":"type-product","3":"status-publish","4":"has-post-thumbnail","6":"brw_tour_types-culture","7":"brw_tour_types-family","8":"product_cat-hurghada","9":"product_cat-sea-excursion","11":"first","12":"instock","13":"shipping-taxable","14":"purchasable","15":"product-type-ovabrw_car_rental"},"acf":[],"_links":{"self":[{"href":"https:\/\/biankatour.com\/ro\/wp-json\/wp\/v2\/product\/4388","targetHints":{"allow":["GET"]}}],"collection":[{"href":"https:\/\/biankatour.com\/ro\/wp-json\/wp\/v2\/product"}],"about":[{"href":"https:\/\/biankatour.com\/ro\/wp-json\/wp\/v2\/types\/product"}],"replies":[{"embeddable":true,"href":"https:\/\/biankatour.com\/ro\/wp-json\/wp\/v2\/comments?post=4388"}],"wp:featuredmedia":[{"embeddable":true,"href":"https:\/\/biankatour.com\/ro\/wp-json\/wp\/v2\/media\/9491"}],"wp:attachment":[{"href":"https:\/\/biankatour.com\/ro\/wp-json\/wp\/v2\/media?parent=4388"}],"wp:term":[{"taxonomy":"product_brand","embeddable":true,"href":"https:\/\/biankatour.com\/ro\/wp-json\/wp\/v2\/product_brand?post=4388"},{"taxonomy":"product_cat","embeddable":true,"href":"https:\/\/biankatour.com\/ro\/wp-json\/wp\/v2\/product_cat?post=4388"},{"taxonomy":"product_tag","embeddable":true,"href":"https:\/\/biankatour.com\/ro\/wp-json\/wp\/v2\/product_tag?post=4388"}],"curies":[{"name":"wp","href":"https:\/\/api.w.org\/{rel}","templated":true}]}}