{"id":4379,"date":"2022-08-09T02:48:36","date_gmt":"2022-08-09T02:48:36","guid":{"rendered":"https:\/\/biankatour.com\/?post_type=product&#038;p=4379"},"modified":"2025-09-03T19:08:57","modified_gmt":"2025-09-03T19:08:57","slug":"abu-dabbab-dugong-bay-snorkeling-trip","status":"publish","type":"product","link":"https:\/\/biankatour.com\/ro\/produs\/abu-dabbab-dugong-bay-snorkeling-trip\/","title":{"rendered":"Excursie de snorkeling la Abu Dabbab Dugong Bay"},"content":{"rendered":"<div class=\"elementor-element elementor-element-874f5e4 elementor-widget elementor-widget-heading\" data-id=\"874f5e4\" data-element_type=\"widget\" data-widget_type=\"heading.default\">\n<div class=\"elementor-widget-container\">\n<h3 class=\"elementor-heading-title elementor-size-default\">Descrierea turului<\/h3>\n<\/div>\n<\/div>\n<div class=\"elementor-element elementor-element-6aaa7b1 elementor-widget elementor-widget-babe-item-content\" data-id=\"6aaa7b1\" data-element_type=\"widget\" data-widget_type=\"babe-item-content.default\">\n<div class=\"elementor-widget-container\">\n<div class=\"elementor-widget-inner\">\n<div class=\"triply-single-content\">\n<h5><strong>Dac\u0103 vrei s\u0103 faci snorkeling cu \u021bestoasele marine \u0219i dugongi, atunci excursia de snorkeling Abu Dabab Dugong din Hurghada, Marea Ro\u0219ie a Egiptului, este pentru tine. Apa este pu\u021bin ad\u00e2nc\u0103, iar golful este ad\u0103postit de v\u00e2nt.<\/strong><\/h5>\n<\/div>\n<\/div>\n<\/div>\n<\/div>","protected":false},"excerpt":{"rendered":"<p>Tour Description If you want to snorkel with sea turtles and dugongs, then Abu Dabab Dugong Snorkeling Trip from Hurghada, the Red Sea of \u200b\u200bEgypt, is for you. The water is shallow and the bay is sheltered from the wind<\/p>","protected":false},"featured_media":9497,"comment_status":"open","ping_status":"closed","template":"","meta":[],"product_brand":[],"product_cat":[43,48,28],"product_tag":[],"class_list":{"0":"post-4379","1":"product","2":"type-product","3":"status-publish","4":"has-post-thumbnail","6":"brw_tour_types-culture","7":"brw_tour_types-family","8":"product_cat-hurghada","9":"product_cat-marsa-allam","10":"product_cat-sea-excursion","12":"first","13":"instock","14":"shipping-taxable","15":"purchasable","16":"product-type-ovabrw_car_rental"},"acf":[],"_links":{"self":[{"href":"https:\/\/biankatour.com\/ro\/wp-json\/wp\/v2\/product\/4379","targetHints":{"allow":["GET"]}}],"collection":[{"href":"https:\/\/biankatour.com\/ro\/wp-json\/wp\/v2\/product"}],"about":[{"href":"https:\/\/biankatour.com\/ro\/wp-json\/wp\/v2\/types\/product"}],"replies":[{"embeddable":true,"href":"https:\/\/biankatour.com\/ro\/wp-json\/wp\/v2\/comments?post=4379"}],"wp:featuredmedia":[{"embeddable":true,"href":"https:\/\/biankatour.com\/ro\/wp-json\/wp\/v2\/media\/9497"}],"wp:attachment":[{"href":"https:\/\/biankatour.com\/ro\/wp-json\/wp\/v2\/media?parent=4379"}],"wp:term":[{"taxonomy":"product_brand","embeddable":true,"href":"https:\/\/biankatour.com\/ro\/wp-json\/wp\/v2\/product_brand?post=4379"},{"taxonomy":"product_cat","embeddable":true,"href":"https:\/\/biankatour.com\/ro\/wp-json\/wp\/v2\/product_cat?post=4379"},{"taxonomy":"product_tag","embeddable":true,"href":"https:\/\/biankatour.com\/ro\/wp-json\/wp\/v2\/product_tag?post=4379"}],"curies":[{"name":"wp","href":"https:\/\/api.w.org\/{rel}","templated":true}]}}