{"id":4377,"date":"2022-08-09T02:35:44","date_gmt":"2022-08-09T02:35:44","guid":{"rendered":"https:\/\/biankatour.com\/?post_type=product&#038;p=4377"},"modified":"2025-09-03T19:08:30","modified_gmt":"2025-09-03T19:08:30","slug":"dolphin-house-snorkeling-trip","status":"publish","type":"product","link":"https:\/\/biankatour.com\/ro\/produs\/dolphin-house-snorkeling-trip\/","title":{"rendered":"Excursie de snorkeling la casa delfinului"},"content":{"rendered":"<div class=\"elementor-element elementor-element-874f5e4 elementor-widget elementor-widget-heading\" data-id=\"874f5e4\" data-element_type=\"widget\" data-widget_type=\"heading.default\">\n<div class=\"elementor-widget-container\">\n<h3 class=\"elementor-heading-title elementor-size-default\">Descrierea turului<\/h3>\n<\/div>\n<\/div>\n<div class=\"elementor-element elementor-element-6aaa7b1 elementor-widget elementor-widget-babe-item-content\" data-id=\"6aaa7b1\" data-element_type=\"widget\" data-widget_type=\"babe-item-content.default\">\n<div class=\"elementor-widget-container\">\n<div class=\"elementor-widget-inner\">\n<div class=\"triply-single-content\">\n<p><strong>Bucura\u021bi-v\u0103 de o fantastic\u0103 excursie de snorkeling la Delfini, cu o \u0219ans\u0103 incredibil\u0103 de a v\u0103 apropia de delfini \u00een largul m\u0103rii. Face\u021bi o excursie de o zi \u00eentreag\u0103 la delfini, bucura\u021bi-v\u0103 de soarele uimitor \u0219i de o experien\u021b\u0103 de snorkeling admirabil\u0103 \u00een Marea Ro\u0219ie. Apropia\u021bi-v\u0103 de delfini, bancuri de pe\u0219ti \u0219i corali minuna\u021bi ai M\u0103rii Ro\u0219ii, apoi v\u0103 vom conduce \u00eenapoi la hotel.<\/strong><\/p>\n<\/div>\n<\/div>\n<\/div>\n<\/div>","protected":false},"excerpt":{"rendered":"<p>Tour Description Enjoy a fantastic Dolphin House Snorkeling Trip, with an incredible chance to get close to dolphins in the open sea. Get on a full-day trip to the dolphin house, enjoy the amazing sunshine, and admirable snorkeling in the Red sea. Get close to the dolphin, schools of fish, and wonderful Red sea corals., then we drive you back to your hotel .<\/p>","protected":false},"featured_media":9923,"comment_status":"open","ping_status":"closed","template":"","meta":[],"product_brand":[],"product_cat":[43,28],"product_tag":[],"class_list":{"0":"post-4377","1":"product","2":"type-product","3":"status-publish","4":"has-post-thumbnail","6":"brw_tour_types-culture","7":"brw_tour_types-hiking","8":"product_cat-hurghada","9":"product_cat-sea-excursion","11":"first","12":"instock","13":"featured","14":"shipping-taxable","15":"purchasable","16":"product-type-ovabrw_car_rental"},"acf":[],"_links":{"self":[{"href":"https:\/\/biankatour.com\/ro\/wp-json\/wp\/v2\/product\/4377","targetHints":{"allow":["GET"]}}],"collection":[{"href":"https:\/\/biankatour.com\/ro\/wp-json\/wp\/v2\/product"}],"about":[{"href":"https:\/\/biankatour.com\/ro\/wp-json\/wp\/v2\/types\/product"}],"replies":[{"embeddable":true,"href":"https:\/\/biankatour.com\/ro\/wp-json\/wp\/v2\/comments?post=4377"}],"wp:featuredmedia":[{"embeddable":true,"href":"https:\/\/biankatour.com\/ro\/wp-json\/wp\/v2\/media\/9923"}],"wp:attachment":[{"href":"https:\/\/biankatour.com\/ro\/wp-json\/wp\/v2\/media?parent=4377"}],"wp:term":[{"taxonomy":"product_brand","embeddable":true,"href":"https:\/\/biankatour.com\/ro\/wp-json\/wp\/v2\/product_brand?post=4377"},{"taxonomy":"product_cat","embeddable":true,"href":"https:\/\/biankatour.com\/ro\/wp-json\/wp\/v2\/product_cat?post=4377"},{"taxonomy":"product_tag","embeddable":true,"href":"https:\/\/biankatour.com\/ro\/wp-json\/wp\/v2\/product_tag?post=4377"}],"curies":[{"name":"wp","href":"https:\/\/api.w.org\/{rel}","templated":true}]}}