{"id":4220,"date":"2022-08-04T08:13:51","date_gmt":"2022-08-04T08:13:51","guid":{"rendered":"https:\/\/biankatour.com\/?post_type=product&#038;p=4220"},"modified":"2025-09-03T19:07:32","modified_gmt":"2025-09-03T19:07:32","slug":"dolphin-show","status":"publish","type":"product","link":"https:\/\/biankatour.com\/ro\/produs\/dolphin-show\/","title":{"rendered":"Spectacol cu \u200b\u200bdelfini"},"content":{"rendered":"<h2>Prezentare general\u0103<\/h2>\n<h2>Spectacol cu \u200b\u200bdelfini din Hurghada<\/h2>\n<p>Bucura\u021bi-v\u0103 de o diminea\u021b\u0103 plin\u0103 de distrac\u021bie, cu preluare de la hotel \u0219i transfer la un spectacol palpitant cu delfini de o or\u0103 \u00een Hurghada. Spectacolul prezint\u0103 patru reprezenta\u021bii captivante, \u00eencep\u00e2nd cu pisici de mare (foci) dans\u00e2nd, urmate de o mors\u0103 muzical\u0103, un leu de mare energic \u0219i un final orbitor cu trei delfini juc\u0103u\u0219i care execut\u0103 trucuri \u0219i chiar picteaz\u0103. Dup\u0103 spectacol, ve\u021bi fi transfera\u021bi \u00eenapoi la hotel.<\/p>\n<p>&nbsp;<\/p>\n<div class=\"vc_row wpb_row vc_row-fluid\">\n<div class=\"wpb_column vc_column_container vc_col-sm-12\">\n<div class=\"vc_column-inner\">\n<div class=\"wpb_wrapper\">\n<div class=\"heading left\">\n<div class=\"vc_row wpb_row vc_row-fluid\">\n<div class=\"wpb_column vc_column_container vc_col-sm-12\">\n<div class=\"vc_column-inner\">\n<div class=\"wpb_wrapper\">\n<div class=\"heading left\">\n<h3><strong>Repere:<\/strong><\/h3>\n<\/div>\n<\/div>\n<\/div>\n<\/div>\n<\/div>\n<div class=\"vc_row wpb_row vc_row-fluid\">\n<div class=\"wpb_column vc_column_container vc_col-sm-12\">\n<div class=\"vc_column-inner\">\n<div class=\"wpb_wrapper\">\n<div class=\"wpb_text_column wpb_content_element\">\n<div class=\"wpb_wrapper\">\n<ul>\n<li>Apropie-te de delfini<\/li>\n<li>Fii martor la inteligen\u021ba \u0219i farmecul lor uimitor<\/li>\n<li>Bucura\u021bi-v\u0103 de un spectacol admirabil cu un delfin \u0219i un leu de mare prietenos<\/li>\n<\/ul>\n<\/div>\n<h3><strong>Durat\u0103<\/strong><\/h3>\n<p>Prima c\u0103l\u0103torie:<\/p>\n<p>Preluare: \u00cen jurul orei 09:30 (\u00een func\u021bie de loca\u021bia hotelului dvs. \u00een Hurghada) Expet S\u00e2mb\u0103t\u0103<\/p>\n<p>A doua c\u0103l\u0103torie:<\/p>\n<p>Preluare: \u00cen jurul orei 15:30 (\u00een func\u021bie de loca\u021bia hotelului dvs. \u00een Hurghada) \u00een fiecare zi<\/p>\n<\/div>\n<\/div>\n<\/div>\n<\/div>\n<\/div>\n<\/div>\n<\/div>\n<\/div>\n<\/div>\n<\/div>\n<div class=\"vc_row wpb_row vc_row-fluid\">\n<div class=\"wpb_column vc_column_container vc_col-sm-12\">\n<div class=\"vc_column-inner\">\n<div class=\"wpb_wrapper\">\n<div class=\"wpb_text_column wpb_content_element\">\n<div class=\"wpb_wrapper\">\n<div class=\"heading left\">\n<div class=\"heading left\">\n<h5><\/h5>\n<\/div>\n<\/div>\n<\/div>\n<\/div>\n<\/div>\n<\/div>\n<\/div>\n<\/div>","protected":false},"excerpt":{"rendered":"<p>Overview Dolphin Show form Hurghada Enjoy a fun-filled morning with hotel pickup and transfer to an exciting 1-hour dolphin show in Hurghada. The show features four captivating performances, starting with dancing sea cats (seals), followed by a musical walrus, an energetic sea lion, and a dazzling finale with three playful dolphins performing tricks and even painting. After the show, you\u2019ll be transferred back to your hotel. &nbsp; Highlights: Get up close and personal with dolphins Witness their amazing intelligence and charm for yourself Enjoy an admirable show with a dolphin and a friendly sea lion Duration First journey: Pickup: Around 09:30 Am (Depending on your hotel location in Hurghada) Expet Saturday Second journey: Pickup: Around 03:30 Pm (Depending on your hotel location in Hurghada) Every Day<\/p>","protected":false},"featured_media":9931,"comment_status":"open","ping_status":"closed","template":"","meta":[],"product_brand":[],"product_cat":[43,37],"product_tag":[],"class_list":{"0":"post-4220","1":"product","2":"type-product","3":"status-publish","4":"has-post-thumbnail","6":"brw_tour_types-hiking","7":"product_cat-hurghada","8":"product_cat-family-excursion","10":"first","11":"instock","12":"shipping-taxable","13":"purchasable","14":"product-type-ovabrw_car_rental"},"acf":[],"_links":{"self":[{"href":"https:\/\/biankatour.com\/ro\/wp-json\/wp\/v2\/product\/4220","targetHints":{"allow":["GET"]}}],"collection":[{"href":"https:\/\/biankatour.com\/ro\/wp-json\/wp\/v2\/product"}],"about":[{"href":"https:\/\/biankatour.com\/ro\/wp-json\/wp\/v2\/types\/product"}],"replies":[{"embeddable":true,"href":"https:\/\/biankatour.com\/ro\/wp-json\/wp\/v2\/comments?post=4220"}],"wp:featuredmedia":[{"embeddable":true,"href":"https:\/\/biankatour.com\/ro\/wp-json\/wp\/v2\/media\/9931"}],"wp:attachment":[{"href":"https:\/\/biankatour.com\/ro\/wp-json\/wp\/v2\/media?parent=4220"}],"wp:term":[{"taxonomy":"product_brand","embeddable":true,"href":"https:\/\/biankatour.com\/ro\/wp-json\/wp\/v2\/product_brand?post=4220"},{"taxonomy":"product_cat","embeddable":true,"href":"https:\/\/biankatour.com\/ro\/wp-json\/wp\/v2\/product_cat?post=4220"},{"taxonomy":"product_tag","embeddable":true,"href":"https:\/\/biankatour.com\/ro\/wp-json\/wp\/v2\/product_tag?post=4220"}],"curies":[{"name":"wp","href":"https:\/\/api.w.org\/{rel}","templated":true}]}}