{"id":4211,"date":"2022-08-04T07:03:04","date_gmt":"2022-08-04T07:03:04","guid":{"rendered":"https:\/\/biankatour.com\/?post_type=product&#038;p=4211"},"modified":"2025-09-03T19:07:12","modified_gmt":"2025-09-03T19:07:12","slug":"hurghada-grand-aquarium","status":"publish","type":"product","link":"https:\/\/biankatour.com\/ro\/produs\/hurghada-grand-aquarium\/","title":{"rendered":"Marele Acvariu din Hurghada"},"content":{"rendered":"<h3>Prezentare general\u0103<\/h3>\n<div class=\"description\">\n<p>Cufund\u0103-te \u00een minunile lumii subacvatice cu bilete la Marele Acvariu din Hurghada, o completare captivant\u0103 a atrac\u021biilor pentru familii din Hurghada. P\u0103\u0219e\u0219te \u00eentr-un t\u0103r\u00e2m al minunilor marine \u00een timp ce e\u0219ti martor la 1.200 de specii unice prezentate \u00een 24 de galerii meticulos organizate, fiecare oferind o privire asupra diverselor ecosisteme naturale. Minuneaz\u0103-te de pisicile de mare gra\u021bioase, rechinii maiestuo\u0219i \u0219i \u021bestoasele senine \u00een timp ce alunec\u0103 gra\u021bios sub apele cristaline. \u0218i nu rata ocazia unei experien\u021be practice care \u00ee\u021bi va ad\u00e2nci aprecierea pentru \u00eenc\u00e2nt\u0103torul t\u0103r\u00e2m acvatic.<\/p>\n<\/div>\n<h3><strong>Durat\u0103<\/strong><\/h3>\n<p>Prima c\u0103l\u0103torie:<\/p>\n<p>Preluare: \u00cen jurul orei 09:30 (\u00een func\u021bie de loca\u021bia hotelului dvs. \u00een Hurghada)<\/p>\n<p>A doua c\u0103l\u0103torie:<\/p>\n<p>Preluare: \u00cen jurul orei 13:30 (\u00cen func\u021bie de loca\u021bia hotelului dvs. \u00een Hurghada)<\/p>\n<h5><\/h5>","protected":false},"excerpt":{"rendered":"<p>Overview Immerse yourself in the wonders of the underwater world with tickets to the Hurghada Grand Aquarium, a captivating addition to Hurghada\u2019s family-friendly attractions. Step into a realm of marine marvels as you witness 1,200 unique species showcased across 24 meticulously curated galleries, each offering a glimpse into diverse natural ecosystems. Marvel at the graceful rays, majestic sharks, and serene turtles as they glide gracefully beneath the crystal-clear waters. And don\u2019t miss the chance for a hands-on experience that will deepen your appreciation for the enchanting aquatic realm. Duration First journey: Pickup: Around 09:30 Am (Depending on your hotel location in Hurghada) Second journey: Pickup: Around 13:30 Pm (Depending on your hotel location in Hurghada)<\/p>","protected":false},"featured_media":9889,"comment_status":"open","ping_status":"closed","template":"","meta":[],"product_brand":[],"product_cat":[43,37],"product_tag":[],"class_list":{"0":"post-4211","1":"product","2":"type-product","3":"status-publish","4":"has-post-thumbnail","6":"brw_tour_types-beaches","7":"brw_tour_types-culture","8":"brw_tour_types-family","9":"product_cat-hurghada","10":"product_cat-family-excursion","12":"first","13":"instock","14":"shipping-taxable","15":"purchasable","16":"product-type-ovabrw_car_rental"},"acf":[],"_links":{"self":[{"href":"https:\/\/biankatour.com\/ro\/wp-json\/wp\/v2\/product\/4211","targetHints":{"allow":["GET"]}}],"collection":[{"href":"https:\/\/biankatour.com\/ro\/wp-json\/wp\/v2\/product"}],"about":[{"href":"https:\/\/biankatour.com\/ro\/wp-json\/wp\/v2\/types\/product"}],"replies":[{"embeddable":true,"href":"https:\/\/biankatour.com\/ro\/wp-json\/wp\/v2\/comments?post=4211"}],"wp:featuredmedia":[{"embeddable":true,"href":"https:\/\/biankatour.com\/ro\/wp-json\/wp\/v2\/media\/9889"}],"wp:attachment":[{"href":"https:\/\/biankatour.com\/ro\/wp-json\/wp\/v2\/media?parent=4211"}],"wp:term":[{"taxonomy":"product_brand","embeddable":true,"href":"https:\/\/biankatour.com\/ro\/wp-json\/wp\/v2\/product_brand?post=4211"},{"taxonomy":"product_cat","embeddable":true,"href":"https:\/\/biankatour.com\/ro\/wp-json\/wp\/v2\/product_cat?post=4211"},{"taxonomy":"product_tag","embeddable":true,"href":"https:\/\/biankatour.com\/ro\/wp-json\/wp\/v2\/product_tag?post=4211"}],"curies":[{"name":"wp","href":"https:\/\/api.w.org\/{rel}","templated":true}]}}