{"id":4210,"date":"2022-08-04T06:48:38","date_gmt":"2022-08-04T06:48:38","guid":{"rendered":"https:\/\/biankatour.com\/?post_type=product&#038;p=4210"},"modified":"2025-11-17T13:00:49","modified_gmt":"2025-11-17T13:00:49","slug":"magawish-island","status":"publish","type":"product","link":"https:\/\/biankatour.com\/ro\/produs\/magawish-island\/","title":{"rendered":"Insula Magawish"},"content":{"rendered":"<h5>Excursie pe insula Magawish din Hurghada<\/h5>\n<ul>\n<li class=\"nonelist\"><em class=\"fa-green fa-solid fa-circle-info\">\u00a0<\/em><strong>Noi<\/strong>\u00a0v\u0103 invit\u0103 s\u0103 explora\u021bi Caraibe egiptene, s\u0103 \u00eenota\u021bi \u0219i s\u0103 face\u021bi snorkeling \u00een apele cristaline ale vie\u021bii marine din Marea Ro\u0219ie.<\/li>\n<li class=\"nonelist\"><em class=\"fa-green fa-solid fa-circle-info\">\u00a0<\/em>2 ore pe insul\u0103 + 2 opriri de snorkeling + mas\u0103 de lansare + b\u0103uturi \u0219i jocuri cu ap\u0103 toat\u0103 ziua.<\/li>\n<li class=\"nonelist\"><em class=\"fa-green fa-solid fa-circle-info\">\u00a0<\/em>Insula Magawish este renumit\u0103 pentru frumuse\u021bea sa imaculat\u0103, apele limpezi \u0219i via\u021ba marin\u0103 vibrant\u0103. Aceast\u0103 excursie ofer\u0103 o combina\u021bie minunat\u0103 de snorkeling, relaxare \u0219i aventur\u0103, fiind alegerea ideal\u0103 pentru o escapad\u0103 de o zi \u00eentreag\u0103 din Hurghada. Iat\u0103 un program tipic pentru o excursie pe Insula Magawish, Hurghada.<\/li>\n<li class=\"nonelist\"><em class=\"fa-green fa-solid fa-circle-info\">\u00a0<\/em>Acest program ofer\u0103 un echilibru excelent \u00eentre relaxare, aventur\u0103 \u0219i explorare \u00eentr-una dintre cele mai frumoase zone din apropierea ora\u0219ului Hurghada.<\/li>\n<li class=\"nonelist\">\n<h3><em class=\"fa-green fa-solid fa-person-walking-luggage\">\u00a0<\/em><strong>Ce trebuie s\u0103 iei cu tine:<\/strong><\/h3>\n<ul>\n<li class=\"nonelist\"><em class=\"fa-green fa-solid fa-check\">\u00a0<\/em>Prosop.<\/li>\n<li class=\"nonelist\"><em class=\"fa-green fa-solid fa-check\">\u00a0<\/em>Crem\u0103 de protec\u021bie solar\u0103.<\/li>\n<li class=\"nonelist\"><em class=\"fa-green fa-solid fa-check\">\u00a0<\/em>Ochelari de soare \u0219i p\u0103l\u0103rie.<\/li>\n<li class=\"nonelist\"><em class=\"fa-green fa-solid fa-check\">\u00a0<\/em>Camer\u0103 foto sau GoPro.<\/li>\n<\/ul>\n<\/li>\n<\/ul>","protected":false},"excerpt":{"rendered":"<p>Excursion to Magawish Island Hurghada \u00a0We\u00a0invites you to explore the Egyptian Caribbean, swim and snorkel in the crystal clear waters of the Red Sea marine life. \u00a02 Hours island + 2 stops Snorkeling + launch meal + all day drinks+ water games. \u00a0Magawish Island is renowned for its pristine beauty, clear waters, and vibrant marine life. This excursion provides a wonderful combination of snorkeling, relaxation, and adventure, making it an ideal choice for a full-day getaway from Hurghada. Here&#8217;s a typical program for an Magawish Island Hurghada excursion. \u00a0This program offers a great balance of relaxation, adventure, and exploration in one of the most beautiful areas near Hurghada. \u00a0What you need to take with you: \u00a0Towel. \u00a0Sunscreen. \u00a0Sunglasses and hat. \u00a0Camera or GoPro.<\/p>","protected":false},"featured_media":9537,"comment_status":"open","ping_status":"closed","template":"","meta":[],"product_brand":[],"product_cat":[43,28],"product_tag":[],"class_list":{"0":"post-4210","1":"product","2":"type-product","3":"status-publish","4":"has-post-thumbnail","6":"brw_tour_types-beaches","7":"product_cat-hurghada","8":"product_cat-sea-excursion","10":"first","11":"instock","12":"shipping-taxable","13":"purchasable","14":"product-type-ovabrw_car_rental"},"acf":[],"_links":{"self":[{"href":"https:\/\/biankatour.com\/ro\/wp-json\/wp\/v2\/product\/4210","targetHints":{"allow":["GET"]}}],"collection":[{"href":"https:\/\/biankatour.com\/ro\/wp-json\/wp\/v2\/product"}],"about":[{"href":"https:\/\/biankatour.com\/ro\/wp-json\/wp\/v2\/types\/product"}],"replies":[{"embeddable":true,"href":"https:\/\/biankatour.com\/ro\/wp-json\/wp\/v2\/comments?post=4210"}],"wp:featuredmedia":[{"embeddable":true,"href":"https:\/\/biankatour.com\/ro\/wp-json\/wp\/v2\/media\/9537"}],"wp:attachment":[{"href":"https:\/\/biankatour.com\/ro\/wp-json\/wp\/v2\/media?parent=4210"}],"wp:term":[{"taxonomy":"product_brand","embeddable":true,"href":"https:\/\/biankatour.com\/ro\/wp-json\/wp\/v2\/product_brand?post=4210"},{"taxonomy":"product_cat","embeddable":true,"href":"https:\/\/biankatour.com\/ro\/wp-json\/wp\/v2\/product_cat?post=4210"},{"taxonomy":"product_tag","embeddable":true,"href":"https:\/\/biankatour.com\/ro\/wp-json\/wp\/v2\/product_tag?post=4210"}],"curies":[{"name":"wp","href":"https:\/\/api.w.org\/{rel}","templated":true}]}}