{"id":4182,"date":"2022-08-03T05:00:46","date_gmt":"2022-08-03T05:00:46","guid":{"rendered":"https:\/\/biankatour.com\/?post_type=product&#038;p=4182"},"modified":"2025-09-03T19:05:43","modified_gmt":"2025-09-03T19:05:43","slug":"swim-with-dolphins-in-hurghada","status":"publish","type":"product","link":"https:\/\/biankatour.com\/ro\/produs\/swim-with-dolphins-in-hurghada\/","title":{"rendered":"\u00cenoat\u0103 cu delfinii \u00een Hurghada"},"content":{"rendered":"<div class=\"vc_row wpb_row vc_row-fluid\">\n<div class=\"wpb_column vc_column_container vc_col-sm-12\">\n<div class=\"vc_column-inner\">\n<div class=\"wpb_wrapper\">\n<div class=\"heading left\">\n<h2>Repere<\/h2>\n<div class=\"seperator left\"><\/div>\n<div class=\"sub-heading\"><\/div>\n<\/div>\n<div class=\"clearfix\"><\/div>\n<\/div>\n<\/div>\n<\/div>\n<\/div>\n<div class=\"vc_row wpb_row vc_row-fluid\">\n<div class=\"wpb_column vc_column_container vc_col-sm-12\">\n<div class=\"vc_column-inner\">\n<div class=\"wpb_wrapper\">\n<div class=\"wpb_text_column wpb_content_element\">\n<div class=\"wpb_wrapper\">\n<p><strong>\u00cenoat\u0103 cu delfinii \u00een Hurghada<\/strong><\/p>\n<ul>\n<li>Transfer de la hotel la Delfinariu<\/li>\n<li>\u00eenot cu delfini timp de 5 sau 10 minute<\/li>\n<li>Apropie-te de delfini<\/li>\n<li>Fii martor la inteligen\u021ba \u0219i farmecul lor uimitor<\/li>\n<li>Transfer \u00eenapoi la hotel<\/li>\n<\/ul>\n<\/div>\n<\/div>\n<div class=\"vc_empty_space\"><\/div>\n<\/div>\n<\/div>\n<\/div>\n<\/div>\n<div class=\"vc_row wpb_row vc_row-fluid\">\n<div class=\"wpb_column vc_column_container vc_col-sm-12\">\n<div class=\"vc_column-inner\">\n<div class=\"wpb_wrapper\">\n<div class=\"heading left\">\n<h2>Programul turului<\/h2>\n<div class=\"seperator left\"><\/div>\n<div class=\"sub-heading\"><\/div>\n<\/div>\n<div class=\"clearfix\"><\/div>\n<\/div>\n<\/div>\n<\/div>\n<\/div>\n<div class=\"vc_row wpb_row vc_row-fluid\">\n<div class=\"wpb_column vc_column_container vc_col-sm-12\">\n<div class=\"vc_column-inner\">\n<div class=\"wpb_wrapper\">\n<div class=\"wpb_text_column wpb_content_element\">\n<div class=\"wpb_wrapper\">\n<p>\u00cenoat\u0103 cu delfinii \u00een Hurghada<\/p>\n<p>Reprezentantul nostru v\u0103 va duce la Delfinariu, unde ve\u021bi avea o oportunitate excelent\u0103 de a \u00eenota cu delfinii \u00een prezen\u021ba unui instructor \u00een piscin\u0103 timp de 5 sau 10 minute. Ve\u021bi sim\u021bi puterea \u0219i spiritul juc\u0103u\u0219 al acestui mamifer uimitor, care v\u0103 va umple de energie pozitiv\u0103 pur\u0103.<\/p>\n<p>Vei petrece momente amuzante \u00een piscin\u0103 cu delfinii, juc\u00e2ndu-te \u0219i \u00eenot\u00e2nd cu ei, bucur\u00e2ndu-te de compania lor \u0219i experiment\u00e2nd senza\u021bii de neuitat \u00een apropierea naturii. Super excursie de snorkeling \u00een Hurghada<\/p>\n<div class=\"heading left\">\n<h2>Ce s\u0103 iei cu tine?<\/h2>\n<div class=\"seperator left\"><\/div>\n<div class=\"sub-heading\"><\/div>\n<\/div>\n<div class=\"clearfix\"><\/div>\n<div class=\"wpb_text_column wpb_content_element\">\n<div class=\"wpb_wrapper\">\n<p><strong>\u00cenoat\u0103 cu delfinii \u00een Hurghada<\/strong><\/p>\n<ul>\n<li>Acoperire pentru cap (\u0219apc\u0103 sau e\u0219arf\u0103)<\/li>\n<li>Ochelari de soare<\/li>\n<li>Crem\u0103 de soare.<\/li>\n<\/ul>\n<\/div>\n<\/div>\n<\/div>\n<\/div>\n<\/div>\n<\/div>\n<\/div>\n<\/div>","protected":false},"excerpt":{"rendered":"<p>Highlights Swim With Dolphins In Hurghada Transfer from the hotel to the Dolphinarium swimming with dolphins for 5 or 10 minutes Get up close and personal with dolphins Witness their amazing intelligence and charm for yourself Transfer back to the hotel Tour Program Swim With Dolphins In Hurghada Our representative will take you to Dolphinarum, where you will have a great opportunity to swim with dolphins in the presence of an instructor in the pool for 5 or 10 minutes. You will feel the power and playfulness of this amazing mammal, which will fill you with pure positive energy. You will spend funny moments in the pool with the dolphins, playing and swimming with them, enjoying their company and experiencing unforgettable sensations of getting close to nature. Super snorkeling\u00a0trip\u00a0in\u00a0Hurghada What to take with you? Swim With Dolphins In Hurghada Head cover (Cap or Scarf) Sunglasses Sun Cream.<\/p>","protected":false},"featured_media":9884,"comment_status":"open","ping_status":"closed","template":"","meta":[],"product_brand":[],"product_cat":[43,37],"product_tag":[],"class_list":{"0":"post-4182","1":"product","2":"type-product","3":"status-publish","4":"has-post-thumbnail","6":"brw_tour_types-culture","7":"product_cat-hurghada","8":"product_cat-family-excursion","10":"first","11":"instock","12":"shipping-taxable","13":"purchasable","14":"product-type-ovabrw_car_rental"},"acf":[],"_links":{"self":[{"href":"https:\/\/biankatour.com\/ro\/wp-json\/wp\/v2\/product\/4182","targetHints":{"allow":["GET"]}}],"collection":[{"href":"https:\/\/biankatour.com\/ro\/wp-json\/wp\/v2\/product"}],"about":[{"href":"https:\/\/biankatour.com\/ro\/wp-json\/wp\/v2\/types\/product"}],"replies":[{"embeddable":true,"href":"https:\/\/biankatour.com\/ro\/wp-json\/wp\/v2\/comments?post=4182"}],"wp:featuredmedia":[{"embeddable":true,"href":"https:\/\/biankatour.com\/ro\/wp-json\/wp\/v2\/media\/9884"}],"wp:attachment":[{"href":"https:\/\/biankatour.com\/ro\/wp-json\/wp\/v2\/media?parent=4182"}],"wp:term":[{"taxonomy":"product_brand","embeddable":true,"href":"https:\/\/biankatour.com\/ro\/wp-json\/wp\/v2\/product_brand?post=4182"},{"taxonomy":"product_cat","embeddable":true,"href":"https:\/\/biankatour.com\/ro\/wp-json\/wp\/v2\/product_cat?post=4182"},{"taxonomy":"product_tag","embeddable":true,"href":"https:\/\/biankatour.com\/ro\/wp-json\/wp\/v2\/product_tag?post=4182"}],"curies":[{"name":"wp","href":"https:\/\/api.w.org\/{rel}","templated":true}]}}