{"id":3817,"date":"2022-07-22T04:54:49","date_gmt":"2022-07-22T04:54:49","guid":{"rendered":"https:\/\/biankatour.com\/?post_type=product&#038;p=3817"},"modified":"2025-09-03T19:05:13","modified_gmt":"2025-09-03T19:05:13","slug":"3-hours-quad","status":"publish","type":"product","link":"https:\/\/biankatour.com\/ro\/produs\/3-hours-quad\/","title":{"rendered":"Quad-uri de 3 ore"},"content":{"rendered":"<h3>Repere<\/h3>\n<ul class=\"hightlights-list\">\n<li>Trei ore palpitante de ac\u021biune extraordinar\u0103 cu ATV-ul \u00een de\u0219ert<\/li>\n<li>Bucur\u0103-te de peisajele uluitoare \u00eentr-o plimbare palpitant\u0103 cu ATV-ul prin de\u0219ertul arid<\/li>\n<li>Se ofer\u0103 instruire de baz\u0103 pentru a explica cum se controleaz\u0103 ATV-ul<\/li>\n<li>Nu este necesar\u0103 experien\u021b\u0103<\/li>\n<li>Vizita\u021bi un sat beduin pentru a \u00eent\u00e2lni un trib<\/li>\n<li>Ai op\u021biunea de a face o plimbare cu c\u0103mila<\/li>\n<\/ul>\n<hr \/>\n<h3>Descriere<\/h3>\n<p>Pentru o experien\u021b\u0103 unic\u0103 \u0219i un safari aparte, urc\u0103-te \u00eentr-un ATV pentru a descoperi frumuse\u021bea s\u0103lbatic\u0103 a de\u0219ertului egiptean. Vei fi preluat diminea\u021ba devreme de la hotel. \u00censo\u021bit de un ghid vorbitor de limba englez\u0103, vei fi dus la sta\u021bia de ATV-uri.<\/p>\n<p>Nu este necesar\u0103 experien\u021b\u0103, deoarece instructorii no\u0219tri exper\u021bi v\u0103 vor explica comenzile ATV-ului. Ve\u021bi primi instruire de baz\u0103 \u0219i ve\u021bi pleca! Dup\u0103 o sesiune de antrenament pentru a v\u0103 obi\u0219nui cu motocicleta, ve\u021bi avea aproximativ o or\u0103 la dispozi\u021bie pentru a v\u0103 bucura de experien\u021ba palpitant\u0103 cu ATV-ul.<\/p>\n<p>Bucura\u021bi-v\u0103 de o plimbare extrem\u0103 prin de\u0219ert p\u00e2n\u0103 la un sat beduin, situat la 45 de kilometri distan\u021b\u0103. Aici, bucura\u021bi-v\u0103 de un tur al vie\u021bii tradi\u021bionale a localnicilor care tr\u0103iesc \u00een zon\u0103. Ve\u021bi avea ocazia s\u0103 c\u0103l\u0103ri\u021bi o c\u0103mil\u0103.<\/p>\n<p>Dup\u0103 o aventur\u0103 memorabil\u0103 de explorare a de\u0219ertului, ve\u021bi fi l\u0103sa\u021bi \u00eenapoi la hotel.<\/p>\n<p>&nbsp;<\/p>\n<div class=\"wpb_text_column wpb_content_element\">\n<div class=\"wpb_wrapper\">\n<h3><strong>Durat\u0103<\/strong><\/h3>\n<p><strong>Prima c\u0103l\u0103torie:<\/strong><\/p>\n<ul>\n<li>Preluare: \u00cen jurul orei 08:00 (\u00een func\u021bie de loca\u021bia hotelului dvs. \u00een Hurghada).<\/li>\n<\/ul>\n<p><strong>A doua c\u0103l\u0103torie:<\/strong><\/p>\n<ul>\n<li>Preluare: \u00cen jurul orei 14:00 (\u00cen func\u021bie de loca\u021bia hotelului dvs. \u00een Hurghada)<\/li>\n<\/ul>\n<\/div>\n<\/div>\n<h5>V\u0103 rug\u0103m s\u0103 alege\u021bi ora de preluare \u0219i s\u0103 ne informa\u021bi \u00een notele rezerv\u0103rii.<\/h5>","protected":false},"excerpt":{"rendered":"<p>Highlights Thrilling three hours of awesome quad bike action in the desert Enjoy the breathtaking scenery on a thrilling quad-bike ride of the barren desert Basic training is given to explain how to control the Quad Bike No experience necessary Visit a Bedouin village to meet a tribe You have an option to take a camel ride Description For a unique experience and a safari of a special kind, get on a quad bike to discover the wild beauty of the Egyptian desert. You will be picked up early in the morning from your hotel. Accompanied by an English-speaking guide, you will be taken to the quad bike station. No experience is required as our expert instructors will explain the quad bike controls. You will be given basic training and off you go! After a practice session to get used to the bike, you will have approximately an hour to enjoy your exhilarating quad biking experience. Enjoy the extreme ride across the desert to a Bedouin village, located 45 kilometers away. Here, enjoy a tour of traditional life for the local people living in the area. You will have the chance to ride a camel. After a memorable adventure of desert exploration, you will be dropped back at your hotel. &nbsp; Duration First journey: Pickup: Around 08:00 Am (Depending on your hotel location in Hurghada). Second journey: Pickup: Around 14:00 Pm (Depending on your hotel location in Hurghada) Please chose your pick up time and inform us on the booking notes.<\/p>","protected":false},"featured_media":9909,"comment_status":"open","ping_status":"closed","template":"","meta":[],"product_brand":[],"product_cat":[43,32],"product_tag":[],"class_list":{"0":"post-3817","1":"product","2":"type-product","3":"status-publish","4":"has-post-thumbnail","6":"brw_tour_types-hiking","7":"product_cat-hurghada","8":"product_cat-safari-excursion","10":"first","11":"instock","12":"shipping-taxable","13":"purchasable","14":"product-type-ovabrw_car_rental"},"acf":[],"_links":{"self":[{"href":"https:\/\/biankatour.com\/ro\/wp-json\/wp\/v2\/product\/3817","targetHints":{"allow":["GET"]}}],"collection":[{"href":"https:\/\/biankatour.com\/ro\/wp-json\/wp\/v2\/product"}],"about":[{"href":"https:\/\/biankatour.com\/ro\/wp-json\/wp\/v2\/types\/product"}],"replies":[{"embeddable":true,"href":"https:\/\/biankatour.com\/ro\/wp-json\/wp\/v2\/comments?post=3817"}],"wp:featuredmedia":[{"embeddable":true,"href":"https:\/\/biankatour.com\/ro\/wp-json\/wp\/v2\/media\/9909"}],"wp:attachment":[{"href":"https:\/\/biankatour.com\/ro\/wp-json\/wp\/v2\/media?parent=3817"}],"wp:term":[{"taxonomy":"product_brand","embeddable":true,"href":"https:\/\/biankatour.com\/ro\/wp-json\/wp\/v2\/product_brand?post=3817"},{"taxonomy":"product_cat","embeddable":true,"href":"https:\/\/biankatour.com\/ro\/wp-json\/wp\/v2\/product_cat?post=3817"},{"taxonomy":"product_tag","embeddable":true,"href":"https:\/\/biankatour.com\/ro\/wp-json\/wp\/v2\/product_tag?post=3817"}],"curies":[{"name":"wp","href":"https:\/\/api.w.org\/{rel}","templated":true}]}}