{"id":3437,"date":"2022-07-14T02:29:58","date_gmt":"2022-07-14T02:29:58","guid":{"rendered":"https:\/\/biankatour.com\/?post_type=product&#038;p=3437"},"modified":"2025-09-03T19:13:52","modified_gmt":"2025-09-03T19:13:52","slug":"super-safari","status":"publish","type":"product","link":"https:\/\/biankatour.com\/ro\/produs\/super-safari\/","title":{"rendered":"Super safari"},"content":{"rendered":"<div class=\"elementor-element elementor-element-f85dd7f elementor-widget elementor-widget-heading\" data-id=\"f85dd7f\" data-element_type=\"widget\" data-widget_type=\"heading.default\">\n<div class=\"elementor-widget-container\">\n<h2 class=\"elementor-heading-title elementor-size-default\">Prezentare general\u0103<\/h2>\n<\/div>\n<\/div>\n<div class=\"elementor-element elementor-element-23592fac elementor-widget elementor-widget-babe-item-content\" data-id=\"23592fac\" data-element_type=\"widget\" data-widget_type=\"babe-item-content.default\">\n<div class=\"elementor-widget-container\">\n<div class=\"elementor-widget-inner\">\n<div class=\"triply-single-content\">\n<h2>Safari \u00een Sahara \u2013 ATV, Buggy, Jeep \u0219i Spectacol<\/h2>\n<p>Exploreaz\u0103 De\u0219ertul Sahara al\u0103turi de beduini: ATV, buggy, jeep, vizit\u0103 a satului \u0219i spectacol tradi\u021bional cu bufet cu m\u00e2ncare liber\u0103.<\/p>\n<p>&nbsp;<\/p>\n<h3><strong>Zilele s\u0103pt\u0103m\u00e2nii \u0219i durata:<\/strong><\/h3>\n<p>Disponibil \u00een fiecare zi.<\/p>\n<p>Activitate doar dup\u0103-amiaza \u2013 \u00eentoarcerea este a\u0219teptat\u0103 \u00een jurul orei 19:00.<\/p>\n<div class=\"container\">\n<div class=\"trip-insight\">\n<div class=\"insight-list-wrap row owl-carousel owl-theme owl-responsive-700 owl-loaded\">\n<div class=\"owl-controls\">\n<div class=\"owl-nav\">\n<div class=\"flex max-w-full flex-col flex-grow\">\n<div class=\"min-h-[20px] text-message flex w-full flex-col items-end gap-2 whitespace-normal break-words [.text-message+&amp;]:mt-5\" dir=\"auto\" data-message-author-role=\"assistant\" data-message-id=\"5481a9d7-d2f8-4d62-b5fb-ea77b05a7844\">\n<div class=\"flex w-full flex-col gap-1 empty:hidden first:pt-[3px]\">\n<div class=\"markdown prose w-full break-words dark:prose-invert light\">\n<p>&nbsp;<\/p>\n<div id=\"carousel\" class=\"main-img carousel slide carousel-fade full-height with-overlay\" data-ride=\"carousel\">\n<div class=\"vc_row wpb_row vc_row-fluid\">\n<div class=\"wpb_column vc_column_container vc_col-sm-12\">\n<div class=\"vc_column-inner\">\n<div class=\"wpb_wrapper\">\n<div class=\"wpb_text_column wpb_content_element\">\n<div class=\"wpb_wrapper\">\n<h3><strong>Repere:<\/strong><\/h3>\n<div class=\"std\">\n<div class=\"std\">\n<ul>\n<li class=\"nonelist\">Transfer de la hotelul dumneavoastr\u0103 din Hurghada la locul de safari.<\/li>\n<li class=\"nonelist\">30 de minute de plimbare cu ATV-ul \u00een de\u0219ert.<\/li>\n<li class=\"nonelist\">20 de minute de plimbare cu tr\u0103sura dubl\u0103 pentru mai multe senza\u021bii tari.<\/li>\n<li class=\"nonelist\">Drume\u021bie de 25 km cu jeep-ul cu ghid pentru a explora priveli\u0219tile panoramice.<\/li>\n<li class=\"nonelist\">Vizita\u021bi un sat beduin pentru o imersiune cultural\u0103.<\/li>\n<li class=\"nonelist\">Bufet cu m\u00e2ncare liber\u0103 \u0219i spectacol tradi\u021bional pentru a \u00eencheia ziua.<\/li>\n<li class=\"nonelist\">\u00centoarcere la hotel cu \u0219oferul nostru.<\/li>\n<\/ul>\n<p>&nbsp;<\/p>\n<\/div>\n<h3 class=\"tour-item-title list-font\"><strong>Ce s\u0103 aduce\u021bi:<\/strong><\/h3>\n<div class=\"tour-item-description list-font\">\n<ul>\n<li><i class=\"fas fa-check-circle\"><\/i>Pantofi sport confortabili pentru de\u0219ert<\/li>\n<li><i class=\"fas fa-check-circle\"><\/i>Parur\u0103 \u2013 e\u0219arf\u0103 beduin\u0103<\/li>\n<li><i class=\"fas fa-check-circle\"><\/i>Ochelari de soare<\/li>\n<li><i class=\"fas fa-check-circle\"><\/i>Ap\u0103<\/li>\n<\/ul>\n<h3><strong>Durat\u0103<\/strong><\/h3>\n<p><strong>Prima c\u0103l\u0103torie:<\/strong><\/p>\n<ul>\n<li>Preluare: \u00cen jurul orei 11:00 (\u00een func\u021bie de loca\u021bia hotelului dvs. \u00een Hurghada).<\/li>\n<\/ul>\n<p><strong>A doua c\u0103l\u0103torie:<\/strong><\/p>\n<ul>\n<li>Preluare: \u00cen jurul orei 13:30 (\u00cen func\u021bie de loca\u021bia hotelului dvs. \u00een Hurghada)<\/li>\n<\/ul>\n<p><strong>V\u0103 rug\u0103m s\u0103 alege\u021bi ora de preluare \u0219i s\u0103 ne informa\u021bi \u00een notele rezerv\u0103rii.<\/strong><\/p>\n<h5><\/h5>\n<\/div>\n<\/div>\n<\/div>\n<\/div>\n<\/div>\n<\/div>\n<\/div>\n<\/div>\n<\/div>\n<\/div>\n<\/div>\n<\/div>\n<\/div>\n<\/div>\n<\/div>\n<\/div>\n<\/div>\n<\/div>\n<\/div>\n<\/div>\n<\/div>\n<\/div>","protected":false},"excerpt":{"rendered":"<p>Overview Sahara Safari \u2013 Quad, Buggy, Jeep &amp; Show Explore the Sahara Desert with the Bedouin people: quad, buggy, jeep, village visit, and traditional show with all-you-can-eat buffet. &nbsp; Days of the Week and Duration: Available every day. Activity in the afternoon only \u2013 return is expected around 7 PM. &nbsp; Highlights: Transfer from your hotel in Hurghada to the safari site. 30 minutes of quad riding in the desert. 20 minutes of double buggy ride for more thrills. 25 km jeep trek with a guide to explore panoramic views. Visit a Bedouin village for a cultural immersion. All-you-can-eat buffet and traditional show to end the day. Return to your hotel with our driver. &nbsp; What to bring: Comfortable sports shoes for the desert Headpiece \u2013 Bedouin scarf Sunglasses Water Duration First journey: Pickup: Around 11:00 Am (Depending on your hotel location in Hurghada). Second journey: Pickup: Around 13:30 Pm (Depending on your hotel location in Hurghada) Please chose your pick up time and inform us on the booking notes.<\/p>","protected":false},"featured_media":9901,"comment_status":"open","ping_status":"closed","template":"","meta":[],"product_brand":[],"product_cat":[43,32],"product_tag":[],"class_list":{"0":"post-3437","1":"product","2":"type-product","3":"status-publish","4":"has-post-thumbnail","6":"brw_tour_types-beaches","7":"brw_tour_types-culture","8":"product_cat-hurghada","9":"product_cat-safari-excursion","11":"first","12":"instock","13":"shipping-taxable","14":"purchasable","15":"product-type-ovabrw_car_rental"},"acf":[],"_links":{"self":[{"href":"https:\/\/biankatour.com\/ro\/wp-json\/wp\/v2\/product\/3437","targetHints":{"allow":["GET"]}}],"collection":[{"href":"https:\/\/biankatour.com\/ro\/wp-json\/wp\/v2\/product"}],"about":[{"href":"https:\/\/biankatour.com\/ro\/wp-json\/wp\/v2\/types\/product"}],"replies":[{"embeddable":true,"href":"https:\/\/biankatour.com\/ro\/wp-json\/wp\/v2\/comments?post=3437"}],"wp:featuredmedia":[{"embeddable":true,"href":"https:\/\/biankatour.com\/ro\/wp-json\/wp\/v2\/media\/9901"}],"wp:attachment":[{"href":"https:\/\/biankatour.com\/ro\/wp-json\/wp\/v2\/media?parent=3437"}],"wp:term":[{"taxonomy":"product_brand","embeddable":true,"href":"https:\/\/biankatour.com\/ro\/wp-json\/wp\/v2\/product_brand?post=3437"},{"taxonomy":"product_cat","embeddable":true,"href":"https:\/\/biankatour.com\/ro\/wp-json\/wp\/v2\/product_cat?post=3437"},{"taxonomy":"product_tag","embeddable":true,"href":"https:\/\/biankatour.com\/ro\/wp-json\/wp\/v2\/product_tag?post=3437"}],"curies":[{"name":"wp","href":"https:\/\/api.w.org\/{rel}","templated":true}]}}