{"id":3381,"date":"2022-07-13T10:29:31","date_gmt":"2022-07-13T10:29:31","guid":{"rendered":"https:\/\/biankatour.com\/?post_type=product&#038;p=3381"},"modified":"2025-09-03T19:14:20","modified_gmt":"2025-09-03T19:14:20","slug":"family-safari-morning-or-sunset","status":"publish","type":"product","link":"https:\/\/biankatour.com\/ro\/produs\/family-safari-morning-or-sunset\/","title":{"rendered":"Safari \u00een familie"},"content":{"rendered":"<div class=\"elementor-element elementor-element-f85dd7f elementor-widget elementor-widget-heading\" data-id=\"f85dd7f\" data-element_type=\"widget\" data-widget_type=\"heading.default\">\n<div class=\"elementor-widget-container\">\n<h2 class=\"elementor-heading-title elementor-size-default\">Prezentare general\u0103<\/h2>\n<\/div>\n<\/div>\n<div class=\"elementor-element elementor-element-23592fac elementor-widget elementor-widget-babe-item-content\" data-id=\"23592fac\" data-element_type=\"widget\" data-widget_type=\"babe-item-content.default\">\n<div class=\"elementor-widget-container\">\n<div class=\"elementor-widget-inner\">\n<div class=\"triply-single-content\">\n<h3 class=\"main-header\">\u00a0Safari de diminea\u021b\u0103 cu ATV-ul de 3 ore din Hurghada<\/h3>\n<div class=\"flex max-w-full flex-col flex-grow\">\n<div class=\"min-h-[20px] text-message flex w-full flex-col items-end gap-2 whitespace-normal break-words [.text-message+&amp;]:mt-5\" dir=\"auto\" data-message-author-role=\"assistant\" data-message-id=\"3ddb6f01-46b3-4d29-b598-a765631fdef2\">\n<div class=\"flex w-full flex-col gap-1 empty:hidden first:pt-[3px]\">\n<div class=\"markdown prose w-full break-words dark:prose-invert light\">\n<p>Excursia \u00eencepe cu preluarea de la hotel \u0219i deplasarea la sta\u021bia Safari \u00een jurul orei 8:00<\/p>\n<p>\u00cencepem programul cu un ATV Honda timp de 45 de minute pentru a descoperi de\u0219ertul auriu \u0219i facem c\u00e2teva opriri pentru a face fotografii \u00een uimitorul de\u0219ert HURGHADA.<\/p>\n<p>\u00een al doilea r\u00e2nd, vom conduce ma\u0219ina p\u0103ianjen (buggy) timp de 15 minute, cu buggy de familie sau buggy dublu<\/p>\n<p>Apoi, experimenta\u021bi un safari palpitant cu jeep-ul prin de\u0219ert, urc\u00e2nd pe dunele de nisip \u00een drum spre satul beduin.<\/p>\n<p>Dup\u0103 aproximativ 25 km de safari cu jeep-ul, ve\u021bi ajunge la destina\u021bie (satul beduin). Aici v\u0103 pute\u021bi relaxa, v\u0103 pute\u021bi plimba pe o c\u0103mil\u0103, cu o ma\u0219in\u0103 Spider, v\u0103 pute\u021bi bucura de ceai beduin \u0219i pute\u021bi afla despre via\u021ba tradi\u021bional\u0103 a beduinilor.<\/p>\n<p>\u00centoarcere din satul beduin la hotel \u00een jurul orei 12:30.<\/p>\n<p>&nbsp;<\/p>\n<\/div>\n<\/div>\n<\/div>\n<\/div>\n<div class=\"mb-2 flex gap-3 empty:hidden -ml-2\">\n<div class=\"items-center justify-start rounded-xl p-1 flex\">\n<div class=\"flex items-center\">\n<div class=\"vc_row wpb_row vc_row-fluid\">\n<div class=\"wpb_column vc_column_container vc_col-sm-12\">\n<div class=\"vc_column-inner\">\n<div class=\"wpb_wrapper\">\n<div class=\"heading left\">\n<h3><strong>Repere:<\/strong><\/h3>\n<\/div>\n<\/div>\n<\/div>\n<\/div>\n<\/div>\n<div class=\"vc_row wpb_row vc_row-fluid\">\n<div class=\"wpb_column vc_column_container vc_col-sm-12\">\n<div class=\"vc_column-inner\">\n<div class=\"wpb_wrapper\">\n<div class=\"wpb_text_column wpb_content_element\">\n<div class=\"wpb_wrapper\">\n<ul>\n<li>Merge\u021bi cu un ATV \u00een De\u0219ertul de Est al Egiptului<\/li>\n<li>Exploreaz\u0103 de\u0219ertul magnific.<\/li>\n<li>Vizita\u021bi un sat beduin tradi\u021bional<\/li>\n<li>C\u0103l\u0103re\u0219te o c\u0103mil\u0103<\/li>\n<li>Opri\u021bi-v\u0103 pentru a bea un ceai la un cort beduin<\/li>\n<li>\u00cent\u00e2lne\u0219te-te cu beduini prieteno\u0219i \u00een corturile lor<\/li>\n<li>Ghid turistic privat toat\u0103 ziua cu tine<\/li>\n<li>Preluarea \u0219i returul de la hotel din Hurghada includ<\/li>\n<\/ul>\n<div class=\"heading left\">\n<h2>Ce s\u0103 iei cu tine?<\/h2>\n<\/div>\n<div class=\"wpb_text_column wpb_content_element\">\n<div class=\"wpb_wrapper\">\n<ul>\n<li>Echipamente foto \u0219i video<\/li>\n<li>Acoperire pentru cap (E\u0219arf\u0103)<\/li>\n<li>Crem\u0103 de soare<\/li>\n<li>Ochelari de soare<\/li>\n<li>Pantofi confortabili<\/li>\n<li>haine groase iarna sau haine lejere vara.<\/li>\n<\/ul>\n<h3><strong>\u00a0Durat\u0103<\/strong><\/h3>\n<p><strong>Prima c\u0103l\u0103torie:<\/strong><\/p>\n<ul>\n<li>Preluare: \u00cen jurul orei 08:00 (\u00een func\u021bie de loca\u021bia hotelului dvs. \u00een Hurghada).<\/li>\n<\/ul>\n<p><strong>A doua c\u0103l\u0103torie:<\/strong><\/p>\n<ul>\n<li>Preluare: \u00cen jurul orei 14:00 (\u00cen func\u021bie de loca\u021bia hotelului dvs. \u00een Hurghada)<\/li>\n<\/ul>\n<\/div>\n<\/div>\n<\/div>\n<h5>V\u0103 rug\u0103m s\u0103 alege\u021bi ora de preluare \u0219i s\u0103 ne informa\u021bi \u00een notele rezerv\u0103rii.<\/h5>\n<h5><\/h5>\n<\/div>\n<\/div>\n<\/div>\n<\/div>\n<\/div>\n<\/div>\n<\/div>\n<\/div>\n<\/div>\n<\/div>\n<\/div>\n<\/div>","protected":false},"excerpt":{"rendered":"<p>Overview \u00a0Morning 3-Hours Quad Safari From Hurghada The trip starts with pickup from your hotel and travel to the Safari\u00a0 station aroud 8:00 We start our program with a Honda quad bike for 45 minutes to discover the gold desert and make some stops to take photos in the amazing\u00a0HURGHADA\u00a0desert. second we will drive spider car (buggy) for 15 minutes family buggy or double buggy Then, experience an exciting jeep safari through the desert, climbing sand dunes on the way to the Bedouin village . After about\u00a0 25 km by jeep safari, you will reach your destination (Bedouin village). Here you can relax, ride a camel, ride a Spider car, enjoy\u00a0 beduin tea and learn about the traditional life of the Bedouins. Back from Bedouin village again to hotel about 12:30. &nbsp; Highlights: Ride a quad bike in the East \u00a0Desert of Egypt Explore the magnificent desert. Visit a traditional Bedouin village Ride a camel Stop for a drink a tea at a Bedouin tent Meet friendly Bedouins in their tents Privat tour guide all the day with you Hotel pickup and drop-off from Hurghada include What to take with you? Photo and video equipment Head cover ( Scarf ) Sun Cream Sunglasses Comfortable shoes warm clothing in winter or loose clothing in summer. \u00a0Duration First journey: Pickup: Around 08:00 Am (Depending on your hotel location in Hurghada). Second journey: Pickup: Around 14:00 Pm (Depending on your hotel location in Hurghada) Please chose your pick up time and inform us on the booking notes.<\/p>","protected":false},"featured_media":9692,"comment_status":"open","ping_status":"closed","template":"","meta":[],"product_brand":[],"product_cat":[43,37,32],"product_tag":[],"class_list":{"0":"post-3381","1":"product","2":"type-product","3":"status-publish","4":"has-post-thumbnail","6":"brw_tour_types-culture","7":"brw_tour_types-hiking","8":"product_cat-hurghada","9":"product_cat-family-excursion","10":"product_cat-safari-excursion","12":"first","13":"instock","14":"shipping-taxable","15":"purchasable","16":"product-type-ovabrw_car_rental"},"acf":[],"_links":{"self":[{"href":"https:\/\/biankatour.com\/ro\/wp-json\/wp\/v2\/product\/3381","targetHints":{"allow":["GET"]}}],"collection":[{"href":"https:\/\/biankatour.com\/ro\/wp-json\/wp\/v2\/product"}],"about":[{"href":"https:\/\/biankatour.com\/ro\/wp-json\/wp\/v2\/types\/product"}],"replies":[{"embeddable":true,"href":"https:\/\/biankatour.com\/ro\/wp-json\/wp\/v2\/comments?post=3381"}],"wp:featuredmedia":[{"embeddable":true,"href":"https:\/\/biankatour.com\/ro\/wp-json\/wp\/v2\/media\/9692"}],"wp:attachment":[{"href":"https:\/\/biankatour.com\/ro\/wp-json\/wp\/v2\/media?parent=3381"}],"wp:term":[{"taxonomy":"product_brand","embeddable":true,"href":"https:\/\/biankatour.com\/ro\/wp-json\/wp\/v2\/product_brand?post=3381"},{"taxonomy":"product_cat","embeddable":true,"href":"https:\/\/biankatour.com\/ro\/wp-json\/wp\/v2\/product_cat?post=3381"},{"taxonomy":"product_tag","embeddable":true,"href":"https:\/\/biankatour.com\/ro\/wp-json\/wp\/v2\/product_tag?post=3381"}],"curies":[{"name":"wp","href":"https:\/\/api.w.org\/{rel}","templated":true}]}}