{"id":3379,"date":"2022-07-13T10:25:57","date_gmt":"2022-07-13T10:25:57","guid":{"rendered":"https:\/\/biankatour.com\/?post_type=product&#038;p=3379"},"modified":"2025-09-03T19:14:32","modified_gmt":"2025-09-03T19:14:32","slug":"horse-riding","status":"publish","type":"product","link":"https:\/\/biankatour.com\/ro\/produs\/horse-riding\/","title":{"rendered":"C\u0103l\u0103rie"},"content":{"rendered":"<div class=\"elementor-element elementor-element-f85dd7f elementor-widget elementor-widget-heading\" data-id=\"f85dd7f\" data-element_type=\"widget\" data-widget_type=\"heading.default\">\n<div class=\"elementor-widget-container\">\n<h2 class=\"elementor-heading-title elementor-size-default\">Prezentare general\u0103<\/h2>\n<\/div>\n<\/div>\n<p><strong>2 ore de c\u0103l\u0103rie \u00een Hurghada, \u00een de\u0219ert, pe mare sau pe plaj\u0103<\/strong><\/p>\n<p><strong>(totul este posibil \u0219i tu decizi exact ce vrei)<\/strong><\/p>\n<p>&nbsp;<\/p>\n<h3><strong>Durat\u0103: la cerere<\/strong><\/h3>\n<ul>\n<li>V\u0103 rug\u0103m s\u0103 alege\u021bi ora de preluare \u0219i s\u0103 ne informa\u021bi \u00een notele rezerv\u0103rii.<\/li>\n<\/ul>\n<h5><\/h5>","protected":false},"excerpt":{"rendered":"<p>Overview 2 hours of Hurghada Horse riding in the desert and also in the sea or on the beach (everything is possible and you decide exactly what you want) &nbsp; Duration: as request Please chose your pick up time and inform us on the booking notes.<\/p>","protected":false},"featured_media":9894,"comment_status":"open","ping_status":"closed","template":"","meta":[],"product_brand":[],"product_cat":[43,32],"product_tag":[],"class_list":{"0":"post-3379","1":"product","2":"type-product","3":"status-publish","4":"has-post-thumbnail","6":"brw_tour_types-beaches","7":"brw_tour_types-culture","8":"product_cat-hurghada","9":"product_cat-safari-excursion","11":"first","12":"instock","13":"shipping-taxable","14":"purchasable","15":"product-type-ovabrw_car_rental"},"acf":[],"_links":{"self":[{"href":"https:\/\/biankatour.com\/ro\/wp-json\/wp\/v2\/product\/3379","targetHints":{"allow":["GET"]}}],"collection":[{"href":"https:\/\/biankatour.com\/ro\/wp-json\/wp\/v2\/product"}],"about":[{"href":"https:\/\/biankatour.com\/ro\/wp-json\/wp\/v2\/types\/product"}],"replies":[{"embeddable":true,"href":"https:\/\/biankatour.com\/ro\/wp-json\/wp\/v2\/comments?post=3379"}],"wp:featuredmedia":[{"embeddable":true,"href":"https:\/\/biankatour.com\/ro\/wp-json\/wp\/v2\/media\/9894"}],"wp:attachment":[{"href":"https:\/\/biankatour.com\/ro\/wp-json\/wp\/v2\/media?parent=3379"}],"wp:term":[{"taxonomy":"product_brand","embeddable":true,"href":"https:\/\/biankatour.com\/ro\/wp-json\/wp\/v2\/product_brand?post=3379"},{"taxonomy":"product_cat","embeddable":true,"href":"https:\/\/biankatour.com\/ro\/wp-json\/wp\/v2\/product_cat?post=3379"},{"taxonomy":"product_tag","embeddable":true,"href":"https:\/\/biankatour.com\/ro\/wp-json\/wp\/v2\/product_tag?post=3379"}],"curies":[{"name":"wp","href":"https:\/\/api.w.org\/{rel}","templated":true}]}}