{"id":3378,"date":"2022-07-13T10:23:06","date_gmt":"2022-07-13T10:23:06","guid":{"rendered":"https:\/\/biankatour.com\/?post_type=product&#038;p=3378"},"modified":"2025-09-03T19:14:51","modified_gmt":"2025-09-03T19:14:51","slug":"cairo-1-day-from-hurghada","status":"publish","type":"product","link":"https:\/\/biankatour.com\/ro\/produs\/cairo-1-day-from-hurghada\/","title":{"rendered":"Cairo 1 zi din Hurghada"},"content":{"rendered":"<div class=\"ovabrw_product_title\">\n<div class=\"heading left\">\n<div class=\"heading left\">\n<div class=\"heading left\">\n<p><strong>Excursie de o zi la Cairo din Hurghada cu autobuzul<\/strong><\/p>\n<p><strong>Alege<\/strong>\u00a0Te treze\u0219ti de la hotel t\u00e2rziu noaptea \u0219i conduci spre Cairo \u00eentr-un autobuz confortabil, cu toalet\u0103. Ora de preluare este \u00een jurul orei 1:30 - 2:30, \u00een func\u021bie de zona hotelului t\u0103u.<\/p>\n<p>La sosirea \u00een Cairo, ghidul v\u0103 va duce la<strong>\u00a0Muzeul Egiptean<\/strong>, unde pute\u021bi vedea o colec\u021bie rar\u0103 de\u00a0<strong>5000 de ani<\/strong>\u00a0de art\u0103, considerat\u0103 cea mai mare \u0219i mai pre\u021bioas\u0103 colec\u021bie de art\u0103 egiptean\u0103 din lume. Sunt prezentate peste 250.000 de artefacte autentice, inclusiv o expozi\u021bie dedicat\u0103\u00a0<strong>Colec\u021bia de comori Tutankhamen<\/strong>, aur \u0219i bijuterii care erau \u00eenchise \u00een morm\u00e2ntul s\u0103u \u0219i \u00een<strong>\u00a0masc\u0103 11 KG<\/strong>\u00a0cu IS-uri<strong>\u00a0sicriu 110 KG de aur pur v\u00e2ndut.<\/strong><\/p>\n<p>Bucur\u0103-te de egipteanul t\u0103u\u00a0<strong>pr\u00e2nz<\/strong>\u00a0\u00eentr-un restaurant tradi\u021bional.<\/p>\n<p>Cel\/Cea\/Cei\/Cele\u00a0<strong>ghid turistic<\/strong>\u00a0te va \u00eenso\u021bi \u00een aventura ta de a descoperi minunatele\u00a0<strong>Piramidele lui Keops, Kefren \u0219i Micerina, Sfinxul<\/strong>\u00a0cu cap de faraon \u0219i corp de leu, care dateaz\u0103 din timpul domniei regelui Chephren.\u00a0<strong>Templul V\u0103ii<\/strong>\u00a0Piramida lui Chephren este, de asemenea, o oper\u0103 magnific\u0103 de arhitectur\u0103 antic\u0103 \u0219i, prin urmare, putem admira precizia constructorilor s\u0103i.<\/p>\n<p>Turul include \u0219i o vizit\u0103 la<strong>\u00a0Templul V\u0103ii<\/strong>, care apar\u021bine Piramidelor lui Chephren.<\/p>\n<p>&nbsp;<\/p>\n<h3><strong>Zile \u0219i durat\u0103:<\/strong><\/h3>\n<p>Mar\u021bi \u0219i joi<\/p>\n<p>De la miezul nop\u021bii p\u00e2n\u0103 la 23:00 (ora se va confirma dup\u0103 rezervare).<\/p>\n<p>Excursie de o zi \u00eentreag\u0103 (aproximativ 23 de ore, inclusiv transferurile).<\/p>\n<p>&nbsp;<\/p>\n<h3><strong>Program:<\/strong><\/h3>\n<p>Preluare de la hotel \u00eentre miezul nop\u021bii \u0219i ora 2:00.<\/p>\n<p>C\u0103l\u0103torie spre Cairo cu autocar cu aer condi\u021bionat.<\/p>\n<p>Vizita\u021bi Piramidele din Giza \u0219i Sfinxul cu un ghid vorbitor de limba englez\u0103.<\/p>\n<p>Exploreaz\u0103 Muzeul Egiptean.<\/p>\n<p>Pr\u00e2nz tip bufet cu m\u00e2ncare liber\u0103 la un restaurant local.<\/p>\n<p>Vizita\u021bi un atelier de parfumuri \u0219i papirus.<\/p>\n<p>Croazier\u0103 op\u021bional\u0103 pe Nil (10 \u20ac de persoan\u0103).<\/p>\n<p>\u00centoarcere \u00een Hurghada, sosire \u00een jurul orei 23:00.<\/p>\n<\/div>\n<\/div>\n<\/div>\n<\/div>\n<div class=\"wpb_wrapper\">\n<div class=\"elementor-element elementor-element-46b7719 elementor-widget elementor-widget-babe-item-steps\" data-id=\"46b7719\" data-element_type=\"widget\" data-widget_type=\"babe-item-steps.default\">\n<div class=\"elementor-widget-container\">\n<div class=\"block_step\">\n<div class=\"block_step_content collapse-body block_active\">\n<div class=\"content\">\n<p>&nbsp;<\/p>\n<\/div>\n<\/div>\n<\/div>\n<\/div>\n<\/div>\n<div class=\"elementor-element elementor-element-4bfce25 elementor-widget-divider--view-line elementor-widget elementor-widget-divider\" data-id=\"4bfce25\" data-element_type=\"widget\" data-widget_type=\"divider.default\">\n<div class=\"elementor-widget-container\">\n<div class=\"elementor-divider\">\n<h2>\u00a0Durat\u0103<\/h2>\n<p><strong>Ridicare: \u00cen jurul orei 2:00 diminea\u021ba<\/strong><\/p>\n<\/div>\n<h5><\/h5>\n<\/div>\n<\/div>\n<\/div>","protected":false},"excerpt":{"rendered":"<p>Cairo over day trip from Hurghada by bus Pick\u00a0you up from your hotel late at night and drive to Cairo in a comfortable bus with a toilet.\u00a0Pickup time is around 1:30 am to 2:30 am depends on your hotel area. Upon your arrival in Cairo, the guide will take you to the\u00a0Egyptien museum,\u00a0where you can see a rare collection of\u00a05000 years\u00a0of art which is considered the largest most precious collection of Egyptian art in the world. Over 250,000 genuine artifacts are presented, including an exhibit dedicated to\u00a0Tutankhamen collection of treasure, gold and jewelry which was enclosed in his tomb and his\u00a0mask 11 KG\u00a0with hIs\u00a0coffin 110 KG of pure sold gold. Enjoy your Egyptian\u00a0lunch\u00a0in a traditional restaurant. The\u00a0tour guide\u00a0will accompany you on your adventure to discover the exquisite\u00a0Pyramids of Cheops, Chephren, and Mykerina, the Sphinx\u00a0with a head of a pharaoh and a lion\u2019s body, which dates back to the reign of King Chephren.\u00a0The Valley Temple\u00a0of the Pyramid of Chephren is a magnificent work of ancient architecture also, and therefore we can admire the precision of its builders. The tour also includes a visit to\u00a0the Valley Temple, which belongs to the Pyramids of Chephren. &nbsp; Days and Duration: Tuesday and Thursday From midnight to 11:00 PM (timing confirmed after booking). Full-day excursion (about 23 hours, including transfers). &nbsp; Program: Hotel pickup between midnight and 2 AM. Journey to Cairo by air-conditioned bus. Visit the Giza Pyramids and the Sphinx with an English-speaking guide. Explore the Egyptian Museum. All-you-can-eat buffet lunch at a local restaurant. Visit a perfume and papyrus workshop. Optional Nile cruise (\u20ac10 per person). Return to Hurghada, arriving around 11 PM. &nbsp; \u00a0Duration Pickup: Around 2:00 Am<\/p>","protected":false},"featured_media":9960,"comment_status":"open","ping_status":"closed","template":"","meta":[],"product_brand":[],"product_cat":[46,43],"product_tag":[],"class_list":{"0":"post-3378","1":"product","2":"type-product","3":"status-publish","4":"has-post-thumbnail","6":"brw_tour_types-beaches","7":"brw_tour_types-hiking","8":"product_cat-historical-excursion","9":"product_cat-hurghada","11":"first","12":"instock","13":"shipping-taxable","14":"purchasable","15":"product-type-ovabrw_car_rental"},"acf":[],"_links":{"self":[{"href":"https:\/\/biankatour.com\/ro\/wp-json\/wp\/v2\/product\/3378","targetHints":{"allow":["GET"]}}],"collection":[{"href":"https:\/\/biankatour.com\/ro\/wp-json\/wp\/v2\/product"}],"about":[{"href":"https:\/\/biankatour.com\/ro\/wp-json\/wp\/v2\/types\/product"}],"replies":[{"embeddable":true,"href":"https:\/\/biankatour.com\/ro\/wp-json\/wp\/v2\/comments?post=3378"}],"wp:featuredmedia":[{"embeddable":true,"href":"https:\/\/biankatour.com\/ro\/wp-json\/wp\/v2\/media\/9960"}],"wp:attachment":[{"href":"https:\/\/biankatour.com\/ro\/wp-json\/wp\/v2\/media?parent=3378"}],"wp:term":[{"taxonomy":"product_brand","embeddable":true,"href":"https:\/\/biankatour.com\/ro\/wp-json\/wp\/v2\/product_brand?post=3378"},{"taxonomy":"product_cat","embeddable":true,"href":"https:\/\/biankatour.com\/ro\/wp-json\/wp\/v2\/product_cat?post=3378"},{"taxonomy":"product_tag","embeddable":true,"href":"https:\/\/biankatour.com\/ro\/wp-json\/wp\/v2\/product_tag?post=3378"}],"curies":[{"name":"wp","href":"https:\/\/api.w.org\/{rel}","templated":true}]}}