{"id":1699,"date":"2022-07-07T10:15:07","date_gmt":"2022-07-07T10:15:07","guid":{"rendered":"https:\/\/biankatour.com\/?post_type=product&#038;p=1699"},"modified":"2025-09-03T19:15:13","modified_gmt":"2025-09-03T19:15:13","slug":"day-trip-to-luxor-from-hurghada","status":"publish","type":"product","link":"https:\/\/biankatour.com\/ro\/produs\/day-trip-to-luxor-from-hurghada\/","title":{"rendered":"Excursie de o zi la Luxor din Hurghada"},"content":{"rendered":"<h2>Prezentare general\u0103<\/h2>\n<p>Cu o popula\u021bie de aproximativ 500.000 de locuitori, Luxor este cel mai mare ora\u0219 din Egiptul de Sus \u0219i serve\u0219te drept capital\u0103 administrativ\u0103 a guvernoratului Luxor. Fluviul Nil \u00eemparte ora\u0219ul \u00een dou\u0103 sec\u021biuni.<\/p>\n<p>\u00cen partea de nord-est a Luxorului se afl\u0103 renumitul Templu Karnak, c\u00e2ndva cel mai important templu din Egiptul antic, cu coloanele sale impun\u0103toare, obeliscurile \u0219i statuile care impresioneaz\u0103 prin dimensiunile lor. Mai la sud, ve\u021bi g\u0103si Muzeul Luxor, care ad\u0103poste\u0219te descoperiri arheologice recente din regiune, urmat de Templul Luxor. Construit de Amenhotep al III-lea \u0219i Ramses al II-lea, acest templu a fost dedicat lui Amon-Ra, regele zeilor.<\/p>\n<p>Peste Nil, pe malul vestic, se afl\u0103 templul reginei Hatshepsut, unul dintre cele mai bine conservate temple din Teba, dat\u00e2nd din dinastia a XVIII-a. \u00cen apropiere se afl\u0103 Valea Regilor, unde morm\u00e2ntul aproape intact al lui Tutankhamon a fost descoperit de Howard Carter \u00een 1922. De asemenea, pe malul vestic se afl\u0103 impun\u0103torii Colo\u0219i ai lui Memnon, care \u00eel reprezint\u0103 pe faraonul Amenhotep al III-lea.<\/p>\n<p>Valea Regilor este remarcabil\u0103 \u00een special pentru mormintele celor mai faimo\u0219i conduc\u0103tori ai Noului Regat. O excursie cu autobuzul de la Hurghada la Luxor este obligatorie pentru oricine dore\u0219te s\u0103 exploreze bogata istorie a Egiptului.<\/p>\n<h3><strong>Zilele s\u0103pt\u0103m\u00e2nii \u0219i durata:<\/strong><\/h3>\n<p>Mar\u021bi \u0219i joi.<\/p>\n<p>De la 4:00 la 21:00 (orele exacte vor fi confirmate dup\u0103 rezervare).<\/p>\n<p>Excursie de o zi \u00eentreag\u0103 (aproximativ 17 ore, inclusiv transferurile).<\/p>\n<p><strong>\u00a0<\/strong><\/p>\n<h3><strong>Ce s\u0103 aduci cu tine:<\/strong><\/h3>\n<p>Sticl\u0103 de ap\u0103.<\/p>\n<p>Crem\u0103 de protec\u021bie solar\u0103.<\/p>\n<p>Ochelari de soare \u0219i p\u0103l\u0103rie.<\/p>\n<p>Camer\u0103 foto.<\/p>\n<p>Fotografie cu pa\u0219aportul t\u0103u pe telefon.<\/p>\n<p>Numerar dac\u0103 dori\u021bi s\u0103 cump\u0103ra\u021bi extra.<\/p>\n<h2>\u00a0Durat\u0103<\/h2>\n<p><strong>Ridicare: \u00cen jurul orei 4:00<\/strong><\/p>\n<h5><\/h5>","protected":false},"excerpt":{"rendered":"<p>Overview With a population of around 500,000, Luxor is the largest city in Upper Egypt and serves as the administrative capital of the Luxor Governorate. The Nile River divides the city into two sections. In the northeastern part of Luxor lies the renowned Karnak Temple, once the most important temple in ancient Egypt, with its towering columns, obelisks, and statues that impress with their sheer size. Further south, you\u2019ll find the Luxor Museum, housing recent archaeological discoveries from the region, followed by the Luxor Temple. Built by Amenhotep III and Ramses II, this temple was dedicated to Amun-Ra, the king of the gods. Across the Nile, on the west bank, stands the temple of Queen Hatshepsut, one of the best-preserved temples of Thebes, dating back to the 18th Dynasty. Nearby is the Valley of the Kings, where the nearly intact tomb of Tutankhamun was discovered by Howard Carter in 1922. Also on the west bank are the imposing Colossi of Memnon, which represent Pharaoh Amenhotep III. The Valley of the Kings is especially notable for its tombs of the New Kingdom\u2019s most famous rulers. A bus trip from Hurghada to Luxor is a must for anyone eager to explore Egypt\u2019s rich history. Days of the week and duration: Tuesday and Thursday. From 4:00 AM to 9:00 PM (exact times confirmed after booking). Full-day excursion (approximately 17 hours, including transfers). \u00a0 What to bring with you: Bottle of water. Sunscreen. Sunglasses and hat. Camera. Photo of your passport on your phone. Cash if you wish to buy extras. \u00a0Duration Pickup: Around 4:00 Am<\/p>","protected":false},"featured_media":9966,"comment_status":"open","ping_status":"closed","template":"","meta":[],"product_brand":[],"product_cat":[46,43],"product_tag":[],"class_list":{"0":"post-1699","1":"product","2":"type-product","3":"status-publish","4":"has-post-thumbnail","6":"brw_tour_types-culture","7":"brw_tour_types-family","8":"product_cat-historical-excursion","9":"product_cat-hurghada","11":"first","12":"instock","13":"shipping-taxable","14":"purchasable","15":"product-type-ovabrw_car_rental"},"acf":[],"_links":{"self":[{"href":"https:\/\/biankatour.com\/ro\/wp-json\/wp\/v2\/product\/1699","targetHints":{"allow":["GET"]}}],"collection":[{"href":"https:\/\/biankatour.com\/ro\/wp-json\/wp\/v2\/product"}],"about":[{"href":"https:\/\/biankatour.com\/ro\/wp-json\/wp\/v2\/types\/product"}],"replies":[{"embeddable":true,"href":"https:\/\/biankatour.com\/ro\/wp-json\/wp\/v2\/comments?post=1699"}],"wp:featuredmedia":[{"embeddable":true,"href":"https:\/\/biankatour.com\/ro\/wp-json\/wp\/v2\/media\/9966"}],"wp:attachment":[{"href":"https:\/\/biankatour.com\/ro\/wp-json\/wp\/v2\/media?parent=1699"}],"wp:term":[{"taxonomy":"product_brand","embeddable":true,"href":"https:\/\/biankatour.com\/ro\/wp-json\/wp\/v2\/product_brand?post=1699"},{"taxonomy":"product_cat","embeddable":true,"href":"https:\/\/biankatour.com\/ro\/wp-json\/wp\/v2\/product_cat?post=1699"},{"taxonomy":"product_tag","embeddable":true,"href":"https:\/\/biankatour.com\/ro\/wp-json\/wp\/v2\/product_tag?post=1699"}],"curies":[{"name":"wp","href":"https:\/\/api.w.org\/{rel}","templated":true}]}}