{"id":7796,"date":"2023-06-07T08:17:24","date_gmt":"2023-06-07T08:17:24","guid":{"rendered":"https:\/\/biankatour.com\/?post_type=product&#038;p=7796"},"modified":"2025-09-03T19:13:11","modified_gmt":"2025-09-03T19:13:11","slug":"hula-hula-beach-island-snorkeling-trip","status":"publish","type":"product","link":"https:\/\/biankatour.com\/fr\/produit\/hula-hula-beach-island-snorkeling-trip\/","title":{"rendered":"Excursion de plong\u00e9e avec tuba sur l'\u00eele de Hula Hula Beach"},"content":{"rendered":"<div class=\"elementor-element elementor-element-874f5e4 elementor-widget elementor-widget-heading\" data-id=\"874f5e4\" data-element_type=\"widget\" data-widget_type=\"heading.default\">\n<div class=\"elementor-widget-container\">\n<h3 class=\"elementor-heading-title elementor-size-default\">Description de la visite<\/h3>\n<\/div>\n<\/div>\n<div class=\"elementor-element elementor-element-6aaa7b1 elementor-widget elementor-widget-babe-item-content\" data-id=\"6aaa7b1\" data-element_type=\"widget\" data-widget_type=\"babe-item-content.default\">\n<div class=\"elementor-widget-container\">\n<div class=\"elementor-widget-inner\">\n<div class=\"triply-single-content\">\n<p><strong>Profitez d'une baignade inoubliable sur la plage priv\u00e9e de l'\u00eele Hula Hula et d'une excursion en bateau relaxante sur la mer Rouge.<\/strong><br \/>\n<strong>L'\u00eele de Hula Hula est une r\u00e9serve naturelle de la mer Rouge au large d'Hurghada et offre \u00e0 ses visiteurs des plages de sable blanc et des r\u00e9cifs coralliens immacul\u00e9s et color\u00e9s.<\/strong><\/p>\n<p><strong>Nagez et faites de la plong\u00e9e avec tuba avec une incroyable vari\u00e9t\u00e9 de poissons diff\u00e9rents et d\u00e9couvrez le monde sous-marin unique.<\/strong><\/p>\n<\/div>\n<\/div>\n<\/div>\n<\/div>","protected":false},"excerpt":{"rendered":"<p>Tour Description Enjoy unforgettable swimming on the private beach on\u00a0Hula Hula Island\u00a0\u00a0and a relaxing boat trip on the Red Sea. Hula Hula Island\u00a0is a nature reserve in the Red Sea off Hurghada and offers its visitors white sandy beaches and colorful pristine coral reefs. Swim and snorkel with an incredible variety of different fish and discover the unique underwater world.<\/p>","protected":false},"featured_media":9415,"comment_status":"open","ping_status":"closed","template":"","meta":[],"product_brand":[],"product_cat":[43,28],"product_tag":[45],"class_list":{"0":"post-7796","1":"product","2":"type-product","3":"status-publish","4":"has-post-thumbnail","6":"product_cat-hurghada","7":"product_cat-sea-excursion","8":"product_tag-sports","10":"first","11":"instock","12":"shipping-taxable","13":"purchasable","14":"product-type-ovabrw_car_rental"},"acf":[],"_links":{"self":[{"href":"https:\/\/biankatour.com\/fr\/wp-json\/wp\/v2\/product\/7796","targetHints":{"allow":["GET"]}}],"collection":[{"href":"https:\/\/biankatour.com\/fr\/wp-json\/wp\/v2\/product"}],"about":[{"href":"https:\/\/biankatour.com\/fr\/wp-json\/wp\/v2\/types\/product"}],"replies":[{"embeddable":true,"href":"https:\/\/biankatour.com\/fr\/wp-json\/wp\/v2\/comments?post=7796"}],"wp:featuredmedia":[{"embeddable":true,"href":"https:\/\/biankatour.com\/fr\/wp-json\/wp\/v2\/media\/9415"}],"wp:attachment":[{"href":"https:\/\/biankatour.com\/fr\/wp-json\/wp\/v2\/media?parent=7796"}],"wp:term":[{"taxonomy":"product_brand","embeddable":true,"href":"https:\/\/biankatour.com\/fr\/wp-json\/wp\/v2\/product_brand?post=7796"},{"taxonomy":"product_cat","embeddable":true,"href":"https:\/\/biankatour.com\/fr\/wp-json\/wp\/v2\/product_cat?post=7796"},{"taxonomy":"product_tag","embeddable":true,"href":"https:\/\/biankatour.com\/fr\/wp-json\/wp\/v2\/product_tag?post=7796"}],"curies":[{"name":"wp","href":"https:\/\/api.w.org\/{rel}","templated":true}]}}