{"id":7786,"date":"2023-06-07T07:47:48","date_gmt":"2023-06-07T07:47:48","guid":{"rendered":"https:\/\/biankatour.com\/?post_type=product&#038;p=7786"},"modified":"2025-09-03T19:11:46","modified_gmt":"2025-09-03T19:11:46","slug":"orange-bay-island","status":"publish","type":"product","link":"https:\/\/biankatour.com\/fr\/produit\/orange-bay-island\/","title":{"rendered":"\u00cele d'Orange Bay"},"content":{"rendered":"<div class=\"elementor-element elementor-element-874f5e4 elementor-widget elementor-widget-heading\" data-id=\"874f5e4\" data-element_type=\"widget\" data-widget_type=\"heading.default\">\n<div class=\"elementor-widget-container\">\n<h3 class=\"elementor-heading-title elementor-size-default\">Description de la visite<\/h3>\n<\/div>\n<\/div>\n<div class=\"elementor-element elementor-element-6aaa7b1 elementor-widget elementor-widget-babe-item-content\" data-id=\"6aaa7b1\" data-element_type=\"widget\" data-widget_type=\"babe-item-content.default\">\n<div class=\"elementor-widget-container\">\n<div class=\"elementor-widget-inner\">\n<div class=\"triply-single-content\">\n<div class=\"\">\n<div><strong>Partez pour une journ\u00e9e de snorkeling dans les eaux de la mer Rouge au d\u00e9part de votre h\u00f4tel \u00e0 Hurghada. Vous rejoindrez l'\u00eele d'Orange Bay en bateau, avec deux escales pour observer la vie marine (guide et \u00e9quipement inclus), ainsi que des balades en bateau banane et en bou\u00e9e tract\u00e9e. Le d\u00e9jeuner est servi \u00e0 bord, mais l'entr\u00e9e au parc national est \u00e0 votre charge.<\/strong><\/div>\n<\/div>\n<ul class=\"featureList__DsWN\">\n<li class=\"feature__W54X\">\n<div><\/div>\n<div>\n<div class=\"\"><strong>Passez une journ\u00e9e de d\u00e9tente sur la mer Rouge, avec d\u00e9jeuner sur votre bateau<\/strong><\/div>\n<\/div>\n<\/li>\n<li class=\"feature__W54X\">\n<div><\/div>\n<div>\n<div class=\"\"><strong>D\u00e9couvrez \u00e9galement Orange Bay Island avec deux aventures de sports nautiques palpitantes<\/strong><\/div>\n<\/div>\n<\/li>\n<li class=\"feature__W54X\">\n<div><\/div>\n<div>\n<div class=\"\"><strong>Transferts aller-retour sans tracas assur\u00e9s depuis les h\u00f4tels d'Hurghada<\/strong><\/div>\n<\/div>\n<\/li>\n<li class=\"feature__W54X\">\n<div><\/div>\n<div>\n<div class=\"\"><strong>Faites de la plong\u00e9e avec tuba \u00e0 deux endroits diff\u00e9rents, avec un guide pour rep\u00e9rer la faune et vous aider<\/strong><\/div>\n<\/div>\n<\/li>\n<\/ul>\n<\/div>\n<\/div>\n<\/div>\n<\/div>","protected":false},"excerpt":{"rendered":"<p>Tour Description Head out to the waters of the Red Sea on a full-day snorkeling tour from your Hurghada hotel. You\u2019ll travel by boat to Orange Bay Island, enjoying two separate stops to snorkel with marine life (guide and equipment included) plus rides on a banana boat and a tow tube. Lunch is provided on board, but national park admission fees are at your own expense. Spend a relaxing day on the Red Sea, with lunch on your boat Experience Orange Bay Island with two thrilling water sport adventures too Hassle-free 2-way transfers provided from Hurghada hotels Snorkel two different locations, with a guide to spot wildlife and assist<\/p>","protected":false},"featured_media":9954,"comment_status":"open","ping_status":"closed","template":"","meta":[],"product_brand":[],"product_cat":[43,28],"product_tag":[41,45],"class_list":{"0":"post-7786","1":"product","2":"type-product","3":"status-publish","4":"has-post-thumbnail","6":"product_cat-hurghada","7":"product_cat-sea-excursion","8":"product_tag-shoe","9":"product_tag-sports","11":"first","12":"instock","13":"shipping-taxable","14":"purchasable","15":"product-type-ovabrw_car_rental"},"acf":[],"_links":{"self":[{"href":"https:\/\/biankatour.com\/fr\/wp-json\/wp\/v2\/product\/7786","targetHints":{"allow":["GET"]}}],"collection":[{"href":"https:\/\/biankatour.com\/fr\/wp-json\/wp\/v2\/product"}],"about":[{"href":"https:\/\/biankatour.com\/fr\/wp-json\/wp\/v2\/types\/product"}],"replies":[{"embeddable":true,"href":"https:\/\/biankatour.com\/fr\/wp-json\/wp\/v2\/comments?post=7786"}],"wp:featuredmedia":[{"embeddable":true,"href":"https:\/\/biankatour.com\/fr\/wp-json\/wp\/v2\/media\/9954"}],"wp:attachment":[{"href":"https:\/\/biankatour.com\/fr\/wp-json\/wp\/v2\/media?parent=7786"}],"wp:term":[{"taxonomy":"product_brand","embeddable":true,"href":"https:\/\/biankatour.com\/fr\/wp-json\/wp\/v2\/product_brand?post=7786"},{"taxonomy":"product_cat","embeddable":true,"href":"https:\/\/biankatour.com\/fr\/wp-json\/wp\/v2\/product_cat?post=7786"},{"taxonomy":"product_tag","embeddable":true,"href":"https:\/\/biankatour.com\/fr\/wp-json\/wp\/v2\/product_tag?post=7786"}],"curies":[{"name":"wp","href":"https:\/\/api.w.org\/{rel}","templated":true}]}}