{"id":7764,"date":"2023-06-07T03:06:59","date_gmt":"2023-06-07T03:06:59","guid":{"rendered":"https:\/\/biankatour.com\/?post_type=product&#038;p=7764"},"modified":"2025-09-03T19:10:15","modified_gmt":"2025-09-03T19:10:15","slug":"scuba-diving-full-day-boat-trip-with-lunch","status":"publish","type":"product","link":"https:\/\/biankatour.com\/fr\/produit\/scuba-diving-full-day-boat-trip-with-lunch\/","title":{"rendered":"Excursion d'une journ\u00e9e compl\u00e8te en bateau avec plong\u00e9e sous-marine et d\u00e9jeuner"},"content":{"rendered":"<div class=\"elementor-element elementor-element-874f5e4 elementor-widget elementor-widget-heading\" data-id=\"874f5e4\" data-element_type=\"widget\" data-widget_type=\"heading.default\">\n<div class=\"elementor-widget-container\">\n<h3 class=\"elementor-heading-title elementor-size-default\">Description de la visite<\/h3>\n<\/div>\n<\/div>\n<div class=\"elementor-element elementor-element-6aaa7b1 elementor-widget elementor-widget-babe-item-content\" data-id=\"6aaa7b1\" data-element_type=\"widget\" data-widget_type=\"babe-item-content.default\">\n<div class=\"elementor-widget-container\">\n<div class=\"elementor-widget-inner\">\n<div class=\"triply-single-content\">\n<div class=\"\">\n<div><strong>Cette excursion de plong\u00e9e d'une journ\u00e9e au d\u00e9part d'Hurghada est id\u00e9ale pour les d\u00e9butants et les experts voyageant ensemble. Vous partirez en mer Rouge et explorerez des sites de plong\u00e9e peu profonds adapt\u00e9s aux d\u00e9butants, ainsi que des zones et des tombants plus profonds pour les plus exp\u00e9riment\u00e9s. D\u00e9jeuner et transferts depuis et vers l'h\u00f4tel inclus.<\/strong><\/div>\n<\/div>\n<ul class=\"featureList__DsWN\">\n<li class=\"feature__W54X\">\n<div><\/div>\n<div>\n<div class=\"\"><strong>Id\u00e9al pour les plongeurs de diff\u00e9rents niveaux d'exp\u00e9rience qui voyagent ensemble<\/strong><\/div>\n<\/div>\n<\/li>\n<li class=\"feature__W54X\">\n<div><\/div>\n<div>\n<div class=\"\"><strong>Effectuez deux arr\u00eats de plong\u00e9e : l'un adapt\u00e9 aux d\u00e9butants, l'autre aux plongeurs exp\u00e9riment\u00e9s<\/strong><\/div>\n<\/div>\n<\/li>\n<li class=\"feature__W54X\">\n<div><\/div>\n<div>\n<div class=\"\"><strong>Prise en charge et retour sans tracas depuis votre h\u00f4tel \u00e0 Hurghada<\/strong><\/div>\n<\/div>\n<\/li>\n<li class=\"feature__W54X\">\n<div><\/div>\n<div>\n<div class=\"\"><strong>Comprend le d\u00e9jeuner servi \u00e0 bord, ainsi que les boissons sans alcool, l'eau et le caf\u00e9\/th\u00e9<\/strong><\/div>\n<\/div>\n<\/li>\n<\/ul>\n<\/div>\n<\/div>\n<\/div>\n<\/div>","protected":false},"excerpt":{"rendered":"<p>Tour Description This full-day diving trip from Hurghada is ideal for novices and experts traveling together. You\u2019ll head out onto the Red Sea and explore shallow dive sites suitable for beginners, as well as deeper areas and walls for those with more experience. Includes lunch and hotel transfers. Ideal for divers of different levels of experience who are traveling together Make two diving stops: One best-suited to beginners, the other to experienced divers Hassle-free pickup and drop-off from your Hurghada hotel Includes lunch served on board, as well as soft drinks, water, and coffee\/tea<\/p>","protected":false},"featured_media":9938,"comment_status":"open","ping_status":"closed","template":"","meta":[],"product_brand":[],"product_cat":[43,28],"product_tag":[41,45],"class_list":{"0":"post-7764","1":"product","2":"type-product","3":"status-publish","4":"has-post-thumbnail","6":"product_cat-hurghada","7":"product_cat-sea-excursion","8":"product_tag-shoe","9":"product_tag-sports","11":"first","12":"instock","13":"shipping-taxable","14":"purchasable","15":"product-type-ovabrw_car_rental"},"acf":[],"_links":{"self":[{"href":"https:\/\/biankatour.com\/fr\/wp-json\/wp\/v2\/product\/7764","targetHints":{"allow":["GET"]}}],"collection":[{"href":"https:\/\/biankatour.com\/fr\/wp-json\/wp\/v2\/product"}],"about":[{"href":"https:\/\/biankatour.com\/fr\/wp-json\/wp\/v2\/types\/product"}],"replies":[{"embeddable":true,"href":"https:\/\/biankatour.com\/fr\/wp-json\/wp\/v2\/comments?post=7764"}],"wp:featuredmedia":[{"embeddable":true,"href":"https:\/\/biankatour.com\/fr\/wp-json\/wp\/v2\/media\/9938"}],"wp:attachment":[{"href":"https:\/\/biankatour.com\/fr\/wp-json\/wp\/v2\/media?parent=7764"}],"wp:term":[{"taxonomy":"product_brand","embeddable":true,"href":"https:\/\/biankatour.com\/fr\/wp-json\/wp\/v2\/product_brand?post=7764"},{"taxonomy":"product_cat","embeddable":true,"href":"https:\/\/biankatour.com\/fr\/wp-json\/wp\/v2\/product_cat?post=7764"},{"taxonomy":"product_tag","embeddable":true,"href":"https:\/\/biankatour.com\/fr\/wp-json\/wp\/v2\/product_tag?post=7764"}],"curies":[{"name":"wp","href":"https:\/\/api.w.org\/{rel}","templated":true}]}}