{"id":4376,"date":"2022-08-09T02:27:05","date_gmt":"2022-08-09T02:27:05","guid":{"rendered":"https:\/\/biankatour.com\/?post_type=product&#038;p=4376"},"modified":"2025-09-03T19:08:04","modified_gmt":"2025-09-03T19:08:04","slug":"sharm-el-naga-snorkeling-trip","status":"publish","type":"product","link":"https:\/\/biankatour.com\/fr\/produit\/sharm-el-naga-snorkeling-trip\/","title":{"rendered":"Excursion de plong\u00e9e en apn\u00e9e \u00e0 Sharm El Naga"},"content":{"rendered":"<div class=\"elementor-element elementor-element-874f5e4 elementor-widget elementor-widget-heading\" data-id=\"874f5e4\" data-element_type=\"widget\" data-widget_type=\"heading.default\">\n<div class=\"elementor-widget-container\">\n<h3 class=\"elementor-heading-title elementor-size-default\">Description de la visite<\/h3>\n<\/div>\n<\/div>\n<div class=\"elementor-element elementor-element-6aaa7b1 elementor-widget elementor-widget-babe-item-content\" data-id=\"6aaa7b1\" data-element_type=\"widget\" data-widget_type=\"babe-item-content.default\">\n<div class=\"elementor-widget-container\">\n<div class=\"elementor-widget-inner\">\n<div class=\"triply-single-content\">\n<p><strong>Profitez d'une journ\u00e9e palpitante. Profitez des eaux cristallines et des plages de sable fin de Sharm El Naga lors d'une excursion d'une journ\u00e9e au d\u00e9part d'Hurghada. Plongez avec masque et tuba le long des r\u00e9cifs coralliens de la mer Rouge. Profitez des sports nautiques et des jeux sur la plage.<\/strong><\/p>\n<\/div>\n<\/div>\n<\/div>\n<\/div>","protected":false},"excerpt":{"rendered":"<p>Tour Description Enjoy an exciting day, Head to the crystal-clear waters and sandy beaches of Sharm El Naga on a day trip from Hurghada. Snorkel along the Red Sea\u2019s coral reefs. Enjoy water sports and games on the beach.<\/p>","protected":false},"featured_media":9510,"comment_status":"open","ping_status":"closed","template":"","meta":[],"product_brand":[],"product_cat":[43,48,28],"product_tag":[],"class_list":{"0":"post-4376","1":"product","2":"type-product","3":"status-publish","4":"has-post-thumbnail","6":"brw_tour_types-culture","7":"brw_tour_types-family","8":"product_cat-hurghada","9":"product_cat-marsa-allam","10":"product_cat-sea-excursion","12":"first","13":"instock","14":"shipping-taxable","15":"purchasable","16":"product-type-ovabrw_car_rental"},"acf":[],"_links":{"self":[{"href":"https:\/\/biankatour.com\/fr\/wp-json\/wp\/v2\/product\/4376","targetHints":{"allow":["GET"]}}],"collection":[{"href":"https:\/\/biankatour.com\/fr\/wp-json\/wp\/v2\/product"}],"about":[{"href":"https:\/\/biankatour.com\/fr\/wp-json\/wp\/v2\/types\/product"}],"replies":[{"embeddable":true,"href":"https:\/\/biankatour.com\/fr\/wp-json\/wp\/v2\/comments?post=4376"}],"wp:featuredmedia":[{"embeddable":true,"href":"https:\/\/biankatour.com\/fr\/wp-json\/wp\/v2\/media\/9510"}],"wp:attachment":[{"href":"https:\/\/biankatour.com\/fr\/wp-json\/wp\/v2\/media?parent=4376"}],"wp:term":[{"taxonomy":"product_brand","embeddable":true,"href":"https:\/\/biankatour.com\/fr\/wp-json\/wp\/v2\/product_brand?post=4376"},{"taxonomy":"product_cat","embeddable":true,"href":"https:\/\/biankatour.com\/fr\/wp-json\/wp\/v2\/product_cat?post=4376"},{"taxonomy":"product_tag","embeddable":true,"href":"https:\/\/biankatour.com\/fr\/wp-json\/wp\/v2\/product_tag?post=4376"}],"curies":[{"name":"wp","href":"https:\/\/api.w.org\/{rel}","templated":true}]}}