{"id":4210,"date":"2022-08-04T06:48:38","date_gmt":"2022-08-04T06:48:38","guid":{"rendered":"https:\/\/biankatour.com\/?post_type=product&#038;p=4210"},"modified":"2025-11-17T13:00:49","modified_gmt":"2025-11-17T13:00:49","slug":"magawish-island","status":"publish","type":"product","link":"https:\/\/biankatour.com\/fr\/produit\/magawish-island\/","title":{"rendered":"\u00cele Magawish"},"content":{"rendered":"<h5>Excursion \u00e0 l'\u00eele de Magawish \u00e0 Hurghada<\/h5>\n<ul>\n<li class=\"nonelist\"><em class=\"fa-green fa-solid fa-circle-info\">\u00a0<\/em><strong>Nous<\/strong>\u00a0vous invite \u00e0 explorer les Cara\u00efbes \u00e9gyptiennes, \u00e0 nager et \u00e0 faire de la plong\u00e9e avec tuba dans les eaux cristallines de la vie marine de la mer Rouge.<\/li>\n<li class=\"nonelist\"><em class=\"fa-green fa-solid fa-circle-info\">\u00a0<\/em>2 heures sur l'\u00eele + 2 arr\u00eats Snorkeling + repas de lancement + boissons toute la journ\u00e9e jeux aquatiques.<\/li>\n<li class=\"nonelist\"><em class=\"fa-green fa-solid fa-circle-info\">\u00a0<\/em>L'\u00eele de Magawish est r\u00e9put\u00e9e pour sa beaut\u00e9 immacul\u00e9e, ses eaux cristallines et sa vie marine foisonnante. Cette excursion allie plong\u00e9e, d\u00e9tente et aventure, ce qui en fait un choix id\u00e9al pour une escapade d'une journ\u00e9e compl\u00e8te au d\u00e9part d'Hurghada. Voici un programme type pour une excursion sur l'\u00eele de Magawish \u00e0 Hurghada.<\/li>\n<li class=\"nonelist\"><em class=\"fa-green fa-solid fa-circle-info\">\u00a0<\/em>Ce programme offre un excellent \u00e9quilibre entre d\u00e9tente, aventure et exploration dans l'une des plus belles r\u00e9gions pr\u00e8s d'Hurghada.<\/li>\n<li class=\"nonelist\">\n<h3><em class=\"fa-green fa-solid fa-person-walking-luggage\">\u00a0<\/em><strong>Ce que vous devez emporter avec vous :<\/strong><\/h3>\n<ul>\n<li class=\"nonelist\"><em class=\"fa-green fa-solid fa-check\">\u00a0<\/em>Serviette.<\/li>\n<li class=\"nonelist\"><em class=\"fa-green fa-solid fa-check\">\u00a0<\/em>Cr\u00e8me solaire.<\/li>\n<li class=\"nonelist\"><em class=\"fa-green fa-solid fa-check\">\u00a0<\/em>Lunettes de soleil et chapeau.<\/li>\n<li class=\"nonelist\"><em class=\"fa-green fa-solid fa-check\">\u00a0<\/em>Appareil photo ou GoPro.<\/li>\n<\/ul>\n<\/li>\n<\/ul>","protected":false},"excerpt":{"rendered":"<p>Excursion to Magawish Island Hurghada \u00a0We\u00a0invites you to explore the Egyptian Caribbean, swim and snorkel in the crystal clear waters of the Red Sea marine life. \u00a02 Hours island + 2 stops Snorkeling + launch meal + all day drinks+ water games. \u00a0Magawish Island is renowned for its pristine beauty, clear waters, and vibrant marine life. This excursion provides a wonderful combination of snorkeling, relaxation, and adventure, making it an ideal choice for a full-day getaway from Hurghada. Here&#8217;s a typical program for an Magawish Island Hurghada excursion. \u00a0This program offers a great balance of relaxation, adventure, and exploration in one of the most beautiful areas near Hurghada. \u00a0What you need to take with you: \u00a0Towel. \u00a0Sunscreen. \u00a0Sunglasses and hat. \u00a0Camera or GoPro.<\/p>","protected":false},"featured_media":9537,"comment_status":"open","ping_status":"closed","template":"","meta":[],"product_brand":[],"product_cat":[43,28],"product_tag":[],"class_list":{"0":"post-4210","1":"product","2":"type-product","3":"status-publish","4":"has-post-thumbnail","6":"brw_tour_types-beaches","7":"product_cat-hurghada","8":"product_cat-sea-excursion","10":"first","11":"instock","12":"shipping-taxable","13":"purchasable","14":"product-type-ovabrw_car_rental"},"acf":[],"_links":{"self":[{"href":"https:\/\/biankatour.com\/fr\/wp-json\/wp\/v2\/product\/4210","targetHints":{"allow":["GET"]}}],"collection":[{"href":"https:\/\/biankatour.com\/fr\/wp-json\/wp\/v2\/product"}],"about":[{"href":"https:\/\/biankatour.com\/fr\/wp-json\/wp\/v2\/types\/product"}],"replies":[{"embeddable":true,"href":"https:\/\/biankatour.com\/fr\/wp-json\/wp\/v2\/comments?post=4210"}],"wp:featuredmedia":[{"embeddable":true,"href":"https:\/\/biankatour.com\/fr\/wp-json\/wp\/v2\/media\/9537"}],"wp:attachment":[{"href":"https:\/\/biankatour.com\/fr\/wp-json\/wp\/v2\/media?parent=4210"}],"wp:term":[{"taxonomy":"product_brand","embeddable":true,"href":"https:\/\/biankatour.com\/fr\/wp-json\/wp\/v2\/product_brand?post=4210"},{"taxonomy":"product_cat","embeddable":true,"href":"https:\/\/biankatour.com\/fr\/wp-json\/wp\/v2\/product_cat?post=4210"},{"taxonomy":"product_tag","embeddable":true,"href":"https:\/\/biankatour.com\/fr\/wp-json\/wp\/v2\/product_tag?post=4210"}],"curies":[{"name":"wp","href":"https:\/\/api.w.org\/{rel}","templated":true}]}}