{"id":4182,"date":"2022-08-03T05:00:46","date_gmt":"2022-08-03T05:00:46","guid":{"rendered":"https:\/\/biankatour.com\/?post_type=product&#038;p=4182"},"modified":"2025-09-03T19:05:43","modified_gmt":"2025-09-03T19:05:43","slug":"swim-with-dolphins-in-hurghada","status":"publish","type":"product","link":"https:\/\/biankatour.com\/fr\/produit\/swim-with-dolphins-in-hurghada\/","title":{"rendered":"Nager avec les dauphins \u00e0 Hurghada"},"content":{"rendered":"<div class=\"vc_row wpb_row vc_row-fluid\">\n<div class=\"wpb_column vc_column_container vc_col-sm-12\">\n<div class=\"vc_column-inner\">\n<div class=\"wpb_wrapper\">\n<div class=\"heading left\">\n<h2>Points forts<\/h2>\n<div class=\"seperator left\"><\/div>\n<div class=\"sub-heading\"><\/div>\n<\/div>\n<div class=\"clearfix\"><\/div>\n<\/div>\n<\/div>\n<\/div>\n<\/div>\n<div class=\"vc_row wpb_row vc_row-fluid\">\n<div class=\"wpb_column vc_column_container vc_col-sm-12\">\n<div class=\"vc_column-inner\">\n<div class=\"wpb_wrapper\">\n<div class=\"wpb_text_column wpb_content_element\">\n<div class=\"wpb_wrapper\">\n<p><strong>Nager avec les dauphins \u00e0 Hurghada<\/strong><\/p>\n<ul>\n<li>Transfert de l'h\u00f4tel au delphinarium<\/li>\n<li>nager avec les dauphins pendant 5 ou 10 minutes<\/li>\n<li>Approchez-vous de pr\u00e8s des dauphins<\/li>\n<li>Soyez t\u00e9moin de leur intelligence et de leur charme \u00e9tonnants par vous-m\u00eame<\/li>\n<li>Transfert de retour \u00e0 l'h\u00f4tel<\/li>\n<\/ul>\n<\/div>\n<\/div>\n<div class=\"vc_empty_space\"><\/div>\n<\/div>\n<\/div>\n<\/div>\n<\/div>\n<div class=\"vc_row wpb_row vc_row-fluid\">\n<div class=\"wpb_column vc_column_container vc_col-sm-12\">\n<div class=\"vc_column-inner\">\n<div class=\"wpb_wrapper\">\n<div class=\"heading left\">\n<h2>Programme de la tourn\u00e9e<\/h2>\n<div class=\"seperator left\"><\/div>\n<div class=\"sub-heading\"><\/div>\n<\/div>\n<div class=\"clearfix\"><\/div>\n<\/div>\n<\/div>\n<\/div>\n<\/div>\n<div class=\"vc_row wpb_row vc_row-fluid\">\n<div class=\"wpb_column vc_column_container vc_col-sm-12\">\n<div class=\"vc_column-inner\">\n<div class=\"wpb_wrapper\">\n<div class=\"wpb_text_column wpb_content_element\">\n<div class=\"wpb_wrapper\">\n<p>Nager avec les dauphins \u00e0 Hurghada<\/p>\n<p>Notre repr\u00e9sentant vous emm\u00e8nera au Dolphinarum, o\u00f9 vous aurez l'occasion de nager avec les dauphins en pr\u00e9sence d'un moniteur dans la piscine pendant 5 \u00e0 10 minutes. Vous ressentirez la puissance et l'enjouement de cet incroyable mammif\u00e8re, qui vous rempliront d'une \u00e9nergie positive.<\/p>\n<p>Vous passerez des moments amusants dans la piscine avec les dauphins, jouerez et nagerez avec eux, profiterez de leur compagnie et \u00e9prouverez des sensations inoubliables en vous rapprochant de la nature. Super excursion de snorkeling \u00e0 Hurghada<\/p>\n<div class=\"heading left\">\n<h2>Que prendre avec vous ?<\/h2>\n<div class=\"seperator left\"><\/div>\n<div class=\"sub-heading\"><\/div>\n<\/div>\n<div class=\"clearfix\"><\/div>\n<div class=\"wpb_text_column wpb_content_element\">\n<div class=\"wpb_wrapper\">\n<p><strong>Nager avec les dauphins \u00e0 Hurghada<\/strong><\/p>\n<ul>\n<li>Couvre-chef (casquette ou foulard)<\/li>\n<li>Lunettes de soleil<\/li>\n<li>Cr\u00e8me solaire.<\/li>\n<\/ul>\n<\/div>\n<\/div>\n<\/div>\n<\/div>\n<\/div>\n<\/div>\n<\/div>\n<\/div>","protected":false},"excerpt":{"rendered":"<p>Highlights Swim With Dolphins In Hurghada Transfer from the hotel to the Dolphinarium swimming with dolphins for 5 or 10 minutes Get up close and personal with dolphins Witness their amazing intelligence and charm for yourself Transfer back to the hotel Tour Program Swim With Dolphins In Hurghada Our representative will take you to Dolphinarum, where you will have a great opportunity to swim with dolphins in the presence of an instructor in the pool for 5 or 10 minutes. You will feel the power and playfulness of this amazing mammal, which will fill you with pure positive energy. You will spend funny moments in the pool with the dolphins, playing and swimming with them, enjoying their company and experiencing unforgettable sensations of getting close to nature. Super snorkeling\u00a0trip\u00a0in\u00a0Hurghada What to take with you? Swim With Dolphins In Hurghada Head cover (Cap or Scarf) Sunglasses Sun Cream.<\/p>","protected":false},"featured_media":9884,"comment_status":"open","ping_status":"closed","template":"","meta":[],"product_brand":[],"product_cat":[43,37],"product_tag":[],"class_list":{"0":"post-4182","1":"product","2":"type-product","3":"status-publish","4":"has-post-thumbnail","6":"brw_tour_types-culture","7":"product_cat-hurghada","8":"product_cat-family-excursion","10":"first","11":"instock","12":"shipping-taxable","13":"purchasable","14":"product-type-ovabrw_car_rental"},"acf":[],"_links":{"self":[{"href":"https:\/\/biankatour.com\/fr\/wp-json\/wp\/v2\/product\/4182","targetHints":{"allow":["GET"]}}],"collection":[{"href":"https:\/\/biankatour.com\/fr\/wp-json\/wp\/v2\/product"}],"about":[{"href":"https:\/\/biankatour.com\/fr\/wp-json\/wp\/v2\/types\/product"}],"replies":[{"embeddable":true,"href":"https:\/\/biankatour.com\/fr\/wp-json\/wp\/v2\/comments?post=4182"}],"wp:featuredmedia":[{"embeddable":true,"href":"https:\/\/biankatour.com\/fr\/wp-json\/wp\/v2\/media\/9884"}],"wp:attachment":[{"href":"https:\/\/biankatour.com\/fr\/wp-json\/wp\/v2\/media?parent=4182"}],"wp:term":[{"taxonomy":"product_brand","embeddable":true,"href":"https:\/\/biankatour.com\/fr\/wp-json\/wp\/v2\/product_brand?post=4182"},{"taxonomy":"product_cat","embeddable":true,"href":"https:\/\/biankatour.com\/fr\/wp-json\/wp\/v2\/product_cat?post=4182"},{"taxonomy":"product_tag","embeddable":true,"href":"https:\/\/biankatour.com\/fr\/wp-json\/wp\/v2\/product_tag?post=4182"}],"curies":[{"name":"wp","href":"https:\/\/api.w.org\/{rel}","templated":true}]}}