{"id":3817,"date":"2022-07-22T04:54:49","date_gmt":"2022-07-22T04:54:49","guid":{"rendered":"https:\/\/biankatour.com\/?post_type=product&#038;p=3817"},"modified":"2025-09-03T19:05:13","modified_gmt":"2025-09-03T19:05:13","slug":"3-hours-quad","status":"publish","type":"product","link":"https:\/\/biankatour.com\/fr\/produit\/3-hours-quad\/","title":{"rendered":"Quad de 3 heures"},"content":{"rendered":"<h3>Points forts<\/h3>\n<ul class=\"hightlights-list\">\n<li>Trois heures palpitantes d'action en quad dans le d\u00e9sert<\/li>\n<li>Profitez de paysages \u00e0 couper le souffle lors d'une balade palpitante en quad dans le d\u00e9sert aride<\/li>\n<li>Une formation de base est donn\u00e9e pour expliquer comment contr\u00f4ler le Quad Bike<\/li>\n<li>Aucune exp\u00e9rience n\u00e9cessaire<\/li>\n<li>Visitez un village b\u00e9douin pour rencontrer une tribu<\/li>\n<li>Vous avez la possibilit\u00e9 de faire une promenade \u00e0 dos de chameau<\/li>\n<\/ul>\n<hr \/>\n<h3>Description<\/h3>\n<p>Pour une exp\u00e9rience unique et un safari hors du commun, enfourchez un quad et d\u00e9couvrez la beaut\u00e9 sauvage du d\u00e9sert \u00e9gyptien. Vous serez pris en charge t\u00f4t le matin \u00e0 votre h\u00f4tel. Accompagn\u00e9 d'un guide anglophone, vous serez conduit \u00e0 la station quad.<\/p>\n<p>Aucune exp\u00e9rience n'est requise\u00a0: nos instructeurs experts vous expliqueront les commandes du quad. Vous recevrez une formation de base et c'est parti\u00a0! Apr\u00e8s une s\u00e9ance d'entra\u00eenement pour vous familiariser avec la machine, vous disposerez d'environ une heure pour profiter pleinement de cette exp\u00e9rience exaltante en quad.<\/p>\n<p>Profitez d'une travers\u00e9e extr\u00eame du d\u00e9sert jusqu'\u00e0 un village b\u00e9douin, situ\u00e9 \u00e0 45 kilom\u00e8tres. Vous d\u00e9couvrirez la vie traditionnelle des habitants de la r\u00e9gion. Vous aurez \u00e9galement l'occasion de monter \u00e0 dos de chameau.<\/p>\n<p>Apr\u00e8s une aventure m\u00e9morable d'exploration du d\u00e9sert, vous serez ramen\u00e9 \u00e0 votre h\u00f4tel.<\/p>\n<p>&nbsp;<\/p>\n<div class=\"wpb_text_column wpb_content_element\">\n<div class=\"wpb_wrapper\">\n<h3><strong>Dur\u00e9e<\/strong><\/h3>\n<p><strong>Premier voyage :<\/strong><\/p>\n<ul>\n<li>Prise en charge : vers 08h00 (selon l'emplacement de votre h\u00f4tel \u00e0 Hurghada).<\/li>\n<\/ul>\n<p><strong>Deuxi\u00e8me voyage :<\/strong><\/p>\n<ul>\n<li>Pickup: Around 14:00 Pm (Depending on your hotel location in Hurghada)<\/li>\n<\/ul>\n<\/div>\n<\/div>\n<h5>Veuillez choisir votre heure de prise en charge et nous en informer sur les notes de r\u00e9servation.<\/h5>","protected":false},"excerpt":{"rendered":"<p>Highlights Thrilling three hours of awesome quad bike action in the desert Enjoy the breathtaking scenery on a thrilling quad-bike ride of the barren desert Basic training is given to explain how to control the Quad Bike No experience necessary Visit a Bedouin village to meet a tribe You have an option to take a camel ride Description For a unique experience and a safari of a special kind, get on a quad bike to discover the wild beauty of the Egyptian desert. You will be picked up early in the morning from your hotel. Accompanied by an English-speaking guide, you will be taken to the quad bike station. No experience is required as our expert instructors will explain the quad bike controls. You will be given basic training and off you go! After a practice session to get used to the bike, you will have approximately an hour to enjoy your exhilarating quad biking experience. Enjoy the extreme ride across the desert to a Bedouin village, located 45 kilometers away. Here, enjoy a tour of traditional life for the local people living in the area. You will have the chance to ride a camel. After a memorable adventure of desert exploration, you will be dropped back at your hotel. &nbsp; Duration First journey: Pickup: Around 08:00 Am (Depending on your hotel location in Hurghada). Second journey: Pickup: Around 14:00 Pm (Depending on your hotel location in Hurghada) Please chose your pick up time and inform us on the booking notes.<\/p>","protected":false},"featured_media":9909,"comment_status":"open","ping_status":"closed","template":"","meta":[],"product_brand":[],"product_cat":[43,32],"product_tag":[],"class_list":{"0":"post-3817","1":"product","2":"type-product","3":"status-publish","4":"has-post-thumbnail","6":"brw_tour_types-hiking","7":"product_cat-hurghada","8":"product_cat-safari-excursion","10":"first","11":"instock","12":"shipping-taxable","13":"purchasable","14":"product-type-ovabrw_car_rental"},"acf":[],"_links":{"self":[{"href":"https:\/\/biankatour.com\/fr\/wp-json\/wp\/v2\/product\/3817","targetHints":{"allow":["GET"]}}],"collection":[{"href":"https:\/\/biankatour.com\/fr\/wp-json\/wp\/v2\/product"}],"about":[{"href":"https:\/\/biankatour.com\/fr\/wp-json\/wp\/v2\/types\/product"}],"replies":[{"embeddable":true,"href":"https:\/\/biankatour.com\/fr\/wp-json\/wp\/v2\/comments?post=3817"}],"wp:featuredmedia":[{"embeddable":true,"href":"https:\/\/biankatour.com\/fr\/wp-json\/wp\/v2\/media\/9909"}],"wp:attachment":[{"href":"https:\/\/biankatour.com\/fr\/wp-json\/wp\/v2\/media?parent=3817"}],"wp:term":[{"taxonomy":"product_brand","embeddable":true,"href":"https:\/\/biankatour.com\/fr\/wp-json\/wp\/v2\/product_brand?post=3817"},{"taxonomy":"product_cat","embeddable":true,"href":"https:\/\/biankatour.com\/fr\/wp-json\/wp\/v2\/product_cat?post=3817"},{"taxonomy":"product_tag","embeddable":true,"href":"https:\/\/biankatour.com\/fr\/wp-json\/wp\/v2\/product_tag?post=3817"}],"curies":[{"name":"wp","href":"https:\/\/api.w.org\/{rel}","templated":true}]}}