{"id":3381,"date":"2022-07-13T10:29:31","date_gmt":"2022-07-13T10:29:31","guid":{"rendered":"https:\/\/biankatour.com\/?post_type=product&#038;p=3381"},"modified":"2025-09-03T19:14:20","modified_gmt":"2025-09-03T19:14:20","slug":"family-safari-morning-or-sunset","status":"publish","type":"product","link":"https:\/\/biankatour.com\/fr\/produit\/family-safari-morning-or-sunset\/","title":{"rendered":"Safari en famille"},"content":{"rendered":"<div class=\"elementor-element elementor-element-f85dd7f elementor-widget elementor-widget-heading\" data-id=\"f85dd7f\" data-element_type=\"widget\" data-widget_type=\"heading.default\">\n<div class=\"elementor-widget-container\">\n<h2 class=\"elementor-heading-title elementor-size-default\">Aper\u00e7u<\/h2>\n<\/div>\n<\/div>\n<div class=\"elementor-element elementor-element-23592fac elementor-widget elementor-widget-babe-item-content\" data-id=\"23592fac\" data-element_type=\"widget\" data-widget_type=\"babe-item-content.default\">\n<div class=\"elementor-widget-container\">\n<div class=\"elementor-widget-inner\">\n<div class=\"triply-single-content\">\n<h3 class=\"main-header\">\u00a0Safari en quad de 3 heures le matin au d\u00e9part d'Hurghada<\/h3>\n<div class=\"flex max-w-full flex-col flex-grow\">\n<div class=\"min-h-[20px] text-message flex w-full flex-col items-end gap-2 whitespace-normal break-words [.text-message+&amp;]:mt-5\" dir=\"auto\" data-message-author-role=\"assistant\" data-message-id=\"3ddb6f01-46b3-4d29-b598-a765631fdef2\">\n<div class=\"flex w-full flex-col gap-1 empty:hidden first:pt-[3px]\">\n<div class=\"markdown prose w-full break-words dark:prose-invert light\">\n<p>Le voyage commence par une prise en charge \u00e0 votre h\u00f4tel et un trajet jusqu'\u00e0 la station Safari vers 8h00<\/p>\n<p>Nous commen\u00e7ons notre programme avec un quad Honda pendant 45 minutes pour d\u00e9couvrir le d\u00e9sert d'or et faire quelques arr\u00eats pour prendre des photos dans l'incroyable d\u00e9sert d'HURGHADA.<\/p>\n<p>deuxi\u00e8mement, nous conduirons une voiture araign\u00e9e (buggy) pendant 15 minutes, un buggy familial ou un buggy double<\/p>\n<p>Ensuite, vivez un safari en jeep passionnant \u00e0 travers le d\u00e9sert, en escaladant les dunes de sable sur le chemin du village b\u00e9douin.<\/p>\n<p>Apr\u00e8s environ 25 km en safari en jeep, vous atteindrez votre destination (village b\u00e9douin). Ici, vous pourrez vous d\u00e9tendre, monter \u00e0 dos de chameau, conduire une voiture Spider, d\u00e9guster du th\u00e9 b\u00e9douin et en apprendre davantage sur la vie traditionnelle des B\u00e9douins.<\/p>\n<p>Retour du village b\u00e9douin \u00e0 l'h\u00f4tel vers 12h30.<\/p>\n<p>&nbsp;<\/p>\n<\/div>\n<\/div>\n<\/div>\n<\/div>\n<div class=\"mb-2 flex gap-3 empty:hidden -ml-2\">\n<div class=\"items-center justify-start rounded-xl p-1 flex\">\n<div class=\"flex items-center\">\n<div class=\"vc_row wpb_row vc_row-fluid\">\n<div class=\"wpb_column vc_column_container vc_col-sm-12\">\n<div class=\"vc_column-inner\">\n<div class=\"wpb_wrapper\">\n<div class=\"heading left\">\n<h3><strong>Points forts:<\/strong><\/h3>\n<\/div>\n<\/div>\n<\/div>\n<\/div>\n<\/div>\n<div class=\"vc_row wpb_row vc_row-fluid\">\n<div class=\"wpb_column vc_column_container vc_col-sm-12\">\n<div class=\"vc_column-inner\">\n<div class=\"wpb_wrapper\">\n<div class=\"wpb_text_column wpb_content_element\">\n<div class=\"wpb_wrapper\">\n<ul>\n<li>Conduisez un quad dans le d\u00e9sert oriental d'\u00c9gypte<\/li>\n<li>Explorez le magnifique d\u00e9sert.<\/li>\n<li>Visitez un village b\u00e9douin traditionnel<\/li>\n<li>Monter \u00e0 dos de chameau<\/li>\n<li>Arr\u00eatez-vous pour boire un th\u00e9 dans une tente b\u00e9douine<\/li>\n<li>Rencontrez des B\u00e9douins sympathiques dans leurs tentes<\/li>\n<li>Guide touristique priv\u00e9 toute la journ\u00e9e avec vous<\/li>\n<li>Prise en charge et retour \u00e0 l'h\u00f4tel depuis Hurghada inclus<\/li>\n<\/ul>\n<div class=\"heading left\">\n<h2>Que prendre avec vous ?<\/h2>\n<\/div>\n<div class=\"wpb_text_column wpb_content_element\">\n<div class=\"wpb_wrapper\">\n<ul>\n<li>\u00c9quipement photo et vid\u00e9o<\/li>\n<li>Couvre-chef (\u00e9charpe)<\/li>\n<li>Cr\u00e8me solaire<\/li>\n<li>Lunettes de soleil<\/li>\n<li>Des chaussures confortables<\/li>\n<li>des v\u00eatements chauds en hiver ou des v\u00eatements amples en \u00e9t\u00e9.<\/li>\n<\/ul>\n<h3><strong>\u00a0Dur\u00e9e<\/strong><\/h3>\n<p><strong>Premier voyage :<\/strong><\/p>\n<ul>\n<li>Prise en charge : vers 08h00 (selon l'emplacement de votre h\u00f4tel \u00e0 Hurghada).<\/li>\n<\/ul>\n<p><strong>Deuxi\u00e8me voyage :<\/strong><\/p>\n<ul>\n<li>Pickup: Around 14:00 Pm (Depending on your hotel location in Hurghada)<\/li>\n<\/ul>\n<\/div>\n<\/div>\n<\/div>\n<h5>Veuillez choisir votre heure de prise en charge et nous en informer sur les notes de r\u00e9servation.<\/h5>\n<h5><\/h5>\n<\/div>\n<\/div>\n<\/div>\n<\/div>\n<\/div>\n<\/div>\n<\/div>\n<\/div>\n<\/div>\n<\/div>\n<\/div>\n<\/div>","protected":false},"excerpt":{"rendered":"<p>Overview \u00a0Morning 3-Hours Quad Safari From Hurghada The trip starts with pickup from your hotel and travel to the Safari\u00a0 station aroud 8:00 We start our program with a Honda quad bike for 45 minutes to discover the gold desert and make some stops to take photos in the amazing\u00a0HURGHADA\u00a0desert. second we will drive spider car (buggy) for 15 minutes family buggy or double buggy Then, experience an exciting jeep safari through the desert, climbing sand dunes on the way to the Bedouin village . After about\u00a0 25 km by jeep safari, you will reach your destination (Bedouin village). Here you can relax, ride a camel, ride a Spider car, enjoy\u00a0 beduin tea and learn about the traditional life of the Bedouins. Back from Bedouin village again to hotel about 12:30. &nbsp; Highlights: Ride a quad bike in the East \u00a0Desert of Egypt Explore the magnificent desert. Visit a traditional Bedouin village Ride a camel Stop for a drink a tea at a Bedouin tent Meet friendly Bedouins in their tents Privat tour guide all the day with you Hotel pickup and drop-off from Hurghada include What to take with you? Photo and video equipment Head cover ( Scarf ) Sun Cream Sunglasses Comfortable shoes warm clothing in winter or loose clothing in summer. \u00a0Duration First journey: Pickup: Around 08:00 Am (Depending on your hotel location in Hurghada). Second journey: Pickup: Around 14:00 Pm (Depending on your hotel location in Hurghada) Please chose your pick up time and inform us on the booking notes.<\/p>","protected":false},"featured_media":9692,"comment_status":"open","ping_status":"closed","template":"","meta":[],"product_brand":[],"product_cat":[43,37,32],"product_tag":[],"class_list":{"0":"post-3381","1":"product","2":"type-product","3":"status-publish","4":"has-post-thumbnail","6":"brw_tour_types-culture","7":"brw_tour_types-hiking","8":"product_cat-hurghada","9":"product_cat-family-excursion","10":"product_cat-safari-excursion","12":"first","13":"instock","14":"shipping-taxable","15":"purchasable","16":"product-type-ovabrw_car_rental"},"acf":[],"_links":{"self":[{"href":"https:\/\/biankatour.com\/fr\/wp-json\/wp\/v2\/product\/3381","targetHints":{"allow":["GET"]}}],"collection":[{"href":"https:\/\/biankatour.com\/fr\/wp-json\/wp\/v2\/product"}],"about":[{"href":"https:\/\/biankatour.com\/fr\/wp-json\/wp\/v2\/types\/product"}],"replies":[{"embeddable":true,"href":"https:\/\/biankatour.com\/fr\/wp-json\/wp\/v2\/comments?post=3381"}],"wp:featuredmedia":[{"embeddable":true,"href":"https:\/\/biankatour.com\/fr\/wp-json\/wp\/v2\/media\/9692"}],"wp:attachment":[{"href":"https:\/\/biankatour.com\/fr\/wp-json\/wp\/v2\/media?parent=3381"}],"wp:term":[{"taxonomy":"product_brand","embeddable":true,"href":"https:\/\/biankatour.com\/fr\/wp-json\/wp\/v2\/product_brand?post=3381"},{"taxonomy":"product_cat","embeddable":true,"href":"https:\/\/biankatour.com\/fr\/wp-json\/wp\/v2\/product_cat?post=3381"},{"taxonomy":"product_tag","embeddable":true,"href":"https:\/\/biankatour.com\/fr\/wp-json\/wp\/v2\/product_tag?post=3381"}],"curies":[{"name":"wp","href":"https:\/\/api.w.org\/{rel}","templated":true}]}}