{"id":1699,"date":"2022-07-07T10:15:07","date_gmt":"2022-07-07T10:15:07","guid":{"rendered":"https:\/\/biankatour.com\/?post_type=product&#038;p=1699"},"modified":"2025-09-03T19:15:13","modified_gmt":"2025-09-03T19:15:13","slug":"day-trip-to-luxor-from-hurghada","status":"publish","type":"product","link":"https:\/\/biankatour.com\/fr\/produit\/day-trip-to-luxor-from-hurghada\/","title":{"rendered":"Excursion d'une journ\u00e9e \u00e0 Louxor au d\u00e9part d'Hurghada"},"content":{"rendered":"<h2>Aper\u00e7u<\/h2>\n<p>Avec une population d'environ 500\u00a0000 habitants, Louxor est la plus grande ville de Haute-\u00c9gypte et la capitale administrative du gouvernorat de Louxor. Le Nil divise la ville en deux parties.<\/p>\n<p>Au nord-est de Louxor se trouve le c\u00e9l\u00e8bre temple de Karnak, autrefois le plus important de l'\u00c9gypte antique, avec ses imposantes colonnes, ses ob\u00e9lisques et ses statues qui impressionnent par leur taille. Plus au sud, vous trouverez le mus\u00e9e de Louxor, qui abrite des d\u00e9couvertes arch\u00e9ologiques r\u00e9centes de la r\u00e9gion, suivi du temple de Louxor. Construit par Amenhotep III et Rams\u00e8s II, ce temple \u00e9tait d\u00e9di\u00e9 \u00e0 Amon-R\u00ea, le roi des dieux.<\/p>\n<p>De l'autre c\u00f4t\u00e9 du Nil, sur la rive ouest, se dresse le temple de la reine Hatchepsout, l'un des mieux pr\u00e9serv\u00e9s de Th\u00e8bes, datant de la XVIIIe dynastie. Non loin de l\u00e0 se trouve la Vall\u00e9e des Rois, o\u00f9 le tombeau presque intact de Tout\u00e2nkhamon fut d\u00e9couvert par Howard Carter en 1922. Sur la rive ouest se trouvent \u00e9galement les imposants colosses de Memnon, qui repr\u00e9sentent le pharaon Amenhotep III.<\/p>\n<p>La Vall\u00e9e des Rois est particuli\u00e8rement c\u00e9l\u00e8bre pour ses tombeaux des souverains les plus c\u00e9l\u00e8bres du Nouvel Empire. Un voyage en bus d'Hurghada \u00e0 Louxor est incontournable pour quiconque souhaite explorer la riche histoire de l'\u00c9gypte.<\/p>\n<h3><strong>Jours de la semaine et dur\u00e9e :<\/strong><\/h3>\n<p>Mardi et jeudi.<\/p>\n<p>De 4h00 \u00e0 21h00 (horaires exacts confirm\u00e9s apr\u00e8s r\u00e9servation).<\/p>\n<p>Excursion d'une journ\u00e9e compl\u00e8te (environ 17 heures, transferts inclus).<\/p>\n<p><strong>\u00a0<\/strong><\/p>\n<h3><strong>Ce qu'il faut apporter avec vous :<\/strong><\/h3>\n<p>Bouteille d'eau.<\/p>\n<p>Cr\u00e8me solaire.<\/p>\n<p>Lunettes de soleil et chapeau.<\/p>\n<p>Cam\u00e9ra.<\/p>\n<p>Photo de votre passeport sur votre t\u00e9l\u00e9phone.<\/p>\n<p>De l'argent liquide si vous souhaitez acheter des extras.<\/p>\n<h2>\u00a0Dur\u00e9e<\/h2>\n<p><strong>Prise en charge : vers 4h00 du matin<\/strong><\/p>\n<h5><\/h5>","protected":false},"excerpt":{"rendered":"<p>Overview With a population of around 500,000, Luxor is the largest city in Upper Egypt and serves as the administrative capital of the Luxor Governorate. The Nile River divides the city into two sections. In the northeastern part of Luxor lies the renowned Karnak Temple, once the most important temple in ancient Egypt, with its towering columns, obelisks, and statues that impress with their sheer size. Further south, you\u2019ll find the Luxor Museum, housing recent archaeological discoveries from the region, followed by the Luxor Temple. Built by Amenhotep III and Ramses II, this temple was dedicated to Amun-Ra, the king of the gods. Across the Nile, on the west bank, stands the temple of Queen Hatshepsut, one of the best-preserved temples of Thebes, dating back to the 18th Dynasty. Nearby is the Valley of the Kings, where the nearly intact tomb of Tutankhamun was discovered by Howard Carter in 1922. Also on the west bank are the imposing Colossi of Memnon, which represent Pharaoh Amenhotep III. The Valley of the Kings is especially notable for its tombs of the New Kingdom\u2019s most famous rulers. A bus trip from Hurghada to Luxor is a must for anyone eager to explore Egypt\u2019s rich history. Days of the week and duration: Tuesday and Thursday. From 4:00 AM to 9:00 PM (exact times confirmed after booking). Full-day excursion (approximately 17 hours, including transfers). \u00a0 What to bring with you: Bottle of water. Sunscreen. Sunglasses and hat. Camera. Photo of your passport on your phone. Cash if you wish to buy extras. \u00a0Duration Pickup: Around 4:00 Am<\/p>","protected":false},"featured_media":9966,"comment_status":"open","ping_status":"closed","template":"","meta":[],"product_brand":[],"product_cat":[46,43],"product_tag":[],"class_list":{"0":"post-1699","1":"product","2":"type-product","3":"status-publish","4":"has-post-thumbnail","6":"brw_tour_types-culture","7":"brw_tour_types-family","8":"product_cat-historical-excursion","9":"product_cat-hurghada","11":"first","12":"instock","13":"shipping-taxable","14":"purchasable","15":"product-type-ovabrw_car_rental"},"acf":[],"_links":{"self":[{"href":"https:\/\/biankatour.com\/fr\/wp-json\/wp\/v2\/product\/1699","targetHints":{"allow":["GET"]}}],"collection":[{"href":"https:\/\/biankatour.com\/fr\/wp-json\/wp\/v2\/product"}],"about":[{"href":"https:\/\/biankatour.com\/fr\/wp-json\/wp\/v2\/types\/product"}],"replies":[{"embeddable":true,"href":"https:\/\/biankatour.com\/fr\/wp-json\/wp\/v2\/comments?post=1699"}],"wp:featuredmedia":[{"embeddable":true,"href":"https:\/\/biankatour.com\/fr\/wp-json\/wp\/v2\/media\/9966"}],"wp:attachment":[{"href":"https:\/\/biankatour.com\/fr\/wp-json\/wp\/v2\/media?parent=1699"}],"wp:term":[{"taxonomy":"product_brand","embeddable":true,"href":"https:\/\/biankatour.com\/fr\/wp-json\/wp\/v2\/product_brand?post=1699"},{"taxonomy":"product_cat","embeddable":true,"href":"https:\/\/biankatour.com\/fr\/wp-json\/wp\/v2\/product_cat?post=1699"},{"taxonomy":"product_tag","embeddable":true,"href":"https:\/\/biankatour.com\/fr\/wp-json\/wp\/v2\/product_tag?post=1699"}],"curies":[{"name":"wp","href":"https:\/\/api.w.org\/{rel}","templated":true}]}}