{"id":7764,"date":"2023-06-07T03:06:59","date_gmt":"2023-06-07T03:06:59","guid":{"rendered":"https:\/\/biankatour.com\/?post_type=product&#038;p=7764"},"modified":"2025-09-03T19:10:15","modified_gmt":"2025-09-03T19:10:15","slug":"scuba-diving-full-day-boat-trip-with-lunch","status":"publish","type":"product","link":"https:\/\/biankatour.com\/de\/produkt\/scuba-diving-full-day-boat-trip-with-lunch\/","title":{"rendered":"Ganzt\u00e4giger Bootsausflug zum Tauchen mit Mittagessen"},"content":{"rendered":"<div class=\"elementor-element elementor-element-874f5e4 elementor-widget elementor-widget-heading\" data-id=\"874f5e4\" data-element_type=\"widget\" data-widget_type=\"heading.default\">\n<div class=\"elementor-widget-container\">\n<h3 class=\"elementor-heading-title elementor-size-default\">Tourenbeschreibung<\/h3>\n<\/div>\n<\/div>\n<div class=\"elementor-element elementor-element-6aaa7b1 elementor-widget elementor-widget-babe-item-content\" data-id=\"6aaa7b1\" data-element_type=\"widget\" data-widget_type=\"babe-item-content.default\">\n<div class=\"elementor-widget-container\">\n<div class=\"elementor-widget-inner\">\n<div class=\"triply-single-content\">\n<div class=\"\">\n<div><strong>Dieser ganzt\u00e4gige Tauchausflug ab Hurghada ist ideal f\u00fcr Anf\u00e4nger und Fortgeschrittene. Sie fahren hinaus aufs Rote Meer und erkunden flache Tauchpl\u00e4tze f\u00fcr Anf\u00e4nger sowie tiefere Bereiche und Steilw\u00e4nde f\u00fcr Fortgeschrittene. Mittagessen und Hoteltransfer inklusive.<\/strong><\/div>\n<\/div>\n<ul class=\"featureList__DsWN\">\n<li class=\"feature__W54X\">\n<div><\/div>\n<div>\n<div class=\"\"><strong>Ideal f\u00fcr Taucher unterschiedlicher Erfahrungsstufen, die zusammen reisen<\/strong><\/div>\n<\/div>\n<\/li>\n<li class=\"feature__W54X\">\n<div><\/div>\n<div>\n<div class=\"\"><strong>Machen Sie zwei Tauchstopps: Einer ist am besten f\u00fcr Anf\u00e4nger geeignet, der andere f\u00fcr erfahrene Taucher<\/strong><\/div>\n<\/div>\n<\/li>\n<li class=\"feature__W54X\">\n<div><\/div>\n<div>\n<div class=\"\"><strong>Problemlose Abholung und R\u00fcckfahrt von Ihrem Hotel in Hurghada<\/strong><\/div>\n<\/div>\n<\/li>\n<li class=\"feature__W54X\">\n<div><\/div>\n<div>\n<div class=\"\"><strong>Beinhaltet ein an Bord serviertes Mittagessen sowie alkoholfreie Getr\u00e4nke, Wasser und Kaffee\/Tee<\/strong><\/div>\n<\/div>\n<\/li>\n<\/ul>\n<\/div>\n<\/div>\n<\/div>\n<\/div>","protected":false},"excerpt":{"rendered":"<p>Tour Description This full-day diving trip from Hurghada is ideal for novices and experts traveling together. You\u2019ll head out onto the Red Sea and explore shallow dive sites suitable for beginners, as well as deeper areas and walls for those with more experience. Includes lunch and hotel transfers. Ideal for divers of different levels of experience who are traveling together Make two diving stops: One best-suited to beginners, the other to experienced divers Hassle-free pickup and drop-off from your Hurghada hotel Includes lunch served on board, as well as soft drinks, water, and coffee\/tea<\/p>","protected":false},"featured_media":9938,"comment_status":"open","ping_status":"closed","template":"","meta":[],"product_brand":[],"product_cat":[43,28],"product_tag":[41,45],"class_list":{"0":"post-7764","1":"product","2":"type-product","3":"status-publish","4":"has-post-thumbnail","6":"product_cat-hurghada","7":"product_cat-sea-excursion","8":"product_tag-shoe","9":"product_tag-sports","11":"first","12":"instock","13":"shipping-taxable","14":"purchasable","15":"product-type-ovabrw_car_rental"},"acf":[],"_links":{"self":[{"href":"https:\/\/biankatour.com\/de\/wp-json\/wp\/v2\/product\/7764","targetHints":{"allow":["GET"]}}],"collection":[{"href":"https:\/\/biankatour.com\/de\/wp-json\/wp\/v2\/product"}],"about":[{"href":"https:\/\/biankatour.com\/de\/wp-json\/wp\/v2\/types\/product"}],"replies":[{"embeddable":true,"href":"https:\/\/biankatour.com\/de\/wp-json\/wp\/v2\/comments?post=7764"}],"wp:featuredmedia":[{"embeddable":true,"href":"https:\/\/biankatour.com\/de\/wp-json\/wp\/v2\/media\/9938"}],"wp:attachment":[{"href":"https:\/\/biankatour.com\/de\/wp-json\/wp\/v2\/media?parent=7764"}],"wp:term":[{"taxonomy":"product_brand","embeddable":true,"href":"https:\/\/biankatour.com\/de\/wp-json\/wp\/v2\/product_brand?post=7764"},{"taxonomy":"product_cat","embeddable":true,"href":"https:\/\/biankatour.com\/de\/wp-json\/wp\/v2\/product_cat?post=7764"},{"taxonomy":"product_tag","embeddable":true,"href":"https:\/\/biankatour.com\/de\/wp-json\/wp\/v2\/product_tag?post=7764"}],"curies":[{"name":"wp","href":"https:\/\/api.w.org\/{rel}","templated":true}]}}