{"id":4220,"date":"2022-08-04T08:13:51","date_gmt":"2022-08-04T08:13:51","guid":{"rendered":"https:\/\/biankatour.com\/?post_type=product&#038;p=4220"},"modified":"2025-09-03T19:07:32","modified_gmt":"2025-09-03T19:07:32","slug":"dolphin-show","status":"publish","type":"product","link":"https:\/\/biankatour.com\/de\/produkt\/dolphin-show\/","title":{"rendered":"Delfinshow"},"content":{"rendered":"<h2>\u00dcberblick<\/h2>\n<h2>Delfinshow ab Hurghada<\/h2>\n<p>Genie\u00dfen Sie einen erlebnisreichen Morgen mit Abholung vom Hotel und Transfer zu einer aufregenden einst\u00fcndigen Delfinshow in Hurghada. Die Show bietet vier fesselnde Darbietungen, beginnend mit tanzenden Seekatzen (Robben), gefolgt von einem musikalischen Walross, einem energiegeladenen Seel\u00f6wen und einem schillernden Finale mit drei verspielten Delfinen, die Kunstst\u00fccke vorf\u00fchren und sogar malen. Nach der Show werden Sie zur\u00fcck zu Ihrem Hotel gebracht.<\/p>\n<p>&nbsp;<\/p>\n<div class=\"vc_row wpb_row vc_row-fluid\">\n<div class=\"wpb_column vc_column_container vc_col-sm-12\">\n<div class=\"vc_column-inner\">\n<div class=\"wpb_wrapper\">\n<div class=\"heading left\">\n<div class=\"vc_row wpb_row vc_row-fluid\">\n<div class=\"wpb_column vc_column_container vc_col-sm-12\">\n<div class=\"vc_column-inner\">\n<div class=\"wpb_wrapper\">\n<div class=\"heading left\">\n<h3><strong>Highlights:<\/strong><\/h3>\n<\/div>\n<\/div>\n<\/div>\n<\/div>\n<\/div>\n<div class=\"vc_row wpb_row vc_row-fluid\">\n<div class=\"wpb_column vc_column_container vc_col-sm-12\">\n<div class=\"vc_column-inner\">\n<div class=\"wpb_wrapper\">\n<div class=\"wpb_text_column wpb_content_element\">\n<div class=\"wpb_wrapper\">\n<ul>\n<li>Erleben Sie Delfine hautnah<\/li>\n<li>\u00dcberzeugen Sie sich selbst von ihrer erstaunlichen Intelligenz und ihrem Charme<\/li>\n<li>Genie\u00dfen Sie eine bewundernswerte Show mit einem Delfin und einem freundlichen Seel\u00f6wen<\/li>\n<\/ul>\n<\/div>\n<h3><strong>Dauer<\/strong><\/h3>\n<p>Erste Reise:<\/p>\n<p>Abholung: Gegen 09:30 Uhr (abh\u00e4ngig von der Lage Ihres Hotels in Hurghada) Voraussichtlich Samstag<\/p>\n<p>Zweite Reise:<\/p>\n<p>Abholung: T\u00e4glich gegen 15:30 Uhr (abh\u00e4ngig von der Lage Ihres Hotels in Hurghada)<\/p>\n<\/div>\n<\/div>\n<\/div>\n<\/div>\n<\/div>\n<\/div>\n<\/div>\n<\/div>\n<\/div>\n<\/div>\n<div class=\"vc_row wpb_row vc_row-fluid\">\n<div class=\"wpb_column vc_column_container vc_col-sm-12\">\n<div class=\"vc_column-inner\">\n<div class=\"wpb_wrapper\">\n<div class=\"wpb_text_column wpb_content_element\">\n<div class=\"wpb_wrapper\">\n<div class=\"heading left\">\n<div class=\"heading left\">\n<h5><\/h5>\n<\/div>\n<\/div>\n<\/div>\n<\/div>\n<\/div>\n<\/div>\n<\/div>\n<\/div>","protected":false},"excerpt":{"rendered":"<p>Overview Dolphin Show form Hurghada Enjoy a fun-filled morning with hotel pickup and transfer to an exciting 1-hour dolphin show in Hurghada. The show features four captivating performances, starting with dancing sea cats (seals), followed by a musical walrus, an energetic sea lion, and a dazzling finale with three playful dolphins performing tricks and even painting. After the show, you\u2019ll be transferred back to your hotel. &nbsp; Highlights: Get up close and personal with dolphins Witness their amazing intelligence and charm for yourself Enjoy an admirable show with a dolphin and a friendly sea lion Duration First journey: Pickup: Around 09:30 Am (Depending on your hotel location in Hurghada) Expet Saturday Second journey: Pickup: Around 03:30 Pm (Depending on your hotel location in Hurghada) Every Day<\/p>","protected":false},"featured_media":9931,"comment_status":"open","ping_status":"closed","template":"","meta":[],"product_brand":[],"product_cat":[43,37],"product_tag":[],"class_list":{"0":"post-4220","1":"product","2":"type-product","3":"status-publish","4":"has-post-thumbnail","6":"brw_tour_types-hiking","7":"product_cat-hurghada","8":"product_cat-family-excursion","10":"first","11":"instock","12":"shipping-taxable","13":"purchasable","14":"product-type-ovabrw_car_rental"},"acf":[],"_links":{"self":[{"href":"https:\/\/biankatour.com\/de\/wp-json\/wp\/v2\/product\/4220","targetHints":{"allow":["GET"]}}],"collection":[{"href":"https:\/\/biankatour.com\/de\/wp-json\/wp\/v2\/product"}],"about":[{"href":"https:\/\/biankatour.com\/de\/wp-json\/wp\/v2\/types\/product"}],"replies":[{"embeddable":true,"href":"https:\/\/biankatour.com\/de\/wp-json\/wp\/v2\/comments?post=4220"}],"wp:featuredmedia":[{"embeddable":true,"href":"https:\/\/biankatour.com\/de\/wp-json\/wp\/v2\/media\/9931"}],"wp:attachment":[{"href":"https:\/\/biankatour.com\/de\/wp-json\/wp\/v2\/media?parent=4220"}],"wp:term":[{"taxonomy":"product_brand","embeddable":true,"href":"https:\/\/biankatour.com\/de\/wp-json\/wp\/v2\/product_brand?post=4220"},{"taxonomy":"product_cat","embeddable":true,"href":"https:\/\/biankatour.com\/de\/wp-json\/wp\/v2\/product_cat?post=4220"},{"taxonomy":"product_tag","embeddable":true,"href":"https:\/\/biankatour.com\/de\/wp-json\/wp\/v2\/product_tag?post=4220"}],"curies":[{"name":"wp","href":"https:\/\/api.w.org\/{rel}","templated":true}]}}