{"id":4210,"date":"2022-08-04T06:48:38","date_gmt":"2022-08-04T06:48:38","guid":{"rendered":"https:\/\/biankatour.com\/?post_type=product&#038;p=4210"},"modified":"2025-11-17T13:00:49","modified_gmt":"2025-11-17T13:00:49","slug":"magawish-island","status":"publish","type":"product","link":"https:\/\/biankatour.com\/de\/produkt\/magawish-island\/","title":{"rendered":"Magawish-Insel"},"content":{"rendered":"<h5>Ausflug zur Insel Magawish Hurghada<\/h5>\n<ul>\n<li class=\"nonelist\"><em class=\"fa-green fa-solid fa-circle-info\">\u00a0<\/em><strong>Wir<\/strong>\u00a0l\u00e4dt Sie ein, die \u00e4gyptische Karibik zu erkunden und im kristallklaren Wasser der Meereswelt des Roten Meeres zu schwimmen und zu schnorcheln.<\/li>\n<li class=\"nonelist\"><em class=\"fa-green fa-solid fa-circle-info\">\u00a0<\/em>2 Stunden Insel + 2 Stopps zum Schnorcheln + Essen am Start + ganzt\u00e4gig Getr\u00e4nke und Wasserspiele.<\/li>\n<li class=\"nonelist\"><em class=\"fa-green fa-solid fa-circle-info\">\u00a0<\/em>Die Insel Magawish ist bekannt f\u00fcr ihre unber\u00fchrte Sch\u00f6nheit, das klare Wasser und die vielf\u00e4ltige Unterwasserwelt. Dieser Ausflug bietet eine wunderbare Kombination aus Schnorcheln, Entspannung und Abenteuer und ist somit die ideale Wahl f\u00fcr einen Tagesausflug ab Hurghada. Hier ist ein typisches Programm f\u00fcr einen Ausflug zur Insel Magawish ab Hurghada.<\/li>\n<li class=\"nonelist\"><em class=\"fa-green fa-solid fa-circle-info\">\u00a0<\/em>Dieses Programm bietet eine gro\u00dfartige Balance aus Entspannung, Abenteuer und Erkundung in einer der sch\u00f6nsten Gegenden in der N\u00e4he von Hurghada.<\/li>\n<li class=\"nonelist\">\n<h3><em class=\"fa-green fa-solid fa-person-walking-luggage\">\u00a0<\/em><strong>Was Sie mitnehmen m\u00fcssen:<\/strong><\/h3>\n<ul>\n<li class=\"nonelist\"><em class=\"fa-green fa-solid fa-check\">\u00a0<\/em>Handtuch.<\/li>\n<li class=\"nonelist\"><em class=\"fa-green fa-solid fa-check\">\u00a0<\/em>Sonnenschutzmittel.<\/li>\n<li class=\"nonelist\"><em class=\"fa-green fa-solid fa-check\">\u00a0<\/em>Sonnenbrille und Hut.<\/li>\n<li class=\"nonelist\"><em class=\"fa-green fa-solid fa-check\">\u00a0<\/em>Kamera oder GoPro.<\/li>\n<\/ul>\n<\/li>\n<\/ul>","protected":false},"excerpt":{"rendered":"<p>Excursion to Magawish Island Hurghada \u00a0We\u00a0invites you to explore the Egyptian Caribbean, swim and snorkel in the crystal clear waters of the Red Sea marine life. \u00a02 Hours island + 2 stops Snorkeling + launch meal + all day drinks+ water games. \u00a0Magawish Island is renowned for its pristine beauty, clear waters, and vibrant marine life. This excursion provides a wonderful combination of snorkeling, relaxation, and adventure, making it an ideal choice for a full-day getaway from Hurghada. Here&#8217;s a typical program for an Magawish Island Hurghada excursion. \u00a0This program offers a great balance of relaxation, adventure, and exploration in one of the most beautiful areas near Hurghada. \u00a0What you need to take with you: \u00a0Towel. \u00a0Sunscreen. \u00a0Sunglasses and hat. \u00a0Camera or GoPro.<\/p>","protected":false},"featured_media":9537,"comment_status":"open","ping_status":"closed","template":"","meta":[],"product_brand":[],"product_cat":[43,28],"product_tag":[],"class_list":{"0":"post-4210","1":"product","2":"type-product","3":"status-publish","4":"has-post-thumbnail","6":"brw_tour_types-beaches","7":"product_cat-hurghada","8":"product_cat-sea-excursion","10":"first","11":"instock","12":"shipping-taxable","13":"purchasable","14":"product-type-ovabrw_car_rental"},"acf":[],"_links":{"self":[{"href":"https:\/\/biankatour.com\/de\/wp-json\/wp\/v2\/product\/4210","targetHints":{"allow":["GET"]}}],"collection":[{"href":"https:\/\/biankatour.com\/de\/wp-json\/wp\/v2\/product"}],"about":[{"href":"https:\/\/biankatour.com\/de\/wp-json\/wp\/v2\/types\/product"}],"replies":[{"embeddable":true,"href":"https:\/\/biankatour.com\/de\/wp-json\/wp\/v2\/comments?post=4210"}],"wp:featuredmedia":[{"embeddable":true,"href":"https:\/\/biankatour.com\/de\/wp-json\/wp\/v2\/media\/9537"}],"wp:attachment":[{"href":"https:\/\/biankatour.com\/de\/wp-json\/wp\/v2\/media?parent=4210"}],"wp:term":[{"taxonomy":"product_brand","embeddable":true,"href":"https:\/\/biankatour.com\/de\/wp-json\/wp\/v2\/product_brand?post=4210"},{"taxonomy":"product_cat","embeddable":true,"href":"https:\/\/biankatour.com\/de\/wp-json\/wp\/v2\/product_cat?post=4210"},{"taxonomy":"product_tag","embeddable":true,"href":"https:\/\/biankatour.com\/de\/wp-json\/wp\/v2\/product_tag?post=4210"}],"curies":[{"name":"wp","href":"https:\/\/api.w.org\/{rel}","templated":true}]}}