{"id":4182,"date":"2022-08-03T05:00:46","date_gmt":"2022-08-03T05:00:46","guid":{"rendered":"https:\/\/biankatour.com\/?post_type=product&#038;p=4182"},"modified":"2025-09-03T19:05:43","modified_gmt":"2025-09-03T19:05:43","slug":"swim-with-dolphins-in-hurghada","status":"publish","type":"product","link":"https:\/\/biankatour.com\/de\/produkt\/swim-with-dolphins-in-hurghada\/","title":{"rendered":"Schwimmen mit Delfinen in Hurghada"},"content":{"rendered":"<div class=\"vc_row wpb_row vc_row-fluid\">\n<div class=\"wpb_column vc_column_container vc_col-sm-12\">\n<div class=\"vc_column-inner\">\n<div class=\"wpb_wrapper\">\n<div class=\"heading left\">\n<h2>Highlights<\/h2>\n<div class=\"seperator left\"><\/div>\n<div class=\"sub-heading\"><\/div>\n<\/div>\n<div class=\"clearfix\"><\/div>\n<\/div>\n<\/div>\n<\/div>\n<\/div>\n<div class=\"vc_row wpb_row vc_row-fluid\">\n<div class=\"wpb_column vc_column_container vc_col-sm-12\">\n<div class=\"vc_column-inner\">\n<div class=\"wpb_wrapper\">\n<div class=\"wpb_text_column wpb_content_element\">\n<div class=\"wpb_wrapper\">\n<p><strong>Schwimmen mit Delfinen in Hurghada<\/strong><\/p>\n<ul>\n<li>Transfer vom Hotel zum Delphinarium<\/li>\n<li>5 oder 10 Minuten mit Delfinen schwimmen<\/li>\n<li>Erleben Sie Delfine hautnah<\/li>\n<li>\u00dcberzeugen Sie sich selbst von ihrer erstaunlichen Intelligenz und ihrem Charme<\/li>\n<li>Transfer zur\u00fcck zum Hotel<\/li>\n<\/ul>\n<\/div>\n<\/div>\n<div class=\"vc_empty_space\"><\/div>\n<\/div>\n<\/div>\n<\/div>\n<\/div>\n<div class=\"vc_row wpb_row vc_row-fluid\">\n<div class=\"wpb_column vc_column_container vc_col-sm-12\">\n<div class=\"vc_column-inner\">\n<div class=\"wpb_wrapper\">\n<div class=\"heading left\">\n<h2>Tourprogramm<\/h2>\n<div class=\"seperator left\"><\/div>\n<div class=\"sub-heading\"><\/div>\n<\/div>\n<div class=\"clearfix\"><\/div>\n<\/div>\n<\/div>\n<\/div>\n<\/div>\n<div class=\"vc_row wpb_row vc_row-fluid\">\n<div class=\"wpb_column vc_column_container vc_col-sm-12\">\n<div class=\"vc_column-inner\">\n<div class=\"wpb_wrapper\">\n<div class=\"wpb_text_column wpb_content_element\">\n<div class=\"wpb_wrapper\">\n<p>Schwimmen mit Delfinen in Hurghada<\/p>\n<p>Unser Vertreter bringt Sie zum Dolphinarum, wo Sie die gro\u00dfartige Gelegenheit haben, 5 bis 10 Minuten lang in Begleitung eines Lehrers mit Delfinen im Pool zu schwimmen. Sie werden die Kraft und Verspieltheit dieses erstaunlichen S\u00e4ugetiers sp\u00fcren, die Sie mit purer positiver Energie erf\u00fcllt.<\/p>\n<p>Sie werden lustige Momente im Pool mit den Delfinen verbringen, mit ihnen spielen und schwimmen, ihre Gesellschaft genie\u00dfen und unvergessliche Gef\u00fchle der N\u00e4he zur Natur erleben. Super Schnorchelausflug in Hurghada<\/p>\n<div class=\"heading left\">\n<h2>Was soll ich mitnehmen?<\/h2>\n<div class=\"seperator left\"><\/div>\n<div class=\"sub-heading\"><\/div>\n<\/div>\n<div class=\"clearfix\"><\/div>\n<div class=\"wpb_text_column wpb_content_element\">\n<div class=\"wpb_wrapper\">\n<p><strong>Schwimmen mit Delfinen in Hurghada<\/strong><\/p>\n<ul>\n<li>Kopfbedeckung (M\u00fctze oder Schal)<\/li>\n<li>Sonnenbrille<\/li>\n<li>Sonnencreme.<\/li>\n<\/ul>\n<\/div>\n<\/div>\n<\/div>\n<\/div>\n<\/div>\n<\/div>\n<\/div>\n<\/div>","protected":false},"excerpt":{"rendered":"<p>Highlights Swim With Dolphins In Hurghada Transfer from the hotel to the Dolphinarium swimming with dolphins for 5 or 10 minutes Get up close and personal with dolphins Witness their amazing intelligence and charm for yourself Transfer back to the hotel Tour Program Swim With Dolphins In Hurghada Our representative will take you to Dolphinarum, where you will have a great opportunity to swim with dolphins in the presence of an instructor in the pool for 5 or 10 minutes. You will feel the power and playfulness of this amazing mammal, which will fill you with pure positive energy. You will spend funny moments in the pool with the dolphins, playing and swimming with them, enjoying their company and experiencing unforgettable sensations of getting close to nature. Super snorkeling\u00a0trip\u00a0in\u00a0Hurghada What to take with you? Swim With Dolphins In Hurghada Head cover (Cap or Scarf) Sunglasses Sun Cream.<\/p>","protected":false},"featured_media":9884,"comment_status":"open","ping_status":"closed","template":"","meta":[],"product_brand":[],"product_cat":[43,37],"product_tag":[],"class_list":{"0":"post-4182","1":"product","2":"type-product","3":"status-publish","4":"has-post-thumbnail","6":"brw_tour_types-culture","7":"product_cat-hurghada","8":"product_cat-family-excursion","10":"first","11":"instock","12":"shipping-taxable","13":"purchasable","14":"product-type-ovabrw_car_rental"},"acf":[],"_links":{"self":[{"href":"https:\/\/biankatour.com\/de\/wp-json\/wp\/v2\/product\/4182","targetHints":{"allow":["GET"]}}],"collection":[{"href":"https:\/\/biankatour.com\/de\/wp-json\/wp\/v2\/product"}],"about":[{"href":"https:\/\/biankatour.com\/de\/wp-json\/wp\/v2\/types\/product"}],"replies":[{"embeddable":true,"href":"https:\/\/biankatour.com\/de\/wp-json\/wp\/v2\/comments?post=4182"}],"wp:featuredmedia":[{"embeddable":true,"href":"https:\/\/biankatour.com\/de\/wp-json\/wp\/v2\/media\/9884"}],"wp:attachment":[{"href":"https:\/\/biankatour.com\/de\/wp-json\/wp\/v2\/media?parent=4182"}],"wp:term":[{"taxonomy":"product_brand","embeddable":true,"href":"https:\/\/biankatour.com\/de\/wp-json\/wp\/v2\/product_brand?post=4182"},{"taxonomy":"product_cat","embeddable":true,"href":"https:\/\/biankatour.com\/de\/wp-json\/wp\/v2\/product_cat?post=4182"},{"taxonomy":"product_tag","embeddable":true,"href":"https:\/\/biankatour.com\/de\/wp-json\/wp\/v2\/product_tag?post=4182"}],"curies":[{"name":"wp","href":"https:\/\/api.w.org\/{rel}","templated":true}]}}