{"id":3817,"date":"2022-07-22T04:54:49","date_gmt":"2022-07-22T04:54:49","guid":{"rendered":"https:\/\/biankatour.com\/?post_type=product&#038;p=3817"},"modified":"2025-09-03T19:05:13","modified_gmt":"2025-09-03T19:05:13","slug":"3-hours-quad","status":"publish","type":"product","link":"https:\/\/biankatour.com\/de\/produkt\/3-hours-quad\/","title":{"rendered":"3-Stunden-Quad"},"content":{"rendered":"<h3>Highlights<\/h3>\n<ul class=\"hightlights-list\">\n<li>Spannende drei Stunden fantastische Quad-Action in der W\u00fcste<\/li>\n<li>Genie\u00dfen Sie die atemberaubende Landschaft bei einer aufregenden Quad-Fahrt durch die karge W\u00fcste<\/li>\n<li>In der Grundausbildung wird die Steuerung des Quads erkl\u00e4rt.<\/li>\n<li>Keine Erfahrung erforderlich<\/li>\n<li>Besuchen Sie ein Beduinendorf, um einen Stamm kennenzulernen<\/li>\n<li>Sie haben die M\u00f6glichkeit, einen Kamelritt zu unternehmen<\/li>\n<\/ul>\n<hr \/>\n<h3>Beschreibung<\/h3>\n<p>F\u00fcr ein einmaliges Erlebnis und eine Safari der besonderen Art steigen Sie auf ein Quad und entdecken die wilde Sch\u00f6nheit der \u00e4gyptischen W\u00fcste. Sie werden fr\u00fchmorgens von Ihrem Hotel abgeholt. In Begleitung eines englischsprachigen Guides werden Sie zur Quad-Station gebracht.<\/p>\n<p>Es sind keine Vorkenntnisse erforderlich, da unsere erfahrenen Instruktoren Ihnen die Steuerung des Quads erkl\u00e4ren. Sie erhalten eine Grundeinweisung und schon kann es losgehen! Nach einer \u00dcbungseinheit, um sich an das Quad zu gew\u00f6hnen, haben Sie etwa eine Stunde Zeit, um Ihr aufregendes Quad-Erlebnis zu genie\u00dfen.<\/p>\n<p>Genie\u00dfen Sie den extremen Ritt durch die W\u00fcste zu einem 45 Kilometer entfernten Beduinendorf. Erleben Sie hier das traditionelle Leben der Einheimischen und reiten Sie auf einem Kamel.<\/p>\n<p>Nach einem unvergesslichen Abenteuer der W\u00fcstenerkundung werden Sie zu Ihrem Hotel zur\u00fcckgebracht.<\/p>\n<p>&nbsp;<\/p>\n<div class=\"wpb_text_column wpb_content_element\">\n<div class=\"wpb_wrapper\">\n<h3><strong>Dauer<\/strong><\/h3>\n<p><strong>Erste Reise:<\/strong><\/p>\n<ul>\n<li>Abholung: Gegen 08:00 Uhr (abh\u00e4ngig vom Standort Ihres Hotels in Hurghada).<\/li>\n<\/ul>\n<p><strong>Zweite Reise:<\/strong><\/p>\n<ul>\n<li>Abholung: Gegen 14:00 Uhr (abh\u00e4ngig von der Lage Ihres Hotels in Hurghada)<\/li>\n<\/ul>\n<\/div>\n<\/div>\n<h5>Bitte w\u00e4hlen Sie Ihre Abholzeit und teilen Sie uns diese in den Buchungshinweisen mit.<\/h5>","protected":false},"excerpt":{"rendered":"<p>Highlights Thrilling three hours of awesome quad bike action in the desert Enjoy the breathtaking scenery on a thrilling quad-bike ride of the barren desert Basic training is given to explain how to control the Quad Bike No experience necessary Visit a Bedouin village to meet a tribe You have an option to take a camel ride Description For a unique experience and a safari of a special kind, get on a quad bike to discover the wild beauty of the Egyptian desert. You will be picked up early in the morning from your hotel. Accompanied by an English-speaking guide, you will be taken to the quad bike station. No experience is required as our expert instructors will explain the quad bike controls. You will be given basic training and off you go! After a practice session to get used to the bike, you will have approximately an hour to enjoy your exhilarating quad biking experience. Enjoy the extreme ride across the desert to a Bedouin village, located 45 kilometers away. Here, enjoy a tour of traditional life for the local people living in the area. You will have the chance to ride a camel. After a memorable adventure of desert exploration, you will be dropped back at your hotel. &nbsp; Duration First journey: Pickup: Around 08:00 Am (Depending on your hotel location in Hurghada). Second journey: Pickup: Around 14:00 Pm (Depending on your hotel location in Hurghada) Please chose your pick up time and inform us on the booking notes.<\/p>","protected":false},"featured_media":9909,"comment_status":"open","ping_status":"closed","template":"","meta":[],"product_brand":[],"product_cat":[43,32],"product_tag":[],"class_list":{"0":"post-3817","1":"product","2":"type-product","3":"status-publish","4":"has-post-thumbnail","6":"brw_tour_types-hiking","7":"product_cat-hurghada","8":"product_cat-safari-excursion","10":"first","11":"instock","12":"shipping-taxable","13":"purchasable","14":"product-type-ovabrw_car_rental"},"acf":[],"_links":{"self":[{"href":"https:\/\/biankatour.com\/de\/wp-json\/wp\/v2\/product\/3817","targetHints":{"allow":["GET"]}}],"collection":[{"href":"https:\/\/biankatour.com\/de\/wp-json\/wp\/v2\/product"}],"about":[{"href":"https:\/\/biankatour.com\/de\/wp-json\/wp\/v2\/types\/product"}],"replies":[{"embeddable":true,"href":"https:\/\/biankatour.com\/de\/wp-json\/wp\/v2\/comments?post=3817"}],"wp:featuredmedia":[{"embeddable":true,"href":"https:\/\/biankatour.com\/de\/wp-json\/wp\/v2\/media\/9909"}],"wp:attachment":[{"href":"https:\/\/biankatour.com\/de\/wp-json\/wp\/v2\/media?parent=3817"}],"wp:term":[{"taxonomy":"product_brand","embeddable":true,"href":"https:\/\/biankatour.com\/de\/wp-json\/wp\/v2\/product_brand?post=3817"},{"taxonomy":"product_cat","embeddable":true,"href":"https:\/\/biankatour.com\/de\/wp-json\/wp\/v2\/product_cat?post=3817"},{"taxonomy":"product_tag","embeddable":true,"href":"https:\/\/biankatour.com\/de\/wp-json\/wp\/v2\/product_tag?post=3817"}],"curies":[{"name":"wp","href":"https:\/\/api.w.org\/{rel}","templated":true}]}}