{"id":3381,"date":"2022-07-13T10:29:31","date_gmt":"2022-07-13T10:29:31","guid":{"rendered":"https:\/\/biankatour.com\/?post_type=product&#038;p=3381"},"modified":"2025-09-03T19:14:20","modified_gmt":"2025-09-03T19:14:20","slug":"family-safari-morning-or-sunset","status":"publish","type":"product","link":"https:\/\/biankatour.com\/de\/produkt\/family-safari-morning-or-sunset\/","title":{"rendered":"Familiensafari"},"content":{"rendered":"<div class=\"elementor-element elementor-element-f85dd7f elementor-widget elementor-widget-heading\" data-id=\"f85dd7f\" data-element_type=\"widget\" data-widget_type=\"heading.default\">\n<div class=\"elementor-widget-container\">\n<h2 class=\"elementor-heading-title elementor-size-default\">\u00dcberblick<\/h2>\n<\/div>\n<\/div>\n<div class=\"elementor-element elementor-element-23592fac elementor-widget elementor-widget-babe-item-content\" data-id=\"23592fac\" data-element_type=\"widget\" data-widget_type=\"babe-item-content.default\">\n<div class=\"elementor-widget-container\">\n<div class=\"elementor-widget-inner\">\n<div class=\"triply-single-content\">\n<h3 class=\"main-header\">\u00a0Morgendliche 3-st\u00fcndige Quad-Safari ab Hurghada<\/h3>\n<div class=\"flex max-w-full flex-col flex-grow\">\n<div class=\"min-h-[20px] text-message flex w-full flex-col items-end gap-2 whitespace-normal break-words [.text-message+&amp;]:mt-5\" dir=\"auto\" data-message-author-role=\"assistant\" data-message-id=\"3ddb6f01-46b3-4d29-b598-a765631fdef2\">\n<div class=\"flex w-full flex-col gap-1 empty:hidden first:pt-[3px]\">\n<div class=\"markdown prose w-full break-words dark:prose-invert light\">\n<p>Die Reise beginnt mit der Abholung von Ihrem Hotel und der Fahrt zur Safari-Station gegen 8:00 Uhr<\/p>\n<p>Wir beginnen unser Programm mit einer 45-min\u00fctigen Fahrt auf einem Honda-Quad, um die goldene W\u00fcste zu entdecken, und machen einige Stopps, um in der atemberaubenden W\u00fcste von HURGHADA Fotos zu machen.<\/p>\n<p>Zweitens fahren wir 15 Minuten lang Spider Car (Buggy) Familienbuggy oder Doppelbuggy<\/p>\n<p>Erleben Sie anschlie\u00dfend eine aufregende Jeep-Safari durch die W\u00fcste und erklimmen Sie Sandd\u00fcnen auf dem Weg zum Beduinendorf.<\/p>\n<p>Nach etwa 25\u00a0km mit der Jeep-Safari erreichen Sie Ihr Ziel (Beduinendorf). Hier k\u00f6nnen Sie sich entspannen, auf einem Kamel reiten, mit einem Spider-Auto fahren, Beduinentee genie\u00dfen und etwas \u00fcber das traditionelle Leben der Beduinen erfahren.<\/p>\n<p>Gegen 12:30 Uhr zur\u00fcck vom Beduinendorf zum Hotel.<\/p>\n<p>&nbsp;<\/p>\n<\/div>\n<\/div>\n<\/div>\n<\/div>\n<div class=\"mb-2 flex gap-3 empty:hidden -ml-2\">\n<div class=\"items-center justify-start rounded-xl p-1 flex\">\n<div class=\"flex items-center\">\n<div class=\"vc_row wpb_row vc_row-fluid\">\n<div class=\"wpb_column vc_column_container vc_col-sm-12\">\n<div class=\"vc_column-inner\">\n<div class=\"wpb_wrapper\">\n<div class=\"heading left\">\n<h3><strong>Highlights:<\/strong><\/h3>\n<\/div>\n<\/div>\n<\/div>\n<\/div>\n<\/div>\n<div class=\"vc_row wpb_row vc_row-fluid\">\n<div class=\"wpb_column vc_column_container vc_col-sm-12\">\n<div class=\"vc_column-inner\">\n<div class=\"wpb_wrapper\">\n<div class=\"wpb_text_column wpb_content_element\">\n<div class=\"wpb_wrapper\">\n<ul>\n<li>Fahren Sie mit einem Quad durch die \u00f6stliche W\u00fcste \u00c4gyptens<\/li>\n<li>Erkunden Sie die herrliche W\u00fcste.<\/li>\n<li>Besuchen Sie ein traditionelles Beduinendorf<\/li>\n<li>Reiten Sie auf einem Kamel<\/li>\n<li>Machen Sie eine Pause f\u00fcr einen Tee in einem Beduinenzelt<\/li>\n<li>Treffen Sie freundliche Beduinen in ihren Zelten<\/li>\n<li>Privater Reiseleiter den ganzen Tag bei Ihnen<\/li>\n<li>Abholung und R\u00fccktransfer vom Hotel in Hurghada inklusive<\/li>\n<\/ul>\n<div class=\"heading left\">\n<h2>Was soll ich mitnehmen?<\/h2>\n<\/div>\n<div class=\"wpb_text_column wpb_content_element\">\n<div class=\"wpb_wrapper\">\n<ul>\n<li>Foto- und Videoausr\u00fcstung<\/li>\n<li>Kopfbedeckung (Schal)<\/li>\n<li>Sonnencreme<\/li>\n<li>Sonnenbrille<\/li>\n<li>Bequeme Schuhe<\/li>\n<li>warme Kleidung im Winter oder lockere Kleidung im Sommer.<\/li>\n<\/ul>\n<h3><strong>\u00a0Dauer<\/strong><\/h3>\n<p><strong>Erste Reise:<\/strong><\/p>\n<ul>\n<li>Abholung: Gegen 08:00 Uhr (abh\u00e4ngig vom Standort Ihres Hotels in Hurghada).<\/li>\n<\/ul>\n<p><strong>Zweite Reise:<\/strong><\/p>\n<ul>\n<li>Abholung: Gegen 14:00 Uhr (abh\u00e4ngig von der Lage Ihres Hotels in Hurghada)<\/li>\n<\/ul>\n<\/div>\n<\/div>\n<\/div>\n<h5>Bitte w\u00e4hlen Sie Ihre Abholzeit und teilen Sie uns diese in den Buchungshinweisen mit.<\/h5>\n<h5><\/h5>\n<\/div>\n<\/div>\n<\/div>\n<\/div>\n<\/div>\n<\/div>\n<\/div>\n<\/div>\n<\/div>\n<\/div>\n<\/div>\n<\/div>","protected":false},"excerpt":{"rendered":"<p>Overview \u00a0Morning 3-Hours Quad Safari From Hurghada The trip starts with pickup from your hotel and travel to the Safari\u00a0 station aroud 8:00 We start our program with a Honda quad bike for 45 minutes to discover the gold desert and make some stops to take photos in the amazing\u00a0HURGHADA\u00a0desert. second we will drive spider car (buggy) for 15 minutes family buggy or double buggy Then, experience an exciting jeep safari through the desert, climbing sand dunes on the way to the Bedouin village . After about\u00a0 25 km by jeep safari, you will reach your destination (Bedouin village). Here you can relax, ride a camel, ride a Spider car, enjoy\u00a0 beduin tea and learn about the traditional life of the Bedouins. Back from Bedouin village again to hotel about 12:30. &nbsp; Highlights: Ride a quad bike in the East \u00a0Desert of Egypt Explore the magnificent desert. Visit a traditional Bedouin village Ride a camel Stop for a drink a tea at a Bedouin tent Meet friendly Bedouins in their tents Privat tour guide all the day with you Hotel pickup and drop-off from Hurghada include What to take with you? Photo and video equipment Head cover ( Scarf ) Sun Cream Sunglasses Comfortable shoes warm clothing in winter or loose clothing in summer. \u00a0Duration First journey: Pickup: Around 08:00 Am (Depending on your hotel location in Hurghada). Second journey: Pickup: Around 14:00 Pm (Depending on your hotel location in Hurghada) Please chose your pick up time and inform us on the booking notes.<\/p>","protected":false},"featured_media":9692,"comment_status":"open","ping_status":"closed","template":"","meta":[],"product_brand":[],"product_cat":[43,37,32],"product_tag":[],"class_list":{"0":"post-3381","1":"product","2":"type-product","3":"status-publish","4":"has-post-thumbnail","6":"brw_tour_types-culture","7":"brw_tour_types-hiking","8":"product_cat-hurghada","9":"product_cat-family-excursion","10":"product_cat-safari-excursion","12":"first","13":"instock","14":"shipping-taxable","15":"purchasable","16":"product-type-ovabrw_car_rental"},"acf":[],"_links":{"self":[{"href":"https:\/\/biankatour.com\/de\/wp-json\/wp\/v2\/product\/3381","targetHints":{"allow":["GET"]}}],"collection":[{"href":"https:\/\/biankatour.com\/de\/wp-json\/wp\/v2\/product"}],"about":[{"href":"https:\/\/biankatour.com\/de\/wp-json\/wp\/v2\/types\/product"}],"replies":[{"embeddable":true,"href":"https:\/\/biankatour.com\/de\/wp-json\/wp\/v2\/comments?post=3381"}],"wp:featuredmedia":[{"embeddable":true,"href":"https:\/\/biankatour.com\/de\/wp-json\/wp\/v2\/media\/9692"}],"wp:attachment":[{"href":"https:\/\/biankatour.com\/de\/wp-json\/wp\/v2\/media?parent=3381"}],"wp:term":[{"taxonomy":"product_brand","embeddable":true,"href":"https:\/\/biankatour.com\/de\/wp-json\/wp\/v2\/product_brand?post=3381"},{"taxonomy":"product_cat","embeddable":true,"href":"https:\/\/biankatour.com\/de\/wp-json\/wp\/v2\/product_cat?post=3381"},{"taxonomy":"product_tag","embeddable":true,"href":"https:\/\/biankatour.com\/de\/wp-json\/wp\/v2\/product_tag?post=3381"}],"curies":[{"name":"wp","href":"https:\/\/api.w.org\/{rel}","templated":true}]}}