{"id":3378,"date":"2022-07-13T10:23:06","date_gmt":"2022-07-13T10:23:06","guid":{"rendered":"https:\/\/biankatour.com\/?post_type=product&#038;p=3378"},"modified":"2025-09-03T19:14:51","modified_gmt":"2025-09-03T19:14:51","slug":"cairo-1-day-from-hurghada","status":"publish","type":"product","link":"https:\/\/biankatour.com\/de\/produkt\/cairo-1-day-from-hurghada\/","title":{"rendered":"Kairo 1 Tag von Hurghada"},"content":{"rendered":"<div class=\"ovabrw_product_title\">\n<div class=\"heading left\">\n<div class=\"heading left\">\n<div class=\"heading left\">\n<p><strong>Tagesausflug von Hurghada nach Kairo mit dem Bus<\/strong><\/p>\n<p><strong>W\u00e4hlen<\/strong>\u00a0Sie werden sp\u00e4t in der Nacht von Ihrem Hotel abgeholt und in einem komfortablen Bus mit Toilette nach Kairo gefahren. Die Abholzeit ist je nach Gegend Ihres Hotels zwischen 1:30 und 2:30 Uhr.<\/p>\n<p>Nach Ihrer Ankunft in Kairo bringt Sie der Reiseleiter zum<strong>\u00a0\u00c4gyptisches Museum<\/strong>,\u00a0wo Sie eine seltene Sammlung von\u00a0<strong>5000 Jahre<\/strong>\u00a0der Kunst, die als die gr\u00f6\u00dfte und wertvollste Sammlung \u00e4gyptischer Kunst der Welt gilt. \u00dcber 250.000 echte Artefakte werden pr\u00e4sentiert, darunter eine Ausstellung, die gewidmet ist\u00a0<strong>Schatzsammlung des Tutanchamun<\/strong>, Gold und Schmuck, die in seinem Grab eingeschlossen waren und seine<strong>\u00a0Maske 11 KG<\/strong>\u00a0mit seinen<strong>\u00a0Sarg 110 KG reines Gold.<\/strong><\/p>\n<p>Genie\u00dfen Sie Ihren \u00e4gyptischen\u00a0<strong>Mittagessen<\/strong>\u00a0in einem traditionellen Restaurant.<\/p>\n<p>Die\u00a0<strong>Reiseleiter<\/strong>\u00a0begleitet Sie auf Ihrem Abenteuer zur Entdeckung der exquisiten\u00a0<strong>Pyramiden von Cheops, Chephren und Mykerina, die Sphinx<\/strong>\u00a0mit einem Pharaonenkopf und einem L\u00f6wenk\u00f6rper, der auf die Herrschaft von K\u00f6nig Chephren zur\u00fcckgeht.\u00a0<strong>Der Taltempel<\/strong>\u00a0Auch die Chephren-Pyramide ist ein gro\u00dfartiges Werk antiker Architektur, und deshalb k\u00f6nnen wir die Pr\u00e4zision ihrer Erbauer bewundern.<\/p>\n<p>Die Tour beinhaltet auch einen Besuch von<strong>\u00a0der Taltempel<\/strong>, die zu den Chephren-Pyramiden geh\u00f6rt.<\/p>\n<p>&nbsp;<\/p>\n<h3><strong>Tage und Dauer:<\/strong><\/h3>\n<p>Dienstag und Donnerstag<\/p>\n<p>Von Mitternacht bis 23:00 Uhr (Zeitpunkt wird nach der Buchung best\u00e4tigt).<\/p>\n<p>Ganzt\u00e4giger Ausflug (ca. 23 Stunden, inklusive Transfers).<\/p>\n<p>&nbsp;<\/p>\n<h3><strong>Programm:<\/strong><\/h3>\n<p>Abholung vom Hotel zwischen Mitternacht und 2 Uhr morgens.<\/p>\n<p>Fahrt nach Kairo im klimatisierten Bus.<\/p>\n<p>Besuchen Sie die Pyramiden von Gizeh und die Sphinx mit einem englischsprachigen Reiseleiter.<\/p>\n<p>Erkunden Sie das \u00c4gyptische Museum.<\/p>\n<p>All-you-can-eat-Mittagsbuffet in einem lokalen Restaurant.<\/p>\n<p>Besuchen Sie einen Parf\u00fcm- und Papyrus-Workshop.<\/p>\n<p>Optionale Nilkreuzfahrt (10 \u20ac pro Person).<\/p>\n<p>R\u00fcckkehr nach Hurghada, Ankunft gegen 23:00 Uhr.<\/p>\n<\/div>\n<\/div>\n<\/div>\n<\/div>\n<div class=\"wpb_wrapper\">\n<div class=\"elementor-element elementor-element-46b7719 elementor-widget elementor-widget-babe-item-steps\" data-id=\"46b7719\" data-element_type=\"widget\" data-widget_type=\"babe-item-steps.default\">\n<div class=\"elementor-widget-container\">\n<div class=\"block_step\">\n<div class=\"block_step_content collapse-body block_active\">\n<div class=\"content\">\n<p>&nbsp;<\/p>\n<\/div>\n<\/div>\n<\/div>\n<\/div>\n<\/div>\n<div class=\"elementor-element elementor-element-4bfce25 elementor-widget-divider--view-line elementor-widget elementor-widget-divider\" data-id=\"4bfce25\" data-element_type=\"widget\" data-widget_type=\"divider.default\">\n<div class=\"elementor-widget-container\">\n<div class=\"elementor-divider\">\n<h2>\u00a0Dauer<\/h2>\n<p><strong>Abholung: Gegen 2:00 Uhr<\/strong><\/p>\n<\/div>\n<h5><\/h5>\n<\/div>\n<\/div>\n<\/div>","protected":false},"excerpt":{"rendered":"<p>Cairo over day trip from Hurghada by bus Pick\u00a0you up from your hotel late at night and drive to Cairo in a comfortable bus with a toilet.\u00a0Pickup time is around 1:30 am to 2:30 am depends on your hotel area. Upon your arrival in Cairo, the guide will take you to the\u00a0Egyptien museum,\u00a0where you can see a rare collection of\u00a05000 years\u00a0of art which is considered the largest most precious collection of Egyptian art in the world. Over 250,000 genuine artifacts are presented, including an exhibit dedicated to\u00a0Tutankhamen collection of treasure, gold and jewelry which was enclosed in his tomb and his\u00a0mask 11 KG\u00a0with hIs\u00a0coffin 110 KG of pure sold gold. Enjoy your Egyptian\u00a0lunch\u00a0in a traditional restaurant. The\u00a0tour guide\u00a0will accompany you on your adventure to discover the exquisite\u00a0Pyramids of Cheops, Chephren, and Mykerina, the Sphinx\u00a0with a head of a pharaoh and a lion\u2019s body, which dates back to the reign of King Chephren.\u00a0The Valley Temple\u00a0of the Pyramid of Chephren is a magnificent work of ancient architecture also, and therefore we can admire the precision of its builders. The tour also includes a visit to\u00a0the Valley Temple, which belongs to the Pyramids of Chephren. &nbsp; Days and Duration: Tuesday and Thursday From midnight to 11:00 PM (timing confirmed after booking). Full-day excursion (about 23 hours, including transfers). &nbsp; Program: Hotel pickup between midnight and 2 AM. Journey to Cairo by air-conditioned bus. Visit the Giza Pyramids and the Sphinx with an English-speaking guide. Explore the Egyptian Museum. All-you-can-eat buffet lunch at a local restaurant. Visit a perfume and papyrus workshop. Optional Nile cruise (\u20ac10 per person). Return to Hurghada, arriving around 11 PM. &nbsp; \u00a0Duration Pickup: Around 2:00 Am<\/p>","protected":false},"featured_media":9960,"comment_status":"open","ping_status":"closed","template":"","meta":[],"product_brand":[],"product_cat":[46,43],"product_tag":[],"class_list":{"0":"post-3378","1":"product","2":"type-product","3":"status-publish","4":"has-post-thumbnail","6":"brw_tour_types-beaches","7":"brw_tour_types-hiking","8":"product_cat-historical-excursion","9":"product_cat-hurghada","11":"first","12":"instock","13":"shipping-taxable","14":"purchasable","15":"product-type-ovabrw_car_rental"},"acf":[],"_links":{"self":[{"href":"https:\/\/biankatour.com\/de\/wp-json\/wp\/v2\/product\/3378","targetHints":{"allow":["GET"]}}],"collection":[{"href":"https:\/\/biankatour.com\/de\/wp-json\/wp\/v2\/product"}],"about":[{"href":"https:\/\/biankatour.com\/de\/wp-json\/wp\/v2\/types\/product"}],"replies":[{"embeddable":true,"href":"https:\/\/biankatour.com\/de\/wp-json\/wp\/v2\/comments?post=3378"}],"wp:featuredmedia":[{"embeddable":true,"href":"https:\/\/biankatour.com\/de\/wp-json\/wp\/v2\/media\/9960"}],"wp:attachment":[{"href":"https:\/\/biankatour.com\/de\/wp-json\/wp\/v2\/media?parent=3378"}],"wp:term":[{"taxonomy":"product_brand","embeddable":true,"href":"https:\/\/biankatour.com\/de\/wp-json\/wp\/v2\/product_brand?post=3378"},{"taxonomy":"product_cat","embeddable":true,"href":"https:\/\/biankatour.com\/de\/wp-json\/wp\/v2\/product_cat?post=3378"},{"taxonomy":"product_tag","embeddable":true,"href":"https:\/\/biankatour.com\/de\/wp-json\/wp\/v2\/product_tag?post=3378"}],"curies":[{"name":"wp","href":"https:\/\/api.w.org\/{rel}","templated":true}]}}