{"id":1185,"date":"2022-07-07T04:36:44","date_gmt":"2022-07-07T04:36:44","guid":{"rendered":"https:\/\/biankatour.com\/?page_id=1185"},"modified":"2025-08-30T20:55:10","modified_gmt":"2025-08-30T20:55:10","slug":"about-us","status":"publish","type":"page","link":"https:\/\/biankatour.com\/de\/about-us\/","title":{"rendered":"\u00dcber uns"},"content":{"rendered":"<div data-elementor-type=\"wp-page\" data-elementor-id=\"1185\" class=\"elementor elementor-1185\" data-elementor-post-type=\"page\">\n\t\t\t\t<div class=\"elementor-element elementor-element-cf6822a e-flex e-con-boxed wpr-particle-no wpr-jarallax-no wpr-parallax-no wpr-sticky-section-no e-con e-parent\" data-id=\"cf6822a\" data-element_type=\"container\">\n\t\t\t\t\t<div class=\"e-con-inner\">\n\t\t\t\t<div class=\"elementor-element elementor-element-4e0dddc elementor-widget elementor-widget-html\" data-id=\"4e0dddc\" data-element_type=\"widget\" data-widget_type=\"html.default\">\n\t\t\t\t\t<!DOCTYPE html>\r\n<html lang=\"en\" dir=\"ltr\">\r\n<head>\r\n    <meta charset=\"UTF-8\">\r\n    <meta name=\"viewport\" content=\"width=device-width, initial-scale=1.0\">\r\n    <title>Bianka Tour - About Us<\/title>\r\n    <style>\r\n        * {\r\n            margin: 0;\r\n            padding: 0;\r\n            box-sizing: border-box;\r\n        }\r\n\r\n        .bianka-tour-section {\r\n            font-family: 'Segoe UI', Tahoma, Geneva, Verdana, sans-serif;\r\n            max-width: 1200px;\r\n            margin: 40px auto;\r\n            padding: 40px 20px;\r\n            background: #fff;\r\n            border-radius: 20px;\r\n            box-shadow: 0 10px 30px rgba(0, 0, 0, 0.1);\r\n            position: relative;\r\n            overflow: hidden;\r\n        }\r\n\r\n        .bianka-tour-section::before {\r\n            content: '';\r\n            position: absolute;\r\n            top: 0;\r\n            left: 0;\r\n            right: 0;\r\n            height: 4px;\r\n            background: linear-gradient(90deg, #4a90e2, #7b68ee, #ff6b6b, #4ecdc4);\r\n        }\r\n\r\n        .section-header {\r\n            text-align: center;\r\n            margin-bottom: 40px;\r\n        }\r\n\r\n        .section-title {\r\n            font-size: 2.5rem;\r\n            color: #2c3e50;\r\n            margin-bottom: 15px;\r\n            display: flex;\r\n            align-items: center;\r\n            justify-content: center;\r\n            gap: 15px;\r\n        }\r\n\r\n        .plane-icon {\r\n            font-size: 2rem;\r\n            color: #4a90e2;\r\n        }\r\n\r\n        .section-subtitle {\r\n            font-size: 1.1rem;\r\n            color: #666;\r\n            line-height: 1.8;\r\n            max-width: 800px;\r\n            margin: 0 auto;\r\n        }\r\n\r\n        .brand-name {\r\n            color: #4a90e2;\r\n            font-weight: bold;\r\n        }\r\n\r\n        .content-grid {\r\n            display: grid;\r\n            grid-template-columns: 1fr;\r\n            gap: 40px;\r\n            margin: 40px 0;\r\n        }\r\n\r\n        .content-card {\r\n            background: linear-gradient(135deg, #f8f9ff 0%, #fff 100%);\r\n            padding: 30px;\r\n            border-radius: 15px;\r\n            border-left: 5px solid #4a90e2;\r\n            transition: transform 0.3s ease, box-shadow 0.3s ease;\r\n        }\r\n\r\n        .content-card:hover {\r\n            transform: translateY(-5px);\r\n            box-shadow: 0 15px 35px rgba(0, 0, 0, 0.1);\r\n        }\r\n\r\n        .card-title {\r\n            font-size: 1.8rem;\r\n            color: #2c3e50;\r\n            margin-bottom: 20px;\r\n            display: flex;\r\n            align-items: center;\r\n            gap: 10px;\r\n        }\r\n\r\n        .card-icon {\r\n            font-size: 1.5rem;\r\n        }\r\n\r\n        .services-list {\r\n            list-style: none;\r\n            margin: 0;\r\n        }\r\n\r\n        .services-list li {\r\n            padding: 12px 0;\r\n            font-size: 1.1rem;\r\n            color: #555;\r\n            display: flex;\r\n            align-items: center;\r\n            gap: 15px;\r\n            border-bottom: 1px solid #f0f0f0;\r\n            transition: color 0.3s ease;\r\n        }\r\n\r\n        .services-list li:last-child {\r\n            border-bottom: none;\r\n        }\r\n\r\n        .services-list li:hover {\r\n            color: #4a90e2;\r\n        }\r\n\r\n        .service-emoji {\r\n            font-size: 1.2rem;\r\n            min-width: 25px;\r\n        }\r\n\r\n        .why-choose-list {\r\n            list-style: none;\r\n            display: grid;\r\n            grid-template-columns: repeat(auto-fit, minmax(250px, 1fr));\r\n            gap: 20px;\r\n            margin-top: 20px;\r\n        }\r\n\r\n        .why-choose-list li {\r\n            background: #fff;\r\n            padding: 20px;\r\n            border-radius: 10px;\r\n            box-shadow: 0 5px 15px rgba(0, 0, 0, 0.05);\r\n            font-size: 1rem;\r\n            color: #555;\r\n            transition: all 0.3s ease;\r\n            border: 2px solid transparent;\r\n        }\r\n\r\n        .why-choose-list li:hover {\r\n            border-color: #4a90e2;\r\n            transform: translateY(-2px);\r\n        }\r\n\r\n        .closing-statement {\r\n            text-align: center;\r\n            margin-top: 40px;\r\n            padding: 30px;\r\n            background: linear-gradient(135deg, #4a90e2 0%, #7b68ee 100%);\r\n            color: white;\r\n            border-radius: 15px;\r\n            font-size: 1.2rem;\r\n            line-height: 1.8;\r\n        }\r\n\r\n        .tagline {\r\n            margin-top: 20px;\r\n            font-size: 1.1rem;\r\n            font-style: italic;\r\n            opacity: 0.9;\r\n        }\r\n\r\n        @media (max-width: 768px) {\r\n            .bianka-tour-section {\r\n                margin: 20px 10px;\r\n                padding: 30px 15px;\r\n            }\r\n\r\n            .section-title {\r\n                font-size: 2rem;\r\n                flex-direction: column;\r\n                gap: 10px;\r\n            }\r\n\r\n            .content-card {\r\n                padding: 20px;\r\n            }\r\n\r\n            .card-title {\r\n                font-size: 1.5rem;\r\n                flex-direction: column;\r\n                align-items: flex-start;\r\n                gap: 10px;\r\n            }\r\n\r\n            .services-list li {\r\n                flex-direction: column;\r\n                align-items: flex-start;\r\n                gap: 8px;\r\n                padding: 15px 0;\r\n            }\r\n\r\n            .why-choose-list {\r\n                grid-template-columns: 1fr;\r\n            }\r\n        }\r\n\r\n        .highlight {\r\n            background: linear-gradient(120deg, #84fab0 0%, #8fd3f4 100%);\r\n            background-clip: text;\r\n            -webkit-background-clip: text;\r\n            -webkit-text-fill-color: transparent;\r\n            font-weight: bold;\r\n        }\r\n    <\/style>\r\n<\/head>\r\n<body>\r\n    <div class=\"bianka-tour-section\">\r\n        <div class=\"section-header\">\r\n            <h1 class=\"section-title\">\r\n                <span class=\"plane-icon\">\u2708\ufe0f<\/span>\r\n                About Us \u2013 <span class=\"brand-name\">Bianka Tour<\/span>\r\n            <\/h1>\r\n            <p class=\"section-subtitle\">\r\n                At <strong class=\"brand-name\">Bianka Tour<\/strong>, your journey is our passion. We believe that travel is more than just moving from one place to another \u2013 it's about creating <strong class=\"highlight\">memories that last a lifetime<\/strong>.\r\n                <br><br>\r\n                From local getaways to worldwide adventures, we craft each trip with care, ensuring it reflects your unique needs, dreams, and lifestyle.\r\n            <\/p>\r\n        <\/div>\r\n\r\n        <div class=\"content-grid\">\r\n            <div class=\"content-card\">\r\n                <h2 class=\"card-title\">\r\n                    <span class=\"card-icon\">\ud83c\udf0d<\/span>\r\n                    What We Do\r\n                <\/h2>\r\n                <p style=\"color: #666; margin-bottom: 20px; font-size: 1.1rem;\">\r\n                    We provide complete travel solutions tailored to you, including:\r\n                <\/p>\r\n                <ul class=\"services-list\">\r\n                    <li>\r\n                        <span class=\"service-emoji\">\u2728<\/span>\r\n                        <div>\r\n                            <strong>Tailor-made Tours<\/strong> \u2013 Individual & group trips designed around your interests.\r\n                        <\/div>\r\n                    <\/li>\r\n                    <li>\r\n                        <span class=\"service-emoji\">\ud83c\udfe8<\/span>\r\n                        <div>\r\n                            <strong>Complete Packages<\/strong> \u2013 Accommodation, transfers, sightseeing & more.\r\n                        <\/div>\r\n                    <\/li>\r\n                    <li>\r\n                        <span class=\"service-emoji\">\ud83d\udc8d<\/span>\r\n                        <div>\r\n                            <strong>Romantic Honeymoon Trips<\/strong> \u2013 Creating unforgettable beginnings.\r\n                        <\/div>\r\n                    <\/li>\r\n                    <li>\r\n                        <span class=\"service-emoji\">\ud83d\udc68\u200d\ud83d\udc69\u200d\ud83d\udc67\u200d\ud83d\udc66<\/span>\r\n                        <div>\r\n                            <strong>Family Holidays<\/strong> \u2013 Fun-filled experiences for all ages.\r\n                        <\/div>\r\n                    <\/li>\r\n                    <li>\r\n                        <span class=\"service-emoji\">\ud83c\udf92<\/span>\r\n                        <div>\r\n                            <strong>Youth & Adventure Tours<\/strong> \u2013 Thrilling journeys for explorers at heart.\r\n                        <\/div>\r\n                    <\/li>\r\n                <\/ul>\r\n            <\/div>\r\n\r\n            <div class=\"content-card\">\r\n                <h2 class=\"card-title\">\r\n                    <span class=\"card-icon\">\ud83d\udca1<\/span>\r\n                    Why Choose Us?\r\n                <\/h2>\r\n                <ul class=\"why-choose-list\">\r\n                    <li>Personalized service & attention to detail<\/li>\r\n                    <li>Expert planning for stress-free travel<\/li>\r\n                    <li>Unique experiences beyond the ordinary<\/li>\r\n                    <li>Commitment to making every trip unforgettable<\/li>\r\n                <\/ul>\r\n            <\/div>\r\n        <\/div>\r\n\r\n        <div class=\"closing-statement\">\r\n            <p>\r\n                At <strong>Bianka Tour<\/strong>, we don't just plan trips \u2013 \r\n                <strong>we create experiences that inspire, connect, and bring joy.<\/strong>\r\n            <\/p>\r\n            <p class=\"tagline\">\r\n                \ud83d\udd39 <em>Bianka Tour \u2026 Making Travel Easier, Making Memories Last.<\/em>\r\n            <\/p>\r\n        <\/div>\r\n    <\/div>\r\n<\/body>\r\n<\/html>\t\t\t\t<\/div>\n\t\t\t\t\t<\/div>\n\t\t\t\t<\/div>\n\t\t\t\t<section class=\"elementor-section elementor-top-section elementor-element elementor-element-b072894 elementor-section-boxed elementor-section-height-default elementor-section-height-default wpr-particle-no wpr-jarallax-no wpr-parallax-no wpr-sticky-section-no\" data-id=\"b072894\" data-element_type=\"section\">\n\t\t\t\t\t\t<div class=\"elementor-container elementor-column-gap-no\">\n\t\t\t\t\t<div class=\"elementor-column elementor-col-50 elementor-top-column elementor-element elementor-element-9a2580e\" data-id=\"9a2580e\" data-element_type=\"column\" data-settings=\"{&quot;background_background&quot;:&quot;classic&quot;}\">\n\t\t\t<div class=\"elementor-widget-wrap elementor-element-populated\">\n\t\t\t\t\t\t<div class=\"elementor-element elementor-element-c8d2a7c elementor-widget elementor-widget-tripgo_elementor_heading\" data-id=\"c8d2a7c\" data-element_type=\"widget\" data-widget_type=\"tripgo_elementor_heading.default\">\n\t\t\t\t<div class=\"elementor-widget-container\">\n\t\t\t\t\t\t\t<div class=\"ova-title\">\n\n\t\t\t\t\t\t\t<h3 class=\"sub-title\">Kundenbewertungen<\/h3>\n\t\t\t\n\t\t\t\n\t\t\t\n\t\t<\/div> \n\t\t \t\n\t\t\t\t\t\t<\/div>\n\t\t\t\t<\/div>\n\t\t\t\t<div class=\"elementor-element elementor-element-00c6f4a elementor-widget elementor-widget-tripgo_elementor_testimonial\" data-id=\"00c6f4a\" data-element_type=\"widget\" data-settings=\"{&quot;pause_on_hover&quot;:&quot;yes&quot;,&quot;infinite&quot;:&quot;yes&quot;,&quot;autoplay&quot;:&quot;yes&quot;,&quot;autoplay_speed&quot;:3000,&quot;dot_control&quot;:&quot;yes&quot;}\" data-widget_type=\"tripgo_elementor_testimonial.default\">\n\t\t\t\t<div class=\"elementor-widget-container\">\n\t\t\t\t\t\n\t\t<div class=\"ova-testimonial template_1\">\n\n            <div class=\"slide-for\">\n            \t            \t\t\t\t         \t    <div class=\"small-img\">\n\t\t\t\t\t\t\t<img decoding=\"async\" src=\"https:\/\/biankatour.com\/wp-content\/uploads\/2023\/10\/new-team03.jpg\" alt=\"Ahmed M\">\n\t\t\t\t\t\t<\/div>\t\n\t\t\t\t\t\t\t\t\t            \t\t\t\t         \t    <div class=\"small-img\">\n\t\t\t\t\t\t\t<img decoding=\"async\" src=\"https:\/\/biankatour.com\/wp-content\/uploads\/2023\/10\/new-team02.jpg\" alt=\"Mohamed K\">\n\t\t\t\t\t\t<\/div>\t\n\t\t\t\t\t\t\t\t\t            \t\t\t\t         \t    <div class=\"small-img\">\n\t\t\t\t\t\t\t<img decoding=\"async\" src=\"https:\/\/biankatour.com\/wp-content\/uploads\/2022\/07\/tony-mark.png\" alt=\"Nour &amp;\">\n\t\t\t\t\t\t<\/div>\t\n\t\t\t\t\t\t\t\t\t\t\t\t<\/div>\n\n\t\t\t<div class=\"slide-testimonials slide-testimonial-version1\" data-options=\"{&quot;pause_on_hover&quot;:true,&quot;loop&quot;:true,&quot;autoplay&quot;:true,&quot;autoplay_speed&quot;:3000,&quot;smartSpeed&quot;:500,&quot;dots&quot;:true,&quot;rtl&quot;:false}\">\n\t\t\t\t\t\t\t\t\t<div class=\"item\">\n\t\t\t\t\t\t<div class=\"client-info\">\n\t\t\t\t\t\t\t<div class=\"info\">\n\t\n\t\t\t\t\t\t\t\t\t\t\t\t\t\t\t\t\t<p class=\"ova-evaluate\">\n\t\t\t\t\t\t\t\t\t\tMeine Reise mit Bianka Tour war einfach fantastisch! Vom Flug bis zur Unterkunft war alles perfekt organisiert. Wirklich unvergesslich.\t\t\t\t\t\t\t\t\t<\/p>\n\t\t\t\t\t\t\t\t\n\t\t\t\t\t\t\t\t<div class=\"name-job\">\n\t\t\t\t\t\t\t\t\t<div class=\"quote\">\n\t\t\t\t\t\t\t\t\t\t<i aria-hidden=\"true\" class=\"icomoon icomoon-quote-outline\"><\/i>\t\t\t\t\t\t\t\t\t<\/div>\n\n\t\t\t\t\t\t\t\t\t<div class=\"name_job\">\n\t\t\t\t\t\t\t\t\t\t\t\t\t\t\t\t\t\t\t\t\t<h6 class=\"name second_font\">\n\t\t\t\t\t\t\t\t\t\t\t\tAhmed M\t\t\t\t\t\t\t\t\t\t\t<\/h6>\n\t\t\t\t\t\t\t\t\t\t\n\t\t\t\t\t\t\t\t\t\t\t\t\t\t\t\t\t\t\t<\/div>\n\t\t\t\t\t\t\t\t<\/div>\n\t\t\t\t\t\t\t<\/div>\n\t\t\t\t\t\t<\/div>\n\t\t\t\t\t<\/div>\n\t\t\t\t\t\t\t\t\t<div class=\"item\">\n\t\t\t\t\t\t<div class=\"client-info\">\n\t\t\t\t\t\t\t<div class=\"info\">\n\t\n\t\t\t\t\t\t\t\t\t\t\t\t\t\t\t\t\t<p class=\"ova-evaluate\">\n\t\t\t\t\t\t\t\t\t\tDas beste Reiseb\u00fcro, mit dem ich je zu tun hatte. Professionelles Team, exzellenter Kundenservice und eine sehr angenehme Reise zu einem fairen Preis.\t\t\t\t\t\t\t\t\t<\/p>\n\t\t\t\t\t\t\t\t\n\t\t\t\t\t\t\t\t<div class=\"name-job\">\n\t\t\t\t\t\t\t\t\t<div class=\"quote\">\n\t\t\t\t\t\t\t\t\t\t<i aria-hidden=\"true\" class=\"icomoon icomoon-quote-outline\"><\/i>\t\t\t\t\t\t\t\t\t<\/div>\n\n\t\t\t\t\t\t\t\t\t<div class=\"name_job\">\n\t\t\t\t\t\t\t\t\t\t\t\t\t\t\t\t\t\t\t\t\t<h6 class=\"name second_font\">\n\t\t\t\t\t\t\t\t\t\t\t\tMohamed K\t\t\t\t\t\t\t\t\t\t\t<\/h6>\n\t\t\t\t\t\t\t\t\t\t\n\t\t\t\t\t\t\t\t\t\t\t\t\t\t\t\t\t\t\t<\/div>\n\t\t\t\t\t\t\t\t<\/div>\n\t\t\t\t\t\t\t<\/div>\n\t\t\t\t\t\t<\/div>\n\t\t\t\t\t<\/div>\n\t\t\t\t\t\t\t\t\t<div class=\"item\">\n\t\t\t\t\t\t<div class=\"client-info\">\n\t\t\t\t\t\t\t<div class=\"info\">\n\t\n\t\t\t\t\t\t\t\t\t\t\t\t\t\t\t\t\t<p class=\"ova-evaluate\">\n\t\t\t\t\t\t\t\t\t\tUnsere Flitterwochen mit Bianka Tour waren ein wahrgewordener Traum. Alles hat unsere Erwartungen \u00fcbertroffen. Vielen Dank f\u00fcr die sch\u00f6nen Erinnerungen.\t\t\t\t\t\t\t\t\t<\/p>\n\t\t\t\t\t\t\t\t\n\t\t\t\t\t\t\t\t<div class=\"name-job\">\n\t\t\t\t\t\t\t\t\t<div class=\"quote\">\n\t\t\t\t\t\t\t\t\t\t<i aria-hidden=\"true\" class=\"icomoon icomoon-quote-outline\"><\/i>\t\t\t\t\t\t\t\t\t<\/div>\n\n\t\t\t\t\t\t\t\t\t<div class=\"name_job\">\n\t\t\t\t\t\t\t\t\t\t\t\t\t\t\t\t\t\t\t\t\t<h6 class=\"name second_font\">\n\t\t\t\t\t\t\t\t\t\t\t\tNour &amp;\t\t\t\t\t\t\t\t\t\t\t<\/h6>\n\t\t\t\t\t\t\t\t\t\t\n\t\t\t\t\t\t\t\t\t\t\t\t\t\t\t\t\t\t\t<\/div>\n\t\t\t\t\t\t\t\t<\/div>\n\t\t\t\t\t\t\t<\/div>\n\t\t\t\t\t\t<\/div>\n\t\t\t\t\t<\/div>\n\t\t\t\t\t\t\t<\/div>\n\n\t\t<\/div>\n\n\t\t\t\t\t<\/div>\n\t\t\t\t<\/div>\n\t\t\t\t\t<\/div>\n\t\t<\/div>\n\t\t\t\t<div class=\"elementor-column elementor-col-50 elementor-top-column elementor-element elementor-element-8be2328\" data-id=\"8be2328\" data-element_type=\"column\">\n\t\t\t<div class=\"elementor-widget-wrap elementor-element-populated\">\n\t\t\t\t\t\t<div class=\"elementor-element elementor-element-9e2f1e2 elementor-widget elementor-widget-image\" data-id=\"9e2f1e2\" data-element_type=\"widget\" data-widget_type=\"image.default\">\n\t\t\t\t\t\t\t\t\t\t\t\t\t\t\t<img fetchpriority=\"high\" decoding=\"async\" width=\"636\" height=\"426\" src=\"https:\/\/biankatour.com\/wp-content\/uploads\/2022\/08\/Dolphin-World-Show3-636x426-1.webp\" class=\"attachment-large size-large wp-image-9524\" alt=\"\" srcset=\"https:\/\/biankatour.com\/wp-content\/uploads\/2022\/08\/Dolphin-World-Show3-636x426-1.webp 636w, https:\/\/biankatour.com\/wp-content\/uploads\/2022\/08\/Dolphin-World-Show3-636x426-1-600x402.webp 600w, https:\/\/biankatour.com\/wp-content\/uploads\/2022\/08\/Dolphin-World-Show3-636x426-1-300x201.webp 300w, https:\/\/biankatour.com\/wp-content\/uploads\/2022\/08\/Dolphin-World-Show3-636x426-1-416x280.webp 416w\" sizes=\"(max-width: 636px) 100vw, 636px\" \/>\t\t\t\t\t\t\t\t\t\t\t\t\t\t\t<\/div>\n\t\t\t\t\t<\/div>\n\t\t<\/div>\n\t\t\t\t\t<\/div>\n\t\t<\/section>\n\t\t\t\t<\/div>","protected":false},"excerpt":{"rendered":"<p>Bianka Tour &#8211; About Us \u2708\ufe0f About Us \u2013 Bianka Tour At Bianka Tour, your journey is our passion. We believe that travel is more than just moving from one place to another \u2013 it&#8217;s about creating memories that last a lifetime. From local getaways to worldwide adventures, we craft each trip with care, ensuring it reflects your unique needs, dreams, and lifestyle. \ud83c\udf0d What We Do We provide complete travel solutions tailored to you, including: \u2728 Tailor-made Tours \u2013 Individual &#038; group trips designed around your interests. \ud83c\udfe8 Complete Packages \u2013 Accommodation, transfers, sightseeing &#038; more. \ud83d\udc8d Romantic Honeymoon Trips \u2013 Creating unforgettable beginnings. \ud83d\udc68\u200d\ud83d\udc69\u200d\ud83d\udc67\u200d\ud83d\udc66 Family Holidays \u2013 Fun-filled experiences for all ages. \ud83c\udf92 Youth &#038; Adventure Tours \u2013 Thrilling journeys for explorers at heart. \ud83d\udca1 Why Choose Us? Personalized service &#038; attention to detail Expert planning for stress-free travel Unique experiences beyond the ordinary Commitment to making every trip unforgettable At Bianka Tour, we don&#8217;t just plan trips \u2013 we create experiences that inspire, connect, and bring joy. \ud83d\udd39 Bianka Tour \u2026 Making Travel Easier, Making Memories Last. Client reviews My trip with Bianka Tour was absolutely amazing! Everything was perfectly organized from flights to accommodation. Truly unforgettable. Ahmed M The best travel agency I\u2019ve ever dealt with. Professional team, excellent customer service, and a very enjoyable trip at a fair price. Mohamed K Our honeymoon with Bianka Tour was a dream come true. Everything exceeded our expectations. Thank you for the beautiful memories. Nour &amp;<\/p>","protected":false},"author":1,"featured_media":0,"parent":0,"menu_order":0,"comment_status":"closed","ping_status":"closed","template":"elementor_header_footer","meta":{"footnotes":""},"class_list":["post-1185","page","type-page","status-publish","hentry"],"acf":[],"_links":{"self":[{"href":"https:\/\/biankatour.com\/de\/wp-json\/wp\/v2\/pages\/1185","targetHints":{"allow":["GET"]}}],"collection":[{"href":"https:\/\/biankatour.com\/de\/wp-json\/wp\/v2\/pages"}],"about":[{"href":"https:\/\/biankatour.com\/de\/wp-json\/wp\/v2\/types\/page"}],"author":[{"embeddable":true,"href":"https:\/\/biankatour.com\/de\/wp-json\/wp\/v2\/users\/1"}],"replies":[{"embeddable":true,"href":"https:\/\/biankatour.com\/de\/wp-json\/wp\/v2\/comments?post=1185"}],"version-history":[{"count":5,"href":"https:\/\/biankatour.com\/de\/wp-json\/wp\/v2\/pages\/1185\/revisions"}],"predecessor-version":[{"id":9644,"href":"https:\/\/biankatour.com\/de\/wp-json\/wp\/v2\/pages\/1185\/revisions\/9644"}],"wp:attachment":[{"href":"https:\/\/biankatour.com\/de\/wp-json\/wp\/v2\/media?parent=1185"}],"curies":[{"name":"wp","href":"https:\/\/api.w.org\/{rel}","templated":true}]}}